{"id":15294,"date":"2021-03-24T12:20:50","date_gmt":"2021-03-24T12:20:50","guid":{"rendered":"https:\/\/www.havos.cz\/?post_type=product&#038;p=15294"},"modified":"2021-03-24T12:22:27","modified_gmt":"2021-03-24T12:22:27","slug":"b18b-slope-profile-wall","status":"publish","type":"product","link":"https:\/\/www.havos.cz\/en\/produkt\/b18b-slope-profile-wall\/","title":{"rendered":"B18b SLOPE PROFILE \u2013 WALL"},"content":{"rendered":null,"protected":false},"excerpt":{"rendered":"","protected":false},"featured_media":15130,"template":"","meta":{"_acf_changed":false,"_links_to":"","_links_to_target":""},"product_brand":[],"product_cat":[851],"product_tag":[],"class_list":{"0":"post-15294","1":"product","2":"type-product","3":"status-publish","4":"has-post-thumbnail","6":"product_cat-gravity-bar","8":"first","9":"instock","10":"shipping-taxable","11":"purchasable","12":"product-type-variable"},"acf":[],"yoast_head":"<!-- This site is optimized with the Yoast SEO plugin v26.4 - https:\/\/yoast.com\/wordpress\/plugins\/seo\/ -->\n<title>B18b SLOPE PROFILE \u2013 WALL - Havos<\/title>\n<meta name=\"robots\" content=\"index, follow, max-snippet:-1, max-image-preview:large, max-video-preview:-1\" \/>\n<link rel=\"canonical\" href=\"https:\/\/www.havos.cz\/produkt\/b18b-spadovy-profil-stenovy\/\" \/>\n<meta property=\"og:locale\" content=\"en_US\" \/>\n<meta property=\"og:type\" content=\"article\" \/>\n<meta property=\"og:title\" content=\"B18b SLOPE PROFILE \u2013 WALL - Havos\" \/>\n<meta property=\"og:url\" content=\"https:\/\/www.havos.cz\/produkt\/b18b-spadovy-profil-stenovy\/\" \/>\n<meta property=\"og:site_name\" content=\"Havos\" \/>\n<meta property=\"article:modified_time\" content=\"2021-03-24T12:22:27+00:00\" \/>\n<meta property=\"og:image\" content=\"https:\/\/www.havos.cz\/wp-content\/uploads\/2021\/03\/spadovka.jpeg\" \/>\n\t<meta property=\"og:image:width\" content=\"838\" \/>\n\t<meta property=\"og:image:height\" content=\"542\" \/>\n\t<meta property=\"og:image:type\" content=\"image\/jpeg\" \/>\n<meta name=\"twitter:card\" content=\"summary_large_image\" \/>\n<script type=\"application\/ld+json\" class=\"yoast-schema-graph\">{\"@context\":\"https:\/\/schema.org\",\"@graph\":[{\"@type\":\"WebPage\",\"@id\":\"https:\/\/www.havos.cz\/produkt\/b18b-spadovy-profil-stenovy\/\",\"url\":\"https:\/\/www.havos.cz\/produkt\/b18b-spadovy-profil-stenovy\/\",\"name\":\"B18b SLOPE PROFILE \u2013 WALL - Havos\",\"isPartOf\":{\"@id\":\"https:\/\/www.havos.cz\/en\/#website\"},\"primaryImageOfPage\":{\"@id\":\"https:\/\/www.havos.cz\/produkt\/b18b-spadovy-profil-stenovy\/#primaryimage\"},\"image\":{\"@id\":\"https:\/\/www.havos.cz\/produkt\/b18b-spadovy-profil-stenovy\/#primaryimage\"},\"thumbnailUrl\":\"https:\/\/www.havos.cz\/wp-content\/uploads\/2021\/03\/spadovka.jpeg\",\"datePublished\":\"2021-03-24T12:20:50+00:00\",\"dateModified\":\"2021-03-24T12:22:27+00:00\",\"breadcrumb\":{\"@id\":\"https:\/\/www.havos.cz\/produkt\/b18b-spadovy-profil-stenovy\/#breadcrumb\"},\"inLanguage\":\"en-US\",\"potentialAction\":[{\"@type\":\"ReadAction\",\"target\":[\"https:\/\/www.havos.cz\/produkt\/b18b-spadovy-profil-stenovy\/\"]}]},{\"@type\":\"ImageObject\",\"inLanguage\":\"en-US\",\"@id\":\"https:\/\/www.havos.cz\/produkt\/b18b-spadovy-profil-stenovy\/#primaryimage\",\"url\":\"https:\/\/www.havos.cz\/wp-content\/uploads\/2021\/03\/spadovka.jpeg\",\"contentUrl\":\"https:\/\/www.havos.cz\/wp-content\/uploads\/2021\/03\/spadovka.jpeg\",\"width\":838,\"height\":542},{\"@type\":\"BreadcrumbList\",\"@id\":\"https:\/\/www.havos.cz\/produkt\/b18b-spadovy-profil-stenovy\/#breadcrumb\",\"itemListElement\":[{\"@type\":\"ListItem\",\"position\":1,\"name\":\"Home\",\"item\":\"https:\/\/www.havos.cz\/en\/\"},{\"@type\":\"ListItem\",\"position\":2,\"name\":\"Shop\",\"item\":\"https:\/\/www.havos.cz\/en\/shop\/\"},{\"@type\":\"ListItem\",\"position\":3,\"name\":\"B18b SLOPE PROFILE \u2013 WALL\"}]},{\"@type\":\"WebSite\",\"@id\":\"https:\/\/www.havos.cz\/en\/#website\",\"url\":\"https:\/\/www.havos.cz\/en\/\",\"name\":\"Havos\",\"description\":\"Li\u0161ty vyr\u00e1b\u011bn\u00e9 z hlin\u00edku, mosazi, oceli a PVC\",\"publisher\":{\"@id\":\"https:\/\/www.havos.cz\/en\/#organization\"},\"potentialAction\":[{\"@type\":\"SearchAction\",\"target\":{\"@type\":\"EntryPoint\",\"urlTemplate\":\"https:\/\/www.havos.cz\/en\/?s={search_term_string}\"},\"query-input\":{\"@type\":\"PropertyValueSpecification\",\"valueRequired\":true,\"valueName\":\"search_term_string\"}}],\"inLanguage\":\"en-US\"},{\"@type\":\"Organization\",\"@id\":\"https:\/\/www.havos.cz\/en\/#organization\",\"name\":\"Havos s.r.o.\",\"url\":\"https:\/\/www.havos.cz\/en\/\",\"logo\":{\"@type\":\"ImageObject\",\"inLanguage\":\"en-US\",\"@id\":\"https:\/\/www.havos.cz\/en\/#\/schema\/logo\/image\/\",\"url\":\"https:\/\/i0.wp.com\/www.havos.cz\/wp-content\/uploads\/2020\/03\/logo.jpg?fit=274%2C33&ssl=1\",\"contentUrl\":\"https:\/\/i0.wp.com\/www.havos.cz\/wp-content\/uploads\/2020\/03\/logo.jpg?fit=274%2C33&ssl=1\",\"width\":274,\"height\":33,\"caption\":\"Havos s.r.o.\"},\"image\":{\"@id\":\"https:\/\/www.havos.cz\/en\/#\/schema\/logo\/image\/\"}}]}<\/script>\n<!-- \/ Yoast SEO plugin. -->","yoast_head_json":{"title":"B18b SLOPE PROFILE \u2013 WALL - Havos","robots":{"index":"index","follow":"follow","max-snippet":"max-snippet:-1","max-image-preview":"max-image-preview:large","max-video-preview":"max-video-preview:-1"},"canonical":"https:\/\/www.havos.cz\/produkt\/b18b-spadovy-profil-stenovy\/","og_locale":"en_US","og_type":"article","og_title":"B18b SLOPE PROFILE \u2013 WALL - Havos","og_url":"https:\/\/www.havos.cz\/produkt\/b18b-spadovy-profil-stenovy\/","og_site_name":"Havos","article_modified_time":"2021-03-24T12:22:27+00:00","og_image":[{"width":838,"height":542,"url":"https:\/\/www.havos.cz\/wp-content\/uploads\/2021\/03\/spadovka.jpeg","type":"image\/jpeg"}],"twitter_card":"summary_large_image","schema":{"@context":"https:\/\/schema.org","@graph":[{"@type":"WebPage","@id":"https:\/\/www.havos.cz\/produkt\/b18b-spadovy-profil-stenovy\/","url":"https:\/\/www.havos.cz\/produkt\/b18b-spadovy-profil-stenovy\/","name":"B18b SLOPE PROFILE \u2013 WALL - Havos","isPartOf":{"@id":"https:\/\/www.havos.cz\/en\/#website"},"primaryImageOfPage":{"@id":"https:\/\/www.havos.cz\/produkt\/b18b-spadovy-profil-stenovy\/#primaryimage"},"image":{"@id":"https:\/\/www.havos.cz\/produkt\/b18b-spadovy-profil-stenovy\/#primaryimage"},"thumbnailUrl":"https:\/\/www.havos.cz\/wp-content\/uploads\/2021\/03\/spadovka.jpeg","datePublished":"2021-03-24T12:20:50+00:00","dateModified":"2021-03-24T12:22:27+00:00","breadcrumb":{"@id":"https:\/\/www.havos.cz\/produkt\/b18b-spadovy-profil-stenovy\/#breadcrumb"},"inLanguage":"en-US","potentialAction":[{"@type":"ReadAction","target":["https:\/\/www.havos.cz\/produkt\/b18b-spadovy-profil-stenovy\/"]}]},{"@type":"ImageObject","inLanguage":"en-US","@id":"https:\/\/www.havos.cz\/produkt\/b18b-spadovy-profil-stenovy\/#primaryimage","url":"https:\/\/www.havos.cz\/wp-content\/uploads\/2021\/03\/spadovka.jpeg","contentUrl":"https:\/\/www.havos.cz\/wp-content\/uploads\/2021\/03\/spadovka.jpeg","width":838,"height":542},{"@type":"BreadcrumbList","@id":"https:\/\/www.havos.cz\/produkt\/b18b-spadovy-profil-stenovy\/#breadcrumb","itemListElement":[{"@type":"ListItem","position":1,"name":"Home","item":"https:\/\/www.havos.cz\/en\/"},{"@type":"ListItem","position":2,"name":"Shop","item":"https:\/\/www.havos.cz\/en\/shop\/"},{"@type":"ListItem","position":3,"name":"B18b SLOPE PROFILE \u2013 WALL"}]},{"@type":"WebSite","@id":"https:\/\/www.havos.cz\/en\/#website","url":"https:\/\/www.havos.cz\/en\/","name":"Havos","description":"Li\u0161ty vyr\u00e1b\u011bn\u00e9 z hlin\u00edku, mosazi, oceli a PVC","publisher":{"@id":"https:\/\/www.havos.cz\/en\/#organization"},"potentialAction":[{"@type":"SearchAction","target":{"@type":"EntryPoint","urlTemplate":"https:\/\/www.havos.cz\/en\/?s={search_term_string}"},"query-input":{"@type":"PropertyValueSpecification","valueRequired":true,"valueName":"search_term_string"}}],"inLanguage":"en-US"},{"@type":"Organization","@id":"https:\/\/www.havos.cz\/en\/#organization","name":"Havos s.r.o.","url":"https:\/\/www.havos.cz\/en\/","logo":{"@type":"ImageObject","inLanguage":"en-US","@id":"https:\/\/www.havos.cz\/en\/#\/schema\/logo\/image\/","url":"https:\/\/i0.wp.com\/www.havos.cz\/wp-content\/uploads\/2020\/03\/logo.jpg?fit=274%2C33&ssl=1","contentUrl":"https:\/\/i0.wp.com\/www.havos.cz\/wp-content\/uploads\/2020\/03\/logo.jpg?fit=274%2C33&ssl=1","width":274,"height":33,"caption":"Havos s.r.o."},"image":{"@id":"https:\/\/www.havos.cz\/en\/#\/schema\/logo\/image\/"}}]}},"_links":{"self":[{"href":"https:\/\/www.havos.cz\/en\/wp-json\/wp\/v2\/product\/15294","targetHints":{"allow":["GET"]}}],"collection":[{"href":"https:\/\/www.havos.cz\/en\/wp-json\/wp\/v2\/product"}],"about":[{"href":"https:\/\/www.havos.cz\/en\/wp-json\/wp\/v2\/types\/product"}],"wp:featuredmedia":[{"embeddable":true,"href":"https:\/\/www.havos.cz\/en\/wp-json\/wp\/v2\/media\/15130"}],"wp:attachment":[{"href":"https:\/\/www.havos.cz\/en\/wp-json\/wp\/v2\/media?parent=15294"}],"wp:term":[{"taxonomy":"product_brand","embeddable":true,"href":"https:\/\/www.havos.cz\/en\/wp-json\/wp\/v2\/product_brand?post=15294"},{"taxonomy":"product_cat","embeddable":true,"href":"https:\/\/www.havos.cz\/en\/wp-json\/wp\/v2\/product_cat?post=15294"},{"taxonomy":"product_tag","embeddable":true,"href":"https:\/\/www.havos.cz\/en\/wp-json\/wp\/v2\/product_tag?post=15294"}],"curies":[{"name":"wp","href":"https:\/\/api.w.org\/{rel}","templated":true}]}}