{"id":14734,"date":"2020-02-03T00:00:00","date_gmt":"2020-02-03T00:00:00","guid":{"rendered":"https:\/\/www.havos.cz\/?post_type=product&#038;p=14734"},"modified":"2020-05-14T08:20:20","modified_gmt":"2020-05-14T08:20:20","slug":"b03-round-edge-profile-curl-masiv","status":"publish","type":"product","link":"https:\/\/www.havos.cz\/en\/produkt\/b03-round-edge-profile-curl-masiv\/","title":{"rendered":"B03 ROUND EDGE PROFILE &#8211; CURL MASIV"},"content":{"rendered":null,"protected":false},"excerpt":{"rendered":"","protected":false},"featured_media":14349,"template":"","meta":{"_acf_changed":false,"_links_to":"","_links_to_target":""},"product_brand":[],"product_cat":[365,825],"product_tag":[],"class_list":{"0":"post-14734","1":"product","2":"type-product","3":"status-publish","4":"has-post-thumbnail","6":"product_cat-metal-trims","7":"product_cat-round-edge-profile","9":"first","10":"instock","11":"shipping-taxable","12":"purchasable","13":"product-type-variable"},"acf":[],"yoast_head":"<!-- This site is optimized with the Yoast SEO plugin v26.4 - https:\/\/yoast.com\/wordpress\/plugins\/seo\/ -->\n<title>B03 ROUND EDGE PROFILE - CURL MASIV - Havos<\/title>\n<meta name=\"robots\" content=\"index, follow, max-snippet:-1, max-image-preview:large, max-video-preview:-1\" \/>\n<link rel=\"canonical\" href=\"https:\/\/www.havos.cz\/produkt\/b03a-ukoncovaci-profil-obloucek-masiv\/\" \/>\n<meta property=\"og:locale\" content=\"en_US\" \/>\n<meta property=\"og:type\" content=\"article\" \/>\n<meta property=\"og:title\" content=\"B03 ROUND EDGE PROFILE - CURL MASIV - Havos\" \/>\n<meta property=\"og:url\" content=\"https:\/\/www.havos.cz\/produkt\/b03a-ukoncovaci-profil-obloucek-masiv\/\" \/>\n<meta property=\"og:site_name\" content=\"Havos\" \/>\n<meta property=\"article:modified_time\" content=\"2020-05-14T08:20:20+00:00\" \/>\n<meta property=\"og:image\" content=\"https:\/\/www.havos.cz\/wp-content\/uploads\/2020\/02\/b03a_1_.jpg\" \/>\n\t<meta property=\"og:image:width\" content=\"1700\" \/>\n\t<meta property=\"og:image:height\" content=\"720\" \/>\n\t<meta property=\"og:image:type\" content=\"image\/jpeg\" \/>\n<meta name=\"twitter:card\" content=\"summary_large_image\" \/>\n<script type=\"application\/ld+json\" class=\"yoast-schema-graph\">{\"@context\":\"https:\/\/schema.org\",\"@graph\":[{\"@type\":\"WebPage\",\"@id\":\"https:\/\/www.havos.cz\/produkt\/b03a-ukoncovaci-profil-obloucek-masiv\/\",\"url\":\"https:\/\/www.havos.cz\/produkt\/b03a-ukoncovaci-profil-obloucek-masiv\/\",\"name\":\"B03 ROUND EDGE PROFILE - CURL MASIV - Havos\",\"isPartOf\":{\"@id\":\"https:\/\/www.havos.cz\/en\/#website\"},\"primaryImageOfPage\":{\"@id\":\"https:\/\/www.havos.cz\/produkt\/b03a-ukoncovaci-profil-obloucek-masiv\/#primaryimage\"},\"image\":{\"@id\":\"https:\/\/www.havos.cz\/produkt\/b03a-ukoncovaci-profil-obloucek-masiv\/#primaryimage\"},\"thumbnailUrl\":\"https:\/\/www.havos.cz\/wp-content\/uploads\/2020\/02\/b03a_1_-e1715075865522.jpg\",\"datePublished\":\"2020-02-03T00:00:00+00:00\",\"dateModified\":\"2020-05-14T08:20:20+00:00\",\"breadcrumb\":{\"@id\":\"https:\/\/www.havos.cz\/produkt\/b03a-ukoncovaci-profil-obloucek-masiv\/#breadcrumb\"},\"inLanguage\":\"en-US\",\"potentialAction\":[{\"@type\":\"ReadAction\",\"target\":[\"https:\/\/www.havos.cz\/produkt\/b03a-ukoncovaci-profil-obloucek-masiv\/\"]}]},{\"@type\":\"ImageObject\",\"inLanguage\":\"en-US\",\"@id\":\"https:\/\/www.havos.cz\/produkt\/b03a-ukoncovaci-profil-obloucek-masiv\/#primaryimage\",\"url\":\"https:\/\/www.havos.cz\/wp-content\/uploads\/2020\/02\/b03a_1_-e1715075865522.jpg\",\"contentUrl\":\"https:\/\/www.havos.cz\/wp-content\/uploads\/2020\/02\/b03a_1_-e1715075865522.jpg\",\"width\":1700,\"height\":720},{\"@type\":\"BreadcrumbList\",\"@id\":\"https:\/\/www.havos.cz\/produkt\/b03a-ukoncovaci-profil-obloucek-masiv\/#breadcrumb\",\"itemListElement\":[{\"@type\":\"ListItem\",\"position\":1,\"name\":\"Home\",\"item\":\"https:\/\/www.havos.cz\/en\/\"},{\"@type\":\"ListItem\",\"position\":2,\"name\":\"Shop\",\"item\":\"https:\/\/www.havos.cz\/en\/shop\/\"},{\"@type\":\"ListItem\",\"position\":3,\"name\":\"B03 ROUND EDGE PROFILE &#8211; CURL MASIV\"}]},{\"@type\":\"WebSite\",\"@id\":\"https:\/\/www.havos.cz\/en\/#website\",\"url\":\"https:\/\/www.havos.cz\/en\/\",\"name\":\"Havos\",\"description\":\"Li\u0161ty vyr\u00e1b\u011bn\u00e9 z hlin\u00edku, mosazi, oceli a PVC\",\"publisher\":{\"@id\":\"https:\/\/www.havos.cz\/en\/#organization\"},\"potentialAction\":[{\"@type\":\"SearchAction\",\"target\":{\"@type\":\"EntryPoint\",\"urlTemplate\":\"https:\/\/www.havos.cz\/en\/?s={search_term_string}\"},\"query-input\":{\"@type\":\"PropertyValueSpecification\",\"valueRequired\":true,\"valueName\":\"search_term_string\"}}],\"inLanguage\":\"en-US\"},{\"@type\":\"Organization\",\"@id\":\"https:\/\/www.havos.cz\/en\/#organization\",\"name\":\"Havos s.r.o.\",\"url\":\"https:\/\/www.havos.cz\/en\/\",\"logo\":{\"@type\":\"ImageObject\",\"inLanguage\":\"en-US\",\"@id\":\"https:\/\/www.havos.cz\/en\/#\/schema\/logo\/image\/\",\"url\":\"https:\/\/i0.wp.com\/www.havos.cz\/wp-content\/uploads\/2020\/03\/logo.jpg?fit=274%2C33&ssl=1\",\"contentUrl\":\"https:\/\/i0.wp.com\/www.havos.cz\/wp-content\/uploads\/2020\/03\/logo.jpg?fit=274%2C33&ssl=1\",\"width\":274,\"height\":33,\"caption\":\"Havos s.r.o.\"},\"image\":{\"@id\":\"https:\/\/www.havos.cz\/en\/#\/schema\/logo\/image\/\"}}]}<\/script>\n<!-- \/ Yoast SEO plugin. -->","yoast_head_json":{"title":"B03 ROUND EDGE PROFILE - CURL MASIV - Havos","robots":{"index":"index","follow":"follow","max-snippet":"max-snippet:-1","max-image-preview":"max-image-preview:large","max-video-preview":"max-video-preview:-1"},"canonical":"https:\/\/www.havos.cz\/produkt\/b03a-ukoncovaci-profil-obloucek-masiv\/","og_locale":"en_US","og_type":"article","og_title":"B03 ROUND EDGE PROFILE - CURL MASIV - Havos","og_url":"https:\/\/www.havos.cz\/produkt\/b03a-ukoncovaci-profil-obloucek-masiv\/","og_site_name":"Havos","article_modified_time":"2020-05-14T08:20:20+00:00","og_image":[{"width":1700,"height":720,"url":"https:\/\/www.havos.cz\/wp-content\/uploads\/2020\/02\/b03a_1_.jpg","type":"image\/jpeg"}],"twitter_card":"summary_large_image","schema":{"@context":"https:\/\/schema.org","@graph":[{"@type":"WebPage","@id":"https:\/\/www.havos.cz\/produkt\/b03a-ukoncovaci-profil-obloucek-masiv\/","url":"https:\/\/www.havos.cz\/produkt\/b03a-ukoncovaci-profil-obloucek-masiv\/","name":"B03 ROUND EDGE PROFILE - CURL MASIV - Havos","isPartOf":{"@id":"https:\/\/www.havos.cz\/en\/#website"},"primaryImageOfPage":{"@id":"https:\/\/www.havos.cz\/produkt\/b03a-ukoncovaci-profil-obloucek-masiv\/#primaryimage"},"image":{"@id":"https:\/\/www.havos.cz\/produkt\/b03a-ukoncovaci-profil-obloucek-masiv\/#primaryimage"},"thumbnailUrl":"https:\/\/www.havos.cz\/wp-content\/uploads\/2020\/02\/b03a_1_-e1715075865522.jpg","datePublished":"2020-02-03T00:00:00+00:00","dateModified":"2020-05-14T08:20:20+00:00","breadcrumb":{"@id":"https:\/\/www.havos.cz\/produkt\/b03a-ukoncovaci-profil-obloucek-masiv\/#breadcrumb"},"inLanguage":"en-US","potentialAction":[{"@type":"ReadAction","target":["https:\/\/www.havos.cz\/produkt\/b03a-ukoncovaci-profil-obloucek-masiv\/"]}]},{"@type":"ImageObject","inLanguage":"en-US","@id":"https:\/\/www.havos.cz\/produkt\/b03a-ukoncovaci-profil-obloucek-masiv\/#primaryimage","url":"https:\/\/www.havos.cz\/wp-content\/uploads\/2020\/02\/b03a_1_-e1715075865522.jpg","contentUrl":"https:\/\/www.havos.cz\/wp-content\/uploads\/2020\/02\/b03a_1_-e1715075865522.jpg","width":1700,"height":720},{"@type":"BreadcrumbList","@id":"https:\/\/www.havos.cz\/produkt\/b03a-ukoncovaci-profil-obloucek-masiv\/#breadcrumb","itemListElement":[{"@type":"ListItem","position":1,"name":"Home","item":"https:\/\/www.havos.cz\/en\/"},{"@type":"ListItem","position":2,"name":"Shop","item":"https:\/\/www.havos.cz\/en\/shop\/"},{"@type":"ListItem","position":3,"name":"B03 ROUND EDGE PROFILE &#8211; CURL MASIV"}]},{"@type":"WebSite","@id":"https:\/\/www.havos.cz\/en\/#website","url":"https:\/\/www.havos.cz\/en\/","name":"Havos","description":"Li\u0161ty vyr\u00e1b\u011bn\u00e9 z hlin\u00edku, mosazi, oceli a PVC","publisher":{"@id":"https:\/\/www.havos.cz\/en\/#organization"},"potentialAction":[{"@type":"SearchAction","target":{"@type":"EntryPoint","urlTemplate":"https:\/\/www.havos.cz\/en\/?s={search_term_string}"},"query-input":{"@type":"PropertyValueSpecification","valueRequired":true,"valueName":"search_term_string"}}],"inLanguage":"en-US"},{"@type":"Organization","@id":"https:\/\/www.havos.cz\/en\/#organization","name":"Havos s.r.o.","url":"https:\/\/www.havos.cz\/en\/","logo":{"@type":"ImageObject","inLanguage":"en-US","@id":"https:\/\/www.havos.cz\/en\/#\/schema\/logo\/image\/","url":"https:\/\/i0.wp.com\/www.havos.cz\/wp-content\/uploads\/2020\/03\/logo.jpg?fit=274%2C33&ssl=1","contentUrl":"https:\/\/i0.wp.com\/www.havos.cz\/wp-content\/uploads\/2020\/03\/logo.jpg?fit=274%2C33&ssl=1","width":274,"height":33,"caption":"Havos s.r.o."},"image":{"@id":"https:\/\/www.havos.cz\/en\/#\/schema\/logo\/image\/"}}]}},"_links":{"self":[{"href":"https:\/\/www.havos.cz\/en\/wp-json\/wp\/v2\/product\/14734","targetHints":{"allow":["GET"]}}],"collection":[{"href":"https:\/\/www.havos.cz\/en\/wp-json\/wp\/v2\/product"}],"about":[{"href":"https:\/\/www.havos.cz\/en\/wp-json\/wp\/v2\/types\/product"}],"wp:featuredmedia":[{"embeddable":true,"href":"https:\/\/www.havos.cz\/en\/wp-json\/wp\/v2\/media\/14349"}],"wp:attachment":[{"href":"https:\/\/www.havos.cz\/en\/wp-json\/wp\/v2\/media?parent=14734"}],"wp:term":[{"taxonomy":"product_brand","embeddable":true,"href":"https:\/\/www.havos.cz\/en\/wp-json\/wp\/v2\/product_brand?post=14734"},{"taxonomy":"product_cat","embeddable":true,"href":"https:\/\/www.havos.cz\/en\/wp-json\/wp\/v2\/product_cat?post=14734"},{"taxonomy":"product_tag","embeddable":true,"href":"https:\/\/www.havos.cz\/en\/wp-json\/wp\/v2\/product_tag?post=14734"}],"curies":[{"name":"wp","href":"https:\/\/api.w.org\/{rel}","templated":true}]}}