{"id":13394,"date":"2020-01-12T00:00:00","date_gmt":"2020-01-12T00:00:00","guid":{"rendered":"https:\/\/www.havos.cz\/produkt\/a12b-bath-profile-replaceable-straight\/"},"modified":"2020-04-24T08:16:45","modified_gmt":"2020-04-24T08:16:45","slug":"a12b-bath-profile-replaceable-straight","status":"publish","type":"product","link":"https:\/\/www.havos.cz\/en\/produkt\/a12b-bath-profile-replaceable-straight\/","title":{"rendered":"A12b BATH PROFILE REPLACEABLE- STRAIGHT"},"content":{"rendered":"<p>[vc_row][vc_column][vc_column_text]<\/p>\n<h3>DESCRIPTION OF PVC PRODUCTS<\/h3>\n<p><strong>MATERIAL: tough PVC<\/strong><\/p>\n<ul>\n<li>thermal stability -20\u00b0C to +60\u00b0C<\/li>\n<li>impact strength 1 kJ\/m<sup>2<\/sup><\/li>\n<li>\u010cSN ISO 179<\/li>\n<li>color &#8211; internal methodology<\/li>\n<li>UV resistant<\/li>\n<li>material memory<\/li>\n<li>high gloss prevents dirt<\/li>\n<li>meets hygiene standards<\/li>\n<\/ul>\n<p><strong>STORAGE:<\/strong><\/p>\n<ul>\n<li>Store horizontally on a flat surface<\/li>\n<li>Protect against impact<\/li>\n<li>Do not burden excessively<\/li>\n<li>Protect against the sun &#8211; the wrapper causes the greenhouse effect<\/li>\n<\/ul>\n<p><strong>CONSTRUCTION:<\/strong><\/p>\n<ul>\n<li>profile allows regular and optical storage at 90\u00b0<\/li>\n<li>thanks to endings with tabs on both sides it is not necessary to keep joins<\/li>\n<li>when mounting a joint a possible crack is hidden under the tabs<\/li>\n<\/ul>\n<p><strong>ASSEMBLY AND HANDLING:<\/strong><\/p>\n<ul>\n<li>All PVC products are intended for decorative and cover purposes with a possibility of expansion<\/li>\n<li>protect against abrasion- this will prevent permanent staining<\/li>\n<li>prevent excessive bending and impact<\/li>\n<li>before installing in a load space it is necessary to consult the manufacturer<\/li>\n<\/ul>\n<p>[\/vc_column_text][\/vc_column][\/vc_row]<\/p>\n","protected":false},"excerpt":{"rendered":"<p>[vc_row][vc_column][vc_column_text] DESCRIPTION OF PVC PRODUCTS MATERIAL: tough PVC thermal stability -20\u00b0C to +60\u00b0C impact strength 1 kJ\/m2 \u010cSN ISO 179 color &#8211; internal methodology UV resistant<\/p>\n","protected":false},"featured_media":14530,"template":"","meta":{"_acf_changed":false,"_links_to":"","_links_to_target":""},"product_brand":[],"product_cat":[364],"product_tag":[],"class_list":{"0":"post-13394","1":"product","2":"type-product","3":"status-publish","4":"has-post-thumbnail","6":"product_cat-plastic-trims","8":"first","9":"instock","10":"shipping-taxable","11":"purchasable","12":"product-type-variable"},"acf":[],"yoast_head":"<!-- This site is optimized with the Yoast SEO plugin v26.4 - https:\/\/yoast.com\/wordpress\/plugins\/seo\/ -->\n<title>A12b BATH PROFILE REPLACEABLE- STRAIGHT - Havos<\/title>\n<meta name=\"robots\" content=\"index, follow, max-snippet:-1, max-image-preview:large, max-video-preview:-1\" \/>\n<link rel=\"canonical\" href=\"https:\/\/www.havos.cz\/produkt\/a12b-vanovy-profil-vymenny-rovny\/\" \/>\n<meta property=\"og:locale\" content=\"en_US\" \/>\n<meta property=\"og:type\" content=\"article\" \/>\n<meta property=\"og:title\" content=\"A12b BATH PROFILE REPLACEABLE- STRAIGHT - Havos\" \/>\n<meta property=\"og:description\" content=\"[vc_row][vc_column][vc_column_text] DESCRIPTION OF PVC PRODUCTS MATERIAL: tough PVC thermal stability -20\u00b0C to +60\u00b0C impact strength 1 kJ\/m2 \u010cSN ISO 179 color &#8211; internal methodology UV resistant\" \/>\n<meta property=\"og:url\" content=\"https:\/\/www.havos.cz\/produkt\/a12b-vanovy-profil-vymenny-rovny\/\" \/>\n<meta property=\"og:site_name\" content=\"Havos\" \/>\n<meta property=\"article:modified_time\" content=\"2020-04-24T08:16:45+00:00\" \/>\n<meta property=\"og:image\" content=\"https:\/\/www.havos.cz\/wp-content\/uploads\/2020\/01\/a12b.jpg\" \/>\n\t<meta property=\"og:image:width\" content=\"1700\" \/>\n\t<meta property=\"og:image:height\" content=\"720\" \/>\n\t<meta property=\"og:image:type\" content=\"image\/jpeg\" \/>\n<meta name=\"twitter:card\" content=\"summary_large_image\" \/>\n<meta name=\"twitter:label1\" content=\"Est. reading time\" \/>\n\t<meta name=\"twitter:data1\" content=\"1 minute\" \/>\n<script type=\"application\/ld+json\" class=\"yoast-schema-graph\">{\"@context\":\"https:\/\/schema.org\",\"@graph\":[{\"@type\":\"WebPage\",\"@id\":\"https:\/\/www.havos.cz\/produkt\/a12b-vanovy-profil-vymenny-rovny\/\",\"url\":\"https:\/\/www.havos.cz\/produkt\/a12b-vanovy-profil-vymenny-rovny\/\",\"name\":\"A12b BATH PROFILE REPLACEABLE- STRAIGHT - Havos\",\"isPartOf\":{\"@id\":\"https:\/\/www.havos.cz\/en\/#website\"},\"primaryImageOfPage\":{\"@id\":\"https:\/\/www.havos.cz\/produkt\/a12b-vanovy-profil-vymenny-rovny\/#primaryimage\"},\"image\":{\"@id\":\"https:\/\/www.havos.cz\/produkt\/a12b-vanovy-profil-vymenny-rovny\/#primaryimage\"},\"thumbnailUrl\":\"https:\/\/www.havos.cz\/wp-content\/uploads\/2020\/01\/a12b-e1714991515360.jpg\",\"datePublished\":\"2020-01-12T00:00:00+00:00\",\"dateModified\":\"2020-04-24T08:16:45+00:00\",\"breadcrumb\":{\"@id\":\"https:\/\/www.havos.cz\/produkt\/a12b-vanovy-profil-vymenny-rovny\/#breadcrumb\"},\"inLanguage\":\"en-US\",\"potentialAction\":[{\"@type\":\"ReadAction\",\"target\":[\"https:\/\/www.havos.cz\/produkt\/a12b-vanovy-profil-vymenny-rovny\/\"]}]},{\"@type\":\"ImageObject\",\"inLanguage\":\"en-US\",\"@id\":\"https:\/\/www.havos.cz\/produkt\/a12b-vanovy-profil-vymenny-rovny\/#primaryimage\",\"url\":\"https:\/\/www.havos.cz\/wp-content\/uploads\/2020\/01\/a12b-e1714991515360.jpg\",\"contentUrl\":\"https:\/\/www.havos.cz\/wp-content\/uploads\/2020\/01\/a12b-e1714991515360.jpg\",\"width\":1700,\"height\":720},{\"@type\":\"BreadcrumbList\",\"@id\":\"https:\/\/www.havos.cz\/produkt\/a12b-vanovy-profil-vymenny-rovny\/#breadcrumb\",\"itemListElement\":[{\"@type\":\"ListItem\",\"position\":1,\"name\":\"Home\",\"item\":\"https:\/\/www.havos.cz\/en\/\"},{\"@type\":\"ListItem\",\"position\":2,\"name\":\"Shop\",\"item\":\"https:\/\/www.havos.cz\/en\/shop\/\"},{\"@type\":\"ListItem\",\"position\":3,\"name\":\"A12b BATH PROFILE REPLACEABLE- STRAIGHT\"}]},{\"@type\":\"WebSite\",\"@id\":\"https:\/\/www.havos.cz\/en\/#website\",\"url\":\"https:\/\/www.havos.cz\/en\/\",\"name\":\"Havos\",\"description\":\"Li\u0161ty vyr\u00e1b\u011bn\u00e9 z hlin\u00edku, mosazi, oceli a PVC\",\"publisher\":{\"@id\":\"https:\/\/www.havos.cz\/en\/#organization\"},\"potentialAction\":[{\"@type\":\"SearchAction\",\"target\":{\"@type\":\"EntryPoint\",\"urlTemplate\":\"https:\/\/www.havos.cz\/en\/?s={search_term_string}\"},\"query-input\":{\"@type\":\"PropertyValueSpecification\",\"valueRequired\":true,\"valueName\":\"search_term_string\"}}],\"inLanguage\":\"en-US\"},{\"@type\":\"Organization\",\"@id\":\"https:\/\/www.havos.cz\/en\/#organization\",\"name\":\"Havos s.r.o.\",\"url\":\"https:\/\/www.havos.cz\/en\/\",\"logo\":{\"@type\":\"ImageObject\",\"inLanguage\":\"en-US\",\"@id\":\"https:\/\/www.havos.cz\/en\/#\/schema\/logo\/image\/\",\"url\":\"https:\/\/i0.wp.com\/www.havos.cz\/wp-content\/uploads\/2020\/03\/logo.jpg?fit=274%2C33&ssl=1\",\"contentUrl\":\"https:\/\/i0.wp.com\/www.havos.cz\/wp-content\/uploads\/2020\/03\/logo.jpg?fit=274%2C33&ssl=1\",\"width\":274,\"height\":33,\"caption\":\"Havos s.r.o.\"},\"image\":{\"@id\":\"https:\/\/www.havos.cz\/en\/#\/schema\/logo\/image\/\"}}]}<\/script>\n<!-- \/ Yoast SEO plugin. -->","yoast_head_json":{"title":"A12b BATH PROFILE REPLACEABLE- STRAIGHT - Havos","robots":{"index":"index","follow":"follow","max-snippet":"max-snippet:-1","max-image-preview":"max-image-preview:large","max-video-preview":"max-video-preview:-1"},"canonical":"https:\/\/www.havos.cz\/produkt\/a12b-vanovy-profil-vymenny-rovny\/","og_locale":"en_US","og_type":"article","og_title":"A12b BATH PROFILE REPLACEABLE- STRAIGHT - Havos","og_description":"[vc_row][vc_column][vc_column_text] DESCRIPTION OF PVC PRODUCTS MATERIAL: tough PVC thermal stability -20\u00b0C to +60\u00b0C impact strength 1 kJ\/m2 \u010cSN ISO 179 color &#8211; internal methodology UV resistant","og_url":"https:\/\/www.havos.cz\/produkt\/a12b-vanovy-profil-vymenny-rovny\/","og_site_name":"Havos","article_modified_time":"2020-04-24T08:16:45+00:00","og_image":[{"width":1700,"height":720,"url":"https:\/\/www.havos.cz\/wp-content\/uploads\/2020\/01\/a12b.jpg","type":"image\/jpeg"}],"twitter_card":"summary_large_image","twitter_misc":{"Est. reading time":"1 minute"},"schema":{"@context":"https:\/\/schema.org","@graph":[{"@type":"WebPage","@id":"https:\/\/www.havos.cz\/produkt\/a12b-vanovy-profil-vymenny-rovny\/","url":"https:\/\/www.havos.cz\/produkt\/a12b-vanovy-profil-vymenny-rovny\/","name":"A12b BATH PROFILE REPLACEABLE- STRAIGHT - Havos","isPartOf":{"@id":"https:\/\/www.havos.cz\/en\/#website"},"primaryImageOfPage":{"@id":"https:\/\/www.havos.cz\/produkt\/a12b-vanovy-profil-vymenny-rovny\/#primaryimage"},"image":{"@id":"https:\/\/www.havos.cz\/produkt\/a12b-vanovy-profil-vymenny-rovny\/#primaryimage"},"thumbnailUrl":"https:\/\/www.havos.cz\/wp-content\/uploads\/2020\/01\/a12b-e1714991515360.jpg","datePublished":"2020-01-12T00:00:00+00:00","dateModified":"2020-04-24T08:16:45+00:00","breadcrumb":{"@id":"https:\/\/www.havos.cz\/produkt\/a12b-vanovy-profil-vymenny-rovny\/#breadcrumb"},"inLanguage":"en-US","potentialAction":[{"@type":"ReadAction","target":["https:\/\/www.havos.cz\/produkt\/a12b-vanovy-profil-vymenny-rovny\/"]}]},{"@type":"ImageObject","inLanguage":"en-US","@id":"https:\/\/www.havos.cz\/produkt\/a12b-vanovy-profil-vymenny-rovny\/#primaryimage","url":"https:\/\/www.havos.cz\/wp-content\/uploads\/2020\/01\/a12b-e1714991515360.jpg","contentUrl":"https:\/\/www.havos.cz\/wp-content\/uploads\/2020\/01\/a12b-e1714991515360.jpg","width":1700,"height":720},{"@type":"BreadcrumbList","@id":"https:\/\/www.havos.cz\/produkt\/a12b-vanovy-profil-vymenny-rovny\/#breadcrumb","itemListElement":[{"@type":"ListItem","position":1,"name":"Home","item":"https:\/\/www.havos.cz\/en\/"},{"@type":"ListItem","position":2,"name":"Shop","item":"https:\/\/www.havos.cz\/en\/shop\/"},{"@type":"ListItem","position":3,"name":"A12b BATH PROFILE REPLACEABLE- STRAIGHT"}]},{"@type":"WebSite","@id":"https:\/\/www.havos.cz\/en\/#website","url":"https:\/\/www.havos.cz\/en\/","name":"Havos","description":"Li\u0161ty vyr\u00e1b\u011bn\u00e9 z hlin\u00edku, mosazi, oceli a PVC","publisher":{"@id":"https:\/\/www.havos.cz\/en\/#organization"},"potentialAction":[{"@type":"SearchAction","target":{"@type":"EntryPoint","urlTemplate":"https:\/\/www.havos.cz\/en\/?s={search_term_string}"},"query-input":{"@type":"PropertyValueSpecification","valueRequired":true,"valueName":"search_term_string"}}],"inLanguage":"en-US"},{"@type":"Organization","@id":"https:\/\/www.havos.cz\/en\/#organization","name":"Havos s.r.o.","url":"https:\/\/www.havos.cz\/en\/","logo":{"@type":"ImageObject","inLanguage":"en-US","@id":"https:\/\/www.havos.cz\/en\/#\/schema\/logo\/image\/","url":"https:\/\/i0.wp.com\/www.havos.cz\/wp-content\/uploads\/2020\/03\/logo.jpg?fit=274%2C33&ssl=1","contentUrl":"https:\/\/i0.wp.com\/www.havos.cz\/wp-content\/uploads\/2020\/03\/logo.jpg?fit=274%2C33&ssl=1","width":274,"height":33,"caption":"Havos s.r.o."},"image":{"@id":"https:\/\/www.havos.cz\/en\/#\/schema\/logo\/image\/"}}]}},"_links":{"self":[{"href":"https:\/\/www.havos.cz\/en\/wp-json\/wp\/v2\/product\/13394","targetHints":{"allow":["GET"]}}],"collection":[{"href":"https:\/\/www.havos.cz\/en\/wp-json\/wp\/v2\/product"}],"about":[{"href":"https:\/\/www.havos.cz\/en\/wp-json\/wp\/v2\/types\/product"}],"wp:featuredmedia":[{"embeddable":true,"href":"https:\/\/www.havos.cz\/en\/wp-json\/wp\/v2\/media\/14530"}],"wp:attachment":[{"href":"https:\/\/www.havos.cz\/en\/wp-json\/wp\/v2\/media?parent=13394"}],"wp:term":[{"taxonomy":"product_brand","embeddable":true,"href":"https:\/\/www.havos.cz\/en\/wp-json\/wp\/v2\/product_brand?post=13394"},{"taxonomy":"product_cat","embeddable":true,"href":"https:\/\/www.havos.cz\/en\/wp-json\/wp\/v2\/product_cat?post=13394"},{"taxonomy":"product_tag","embeddable":true,"href":"https:\/\/www.havos.cz\/en\/wp-json\/wp\/v2\/product_tag?post=13394"}],"curies":[{"name":"wp","href":"https:\/\/api.w.org\/{rel}","templated":true}]}}