{"id":12435,"date":"2020-03-04T00:00:00","date_gmt":"2020-03-04T00:00:00","guid":{"rendered":"https:\/\/www.havos.cz\/produkt\/c04-transition-skewed-adhesive-profile\/"},"modified":"2020-04-24T08:22:34","modified_gmt":"2020-04-24T08:22:34","slug":"c04-transition-skewed-adhesive-profile","status":"publish","type":"product","link":"https:\/\/www.havos.cz\/en\/produkt\/c04-transition-skewed-adhesive-profile\/","title":{"rendered":"C04 TRANSITION SKEWED &#8211; ADHESIVE PROFILE"},"content":{"rendered":null,"protected":false},"excerpt":{"rendered":"","protected":false},"featured_media":16347,"template":"","meta":{"_acf_changed":false,"_links_to":"","_links_to_target":""},"product_brand":[],"product_cat":[366],"product_tag":[],"class_list":{"0":"post-12435","1":"product","2":"type-product","3":"status-publish","4":"has-post-thumbnail","6":"product_cat-transition-strips","8":"first","9":"instock","10":"shipping-taxable","11":"purchasable","12":"product-type-variable"},"acf":[],"yoast_head":"<!-- This site is optimized with the Yoast SEO plugin v26.4 - https:\/\/yoast.com\/wordpress\/plugins\/seo\/ -->\n<title>C04 TRANSITION SKEWED - ADHESIVE PROFILE - Havos<\/title>\n<meta name=\"robots\" content=\"index, follow, max-snippet:-1, max-image-preview:large, max-video-preview:-1\" \/>\n<link rel=\"canonical\" href=\"https:\/\/www.havos.cz\/produkt\/c04-prechodovy-zkoseny-samolepici-profil\/\" \/>\n<meta property=\"og:locale\" content=\"en_US\" \/>\n<meta property=\"og:type\" content=\"article\" \/>\n<meta property=\"og:title\" content=\"C04 TRANSITION SKEWED - ADHESIVE PROFILE - Havos\" \/>\n<meta property=\"og:url\" content=\"https:\/\/www.havos.cz\/produkt\/c04-prechodovy-zkoseny-samolepici-profil\/\" \/>\n<meta property=\"og:site_name\" content=\"Havos\" \/>\n<meta property=\"article:modified_time\" content=\"2020-04-24T08:22:34+00:00\" \/>\n<meta property=\"og:image\" content=\"https:\/\/www.havos.cz\/wp-content\/uploads\/2023\/05\/lpz4alech90-zkos-elox-champagne.png\" \/>\n\t<meta property=\"og:image:width\" content=\"1700\" \/>\n\t<meta property=\"og:image:height\" content=\"720\" \/>\n\t<meta property=\"og:image:type\" content=\"image\/png\" \/>\n<meta name=\"twitter:card\" content=\"summary_large_image\" \/>\n<script type=\"application\/ld+json\" class=\"yoast-schema-graph\">{\"@context\":\"https:\/\/schema.org\",\"@graph\":[{\"@type\":\"WebPage\",\"@id\":\"https:\/\/www.havos.cz\/produkt\/c04-prechodovy-zkoseny-samolepici-profil\/\",\"url\":\"https:\/\/www.havos.cz\/produkt\/c04-prechodovy-zkoseny-samolepici-profil\/\",\"name\":\"C04 TRANSITION SKEWED - ADHESIVE PROFILE - Havos\",\"isPartOf\":{\"@id\":\"https:\/\/www.havos.cz\/en\/#website\"},\"primaryImageOfPage\":{\"@id\":\"https:\/\/www.havos.cz\/produkt\/c04-prechodovy-zkoseny-samolepici-profil\/#primaryimage\"},\"image\":{\"@id\":\"https:\/\/www.havos.cz\/produkt\/c04-prechodovy-zkoseny-samolepici-profil\/#primaryimage\"},\"thumbnailUrl\":\"https:\/\/www.havos.cz\/wp-content\/uploads\/2023\/05\/lpz4alech90-zkos-elox-champagne-e1715336530622.png\",\"datePublished\":\"2020-03-04T00:00:00+00:00\",\"dateModified\":\"2020-04-24T08:22:34+00:00\",\"breadcrumb\":{\"@id\":\"https:\/\/www.havos.cz\/produkt\/c04-prechodovy-zkoseny-samolepici-profil\/#breadcrumb\"},\"inLanguage\":\"en-US\",\"potentialAction\":[{\"@type\":\"ReadAction\",\"target\":[\"https:\/\/www.havos.cz\/produkt\/c04-prechodovy-zkoseny-samolepici-profil\/\"]}]},{\"@type\":\"ImageObject\",\"inLanguage\":\"en-US\",\"@id\":\"https:\/\/www.havos.cz\/produkt\/c04-prechodovy-zkoseny-samolepici-profil\/#primaryimage\",\"url\":\"https:\/\/www.havos.cz\/wp-content\/uploads\/2023\/05\/lpz4alech90-zkos-elox-champagne-e1715336530622.png\",\"contentUrl\":\"https:\/\/www.havos.cz\/wp-content\/uploads\/2023\/05\/lpz4alech90-zkos-elox-champagne-e1715336530622.png\",\"width\":1700,\"height\":720},{\"@type\":\"BreadcrumbList\",\"@id\":\"https:\/\/www.havos.cz\/produkt\/c04-prechodovy-zkoseny-samolepici-profil\/#breadcrumb\",\"itemListElement\":[{\"@type\":\"ListItem\",\"position\":1,\"name\":\"Home\",\"item\":\"https:\/\/www.havos.cz\/en\/\"},{\"@type\":\"ListItem\",\"position\":2,\"name\":\"Shop\",\"item\":\"https:\/\/www.havos.cz\/en\/shop\/\"},{\"@type\":\"ListItem\",\"position\":3,\"name\":\"C04 TRANSITION SKEWED &#8211; ADHESIVE PROFILE\"}]},{\"@type\":\"WebSite\",\"@id\":\"https:\/\/www.havos.cz\/en\/#website\",\"url\":\"https:\/\/www.havos.cz\/en\/\",\"name\":\"Havos\",\"description\":\"Li\u0161ty vyr\u00e1b\u011bn\u00e9 z hlin\u00edku, mosazi, oceli a PVC\",\"publisher\":{\"@id\":\"https:\/\/www.havos.cz\/en\/#organization\"},\"potentialAction\":[{\"@type\":\"SearchAction\",\"target\":{\"@type\":\"EntryPoint\",\"urlTemplate\":\"https:\/\/www.havos.cz\/en\/?s={search_term_string}\"},\"query-input\":{\"@type\":\"PropertyValueSpecification\",\"valueRequired\":true,\"valueName\":\"search_term_string\"}}],\"inLanguage\":\"en-US\"},{\"@type\":\"Organization\",\"@id\":\"https:\/\/www.havos.cz\/en\/#organization\",\"name\":\"Havos s.r.o.\",\"url\":\"https:\/\/www.havos.cz\/en\/\",\"logo\":{\"@type\":\"ImageObject\",\"inLanguage\":\"en-US\",\"@id\":\"https:\/\/www.havos.cz\/en\/#\/schema\/logo\/image\/\",\"url\":\"https:\/\/i0.wp.com\/www.havos.cz\/wp-content\/uploads\/2020\/03\/logo.jpg?fit=274%2C33&ssl=1\",\"contentUrl\":\"https:\/\/i0.wp.com\/www.havos.cz\/wp-content\/uploads\/2020\/03\/logo.jpg?fit=274%2C33&ssl=1\",\"width\":274,\"height\":33,\"caption\":\"Havos s.r.o.\"},\"image\":{\"@id\":\"https:\/\/www.havos.cz\/en\/#\/schema\/logo\/image\/\"}}]}<\/script>\n<!-- \/ Yoast SEO plugin. -->","yoast_head_json":{"title":"C04 TRANSITION SKEWED - ADHESIVE PROFILE - Havos","robots":{"index":"index","follow":"follow","max-snippet":"max-snippet:-1","max-image-preview":"max-image-preview:large","max-video-preview":"max-video-preview:-1"},"canonical":"https:\/\/www.havos.cz\/produkt\/c04-prechodovy-zkoseny-samolepici-profil\/","og_locale":"en_US","og_type":"article","og_title":"C04 TRANSITION SKEWED - ADHESIVE PROFILE - Havos","og_url":"https:\/\/www.havos.cz\/produkt\/c04-prechodovy-zkoseny-samolepici-profil\/","og_site_name":"Havos","article_modified_time":"2020-04-24T08:22:34+00:00","og_image":[{"width":1700,"height":720,"url":"https:\/\/www.havos.cz\/wp-content\/uploads\/2023\/05\/lpz4alech90-zkos-elox-champagne.png","type":"image\/png"}],"twitter_card":"summary_large_image","schema":{"@context":"https:\/\/schema.org","@graph":[{"@type":"WebPage","@id":"https:\/\/www.havos.cz\/produkt\/c04-prechodovy-zkoseny-samolepici-profil\/","url":"https:\/\/www.havos.cz\/produkt\/c04-prechodovy-zkoseny-samolepici-profil\/","name":"C04 TRANSITION SKEWED - ADHESIVE PROFILE - Havos","isPartOf":{"@id":"https:\/\/www.havos.cz\/en\/#website"},"primaryImageOfPage":{"@id":"https:\/\/www.havos.cz\/produkt\/c04-prechodovy-zkoseny-samolepici-profil\/#primaryimage"},"image":{"@id":"https:\/\/www.havos.cz\/produkt\/c04-prechodovy-zkoseny-samolepici-profil\/#primaryimage"},"thumbnailUrl":"https:\/\/www.havos.cz\/wp-content\/uploads\/2023\/05\/lpz4alech90-zkos-elox-champagne-e1715336530622.png","datePublished":"2020-03-04T00:00:00+00:00","dateModified":"2020-04-24T08:22:34+00:00","breadcrumb":{"@id":"https:\/\/www.havos.cz\/produkt\/c04-prechodovy-zkoseny-samolepici-profil\/#breadcrumb"},"inLanguage":"en-US","potentialAction":[{"@type":"ReadAction","target":["https:\/\/www.havos.cz\/produkt\/c04-prechodovy-zkoseny-samolepici-profil\/"]}]},{"@type":"ImageObject","inLanguage":"en-US","@id":"https:\/\/www.havos.cz\/produkt\/c04-prechodovy-zkoseny-samolepici-profil\/#primaryimage","url":"https:\/\/www.havos.cz\/wp-content\/uploads\/2023\/05\/lpz4alech90-zkos-elox-champagne-e1715336530622.png","contentUrl":"https:\/\/www.havos.cz\/wp-content\/uploads\/2023\/05\/lpz4alech90-zkos-elox-champagne-e1715336530622.png","width":1700,"height":720},{"@type":"BreadcrumbList","@id":"https:\/\/www.havos.cz\/produkt\/c04-prechodovy-zkoseny-samolepici-profil\/#breadcrumb","itemListElement":[{"@type":"ListItem","position":1,"name":"Home","item":"https:\/\/www.havos.cz\/en\/"},{"@type":"ListItem","position":2,"name":"Shop","item":"https:\/\/www.havos.cz\/en\/shop\/"},{"@type":"ListItem","position":3,"name":"C04 TRANSITION SKEWED &#8211; ADHESIVE PROFILE"}]},{"@type":"WebSite","@id":"https:\/\/www.havos.cz\/en\/#website","url":"https:\/\/www.havos.cz\/en\/","name":"Havos","description":"Li\u0161ty vyr\u00e1b\u011bn\u00e9 z hlin\u00edku, mosazi, oceli a PVC","publisher":{"@id":"https:\/\/www.havos.cz\/en\/#organization"},"potentialAction":[{"@type":"SearchAction","target":{"@type":"EntryPoint","urlTemplate":"https:\/\/www.havos.cz\/en\/?s={search_term_string}"},"query-input":{"@type":"PropertyValueSpecification","valueRequired":true,"valueName":"search_term_string"}}],"inLanguage":"en-US"},{"@type":"Organization","@id":"https:\/\/www.havos.cz\/en\/#organization","name":"Havos s.r.o.","url":"https:\/\/www.havos.cz\/en\/","logo":{"@type":"ImageObject","inLanguage":"en-US","@id":"https:\/\/www.havos.cz\/en\/#\/schema\/logo\/image\/","url":"https:\/\/i0.wp.com\/www.havos.cz\/wp-content\/uploads\/2020\/03\/logo.jpg?fit=274%2C33&ssl=1","contentUrl":"https:\/\/i0.wp.com\/www.havos.cz\/wp-content\/uploads\/2020\/03\/logo.jpg?fit=274%2C33&ssl=1","width":274,"height":33,"caption":"Havos s.r.o."},"image":{"@id":"https:\/\/www.havos.cz\/en\/#\/schema\/logo\/image\/"}}]}},"_links":{"self":[{"href":"https:\/\/www.havos.cz\/en\/wp-json\/wp\/v2\/product\/12435","targetHints":{"allow":["GET"]}}],"collection":[{"href":"https:\/\/www.havos.cz\/en\/wp-json\/wp\/v2\/product"}],"about":[{"href":"https:\/\/www.havos.cz\/en\/wp-json\/wp\/v2\/types\/product"}],"wp:featuredmedia":[{"embeddable":true,"href":"https:\/\/www.havos.cz\/en\/wp-json\/wp\/v2\/media\/16347"}],"wp:attachment":[{"href":"https:\/\/www.havos.cz\/en\/wp-json\/wp\/v2\/media?parent=12435"}],"wp:term":[{"taxonomy":"product_brand","embeddable":true,"href":"https:\/\/www.havos.cz\/en\/wp-json\/wp\/v2\/product_brand?post=12435"},{"taxonomy":"product_cat","embeddable":true,"href":"https:\/\/www.havos.cz\/en\/wp-json\/wp\/v2\/product_cat?post=12435"},{"taxonomy":"product_tag","embeddable":true,"href":"https:\/\/www.havos.cz\/en\/wp-json\/wp\/v2\/product_tag?post=12435"}],"curies":[{"name":"wp","href":"https:\/\/api.w.org\/{rel}","templated":true}]}}