{"id":11762,"date":"2020-02-09T00:00:00","date_gmt":"2020-02-09T00:00:00","guid":{"rendered":"https:\/\/www.havos.cz\/produkt\/b09d-movement-joint-vulcanized\/"},"modified":"2020-04-24T08:20:24","modified_gmt":"2020-04-24T08:20:24","slug":"b09d-movement-joint-vulcanized","status":"publish","type":"product","link":"https:\/\/www.havos.cz\/en\/produkt\/b09d-movement-joint-vulcanized\/","title":{"rendered":"B09d MOVEMENT JOINT VULCANIZED"},"content":{"rendered":"<p>[vc_row][vc_column width=&#8221;1\/2&#8243;][vc_column_text]<\/p>\n<h3>INFO &#8211; MATERI\u00c1LOV\u00c9 VLASTNOSTI A SPECI\u00c1LN\u00cd \u00daDR\u017dBA<\/h3>\n<h4>Hlin\u00edkov\u00e9 a eloxovan\u00e9 profily:<\/h4>\n<p>Ukon\u010dovac\u00ed <strong>profily z\u00a0p\u0159\u00edrodn\u00edho hlin\u00edku <\/strong>jsou vhodn\u00e9 do interi\u00e9r\u016f i\u00a0do\u00a0exteri\u00e9r\u016f. V\u00a0prost\u0159ed\u00ed se zv\u00fd\u0161enou vlhkost\u00ed (nap\u0159. koupelna) m\u016f\u017ee doj\u00edt k\u00a0jejich postupn\u00e9mu ztmavnut\u00ed vlivem oxidace. Jsou citliv\u00e9 na\u00a0prost\u0159edky jako jsou malta, cement, v\u00e1pno, kter\u00e9 p\u016fsob\u00ed alkalicky, a\u00a0proto je nutn\u00e1 zv\u00fd\u0161en\u00e1 opatrnost p\u0159i jejich zabudov\u00e1n\u00ed. Oxidovanou vrstvu lze odstranit mechanicky (brusn\u00e1 vlna, le\u0161t\u00edc\u00ed pasta).<\/p>\n<p><strong>Eloxovan\u00e9 profily<\/strong> l\u00e9pe odol\u00e1vaj\u00ed pov\u011btrnostn\u00edm vliv\u016fm a vlhkosti, proto jsou vhodn\u00e9 do interi\u00e9r\u016f a\u00a0exteri\u00e9r\u016f. Jsou v\u0161ak rovn\u011b\u017e citliv\u00e9 na alkalick\u00e9 prost\u0159edky. Povrch profilu se\u00a0vyzna\u010duje vysokou tvrdost\u00ed a ot\u011bruvzdornost\u00ed.<\/p>\n<p><strong>Le\u0161t\u011bn\u00e9 hlin\u00edkov\u00e9 profily<\/strong> jsou vhodn\u00e9 jen jako dekora\u010dn\u00ed profily do\u00a0such\u00fdch prostor. Nejsou vhodn\u00e9 do\u00a0exteri\u00e9r\u016f a\u00a0vlhk\u00fdch prostor (nap\u0159. koupelna). Profil je\u00a0n\u00e1chyln\u00fd na\u00a0mechanick\u00e9 po\u0161kozen\u00ed.<\/p>\n<p><strong>Odleh\u010den\u00e9 hlin\u00edkov\u00e9 profily<\/strong> nejsou vhodn\u00e9 na ukon\u010den\u00ed n\u00e1\u0161lapn\u00e9 hrany schodu.<\/p>\n<p><strong>Komaxitovan\u00e9 profily<\/strong> odol\u00e1vaj\u00ed pov\u011btrnostn\u00edm vliv\u016fm, vlhkosti i UV z\u00e1\u0159en\u00ed, jsou barevn\u011b st\u00e1l\u00e9. Povrch profilu je nutn\u00e9 chr\u00e1nit proti mechanick\u00e9mu po\u0161kozen\u00ed (po\u0161kr\u00e1b\u00e1n\u00ed), je citliv\u00fd na kysel\u00e9 a alkalick\u00e9 prost\u0159edky a rozpou\u0161t\u011bdla jako nap\u0159. ACETON. P\u0159i zabudov\u00e1n\u00ed je vhodn\u00e9 za\u0159\u00edznutou \u010d\u00e1st komaxitovan\u00e9ho profilu um\u00edstit mimo kontakt s vlhkost\u00ed.<\/p>\n<h4>Mosazn\u00e9 profily:<\/h4>\n<p>Vyzna\u010duj\u00ed se vy\u0161\u0161\u00ed pevnost\u00ed ne\u017e hlin\u00edkov\u00e9 profily. Jsou vhodn\u00e9 do\u00a0interi\u00e9r\u016f, m\u00e9n\u011b vhodn\u00e9 jsou do \u00a0exteri\u00e9r\u016f a\u00a0prost\u0159ed\u00ed se zv\u00fd\u0161enou vlhkost\u00ed, kde m\u016f\u017ee doj\u00edt k\u00a0jejich oxidaci. Profily tak mohou \u010dasem tmavnout a\u00a0z\u00edskaj\u00ed tzv. patinu. Jsou citliv\u00e9 na prost\u0159edky jako jsou malta, cement, v\u00e1pno, kter\u00e9 p\u016fsob\u00ed alkalicky, a proto je nutn\u00e1 zv\u00fd\u0161en\u00e1 opatrnost p\u0159i\u00a0jejich zabudov\u00e1n\u00ed. Oxidovanou vrstvu lze odstranit mechanicky (brusn\u00e1 vlna, le\u0161t\u00edc\u00ed pasta).<\/p>\n<p><strong>Le\u0161t\u011bn\u00e9 mosazn\u00e9 profily<\/strong> jsou vhodn\u00e9 jen jako dekora\u010dn\u00ed profily do\u00a0such\u00fdch prostor. Nejsou vhodn\u00e9 do\u00a0exteri\u00e9r\u016f a\u00a0vlhk\u00fdch prostor (nap\u0159. koupelna). Profil je n\u00e1chyln\u00fd na\u00a0mechanick\u00e9 po\u0161kozen\u00ed.<\/p>\n<p><strong>Odleh\u010den\u00e9 mosazn\u00e9 profily<\/strong> nejsou vhodn\u00e9 na ukon\u010den\u00ed n\u00e1\u0161lapn\u00e9 hrany schodu<\/p>\n<h4>Nerezov\u00e9 profily:<\/h4>\n<p><strong>Nerezov\u00e9 profily klasik<\/strong> jsou vhodn\u00e9 do interi\u00e9r\u016f a exteri\u00e9r\u016f. Jsou odoln\u00e9 v\u016f\u010di korozi za b\u011b\u017en\u00fdch podm\u00ednek, tzn. mimo agresivn\u00ed chemick\u00e9 prost\u0159ed\u00ed (nap\u0159. baz\u00e9n, prost\u0159ed\u00ed s vy\u0161\u0161\u00ed koncentrac\u00ed chloru, n\u00edzk\u00e9 nebo naopak vysok\u00e9 pH apod.)<\/p>\n<p><strong>Nerezov\u00e9 profily chemick\u00e9<\/strong> maj\u00ed zv\u00fd\u0161enou odolnost proti korozi v chemick\u00e9m prost\u0159ed\u00ed (nap\u0159. n\u00edzk\u00e9 koncentrace kyselin, louh\u016f, sol\u00ed, chloru apod.) Jsou vhodn\u00e9 p\u0159i kontaktu s\u00a0mo\u0159skou vodou, do bazen\u016f a chemicky n\u00e1ro\u010dn\u00fdch provoz\u016f.[\/vc_column_text][\/vc_column][vc_column width=&#8221;1\/2&#8243;][vc_empty_space css=&#8221;.vc_custom_1582019713547{margin: 0px !important;padding: 0px !important;}&#8221;][vc_column_text]<\/p>\n<h4>Chromovan\u00e9 profily:<\/h4>\n<p>Jedn\u00e1 se o mosazn\u00e9 profily, na kter\u00e9 je nanesena tenk\u00e1 vrstva niklu a chromu. Vrstva chromu chr\u00e1n\u00ed povrch profilu p\u0159ed koroz\u00ed a zvy\u0161uje jeho tvrdost.<br \/>\nChromov\u00e9 profily jsou vhodn\u00e9 do exteri\u00e9r\u016f a interi\u00e9r\u016f. Jsou vhodn\u00e9 do\u00a0vlhk\u00e9ho prost\u0159ed\u00ed (koupelny). P\u0159i zabudov\u00e1n\u00ed chromov\u00fdch profil\u016f je\u00a0vhodn\u00e9 za\u0159\u00edznutou \u010d\u00e1st profilu um\u00edstit mimo kontakt s\u00a0vlhkost\u00ed.<\/p>\n<h4>Vlo\u017eky dilata\u010dn\u00edch profil\u016f:<\/h4>\n<h5>M\u011bk\u010den\u00e9 PVC:<\/h5>\n<p>Materi\u00e1l je odoln\u00fd v\u016f\u010di v\u0161em b\u011b\u017en\u00fdm \u010dist\u00edc\u00edm prost\u0159edk\u016fm v\u010detn\u011b chlorov\u00fdch. Odol\u00e1v\u00e1 rovn\u011b\u017e posypov\u00e9 soli. Materi\u00e1l nen\u00ed vhodn\u00fd v\u016f\u010di rozpou\u0161t\u011bdl\u016fm jako jsou ACETON, HEXANON apod. (doch\u00e1z\u00ed k\u00a0bobtn\u00e1n\u00ed materi\u00e1lu).<\/p>\n<h5>Pry\u017e EPDM:<\/h5>\n<p>materi\u00e1l je odoln\u00fd v\u016f\u010di v\u0161em b\u011b\u017en\u00fdm \u010dist\u00edc\u00edm prost\u0159edk\u016fm v\u010detn\u011b chlorov\u00fdch. Odol\u00e1v\u00e1 rovn\u011b\u017e posypov\u00e9 soli.<br \/>\nMateri\u00e1l nen\u00ed odoln\u00fd v\u016f\u010di rozpou\u0161t\u011bdl\u016fm jako jsou ACETON, HEXANON apod. (doch\u00e1z\u00ed k\u00a0bobtn\u00e1n\u00ed materi\u00e1lu). Materi\u00e1l nen\u00ed odoln\u00fd v\u016f\u010di miner\u00e1ln\u00edm olej\u016fm.<\/p>\n<p><strong>V prostor\u00e1ch, ve kter\u00fdch jsou profily ze surov\u00fdch materi\u00e1l\u016f zabudov\u00e1ny, je\u00a0nutn\u00e9 zabezpe\u010dit p\u0159irozen\u00e9 v\u011btr\u00e1n\u00ed. Po zabudov\u00e1n\u00ed nep\u0159ikr\u00fdvat foli\u00ed apod.<\/strong>[\/vc_column_text][vc_column_text]<\/p>\n<h4>INFO &#8211; B\u011a\u017dN\u00c1 \u00daDR\u017dBA<\/h4>\n<p>\u00dadr\u017eba profil\u016f by m\u011bla b\u00fdt prov\u00e1d\u011bna pouze spr\u00e1vn\u011b na\u0159ed\u011bn\u00fdmi neagresivn\u00edmi \u010dist\u00edc\u00edmi prost\u0159edky, profily by v\u0161ak nem\u011bly b\u00fdt dlouhodob\u011b vystaveny p\u016fsoben\u00ed p\u0159\u00edpravku. Nezbytnost\u00ed je profil po ka\u017ed\u00e9 \u00fadr\u017eb\u011b om\u00fdt dostate\u010dn\u00fdm mno\u017estv\u00edm \u010dist\u00e9 vody, aby na povrchu nez\u016fstaly zbytky chemik\u00e1li\u00ed.<br \/>\nMezi agresivn\u00ed \u010dist\u00edc\u00ed prost\u0159edky pat\u0159\u00ed nap\u0159.: prost\u0159edky na odstra\u0148ov\u00e1n\u00ed vodn\u00edho kamene, \u010di\u0161t\u011bn\u00ed odpad\u016f, \u010di\u0161t\u011bn\u00ed cementov\u00fdch usazenin, p\u0159\u00edpravky na odstra\u0148ov\u00e1n\u00ed p\u0159ipe\u010den\u00fdch ne\u010distot ze spor\u00e1k\u016f apod.<br \/>\nDal\u0161\u00ed d\u016fle\u017eit\u00e9 informace jsou uvedeny v technick\u00e9m listu dan\u00e9ho produktu.[\/vc_column_text][vc_column_text]<i class=\"icon-download\" style=\"\" aria-hidden=\"true\"><\/i> <a href=\"https:\/\/www.havos.cz\/wp-content\/uploads\/2020\/02\/havos_b09d-e_technicky-list_dilatacni-profil-vulkanizovany.pdf\">Technick\u00fd list &#8211; Dilata\u010dn\u00ed profil vulkanizovan\u00fd <\/a>[\/vc_column_text][\/vc_column][\/vc_row]<\/p>\n","protected":false},"excerpt":{"rendered":"<p>[vc_row][vc_column width=&#8221;1\/2&#8243;][vc_column_text] INFO &#8211; MATERI\u00c1LOV\u00c9 VLASTNOSTI A SPECI\u00c1LN\u00cd \u00daDR\u017dBA Hlin\u00edkov\u00e9 a eloxovan\u00e9 profily: Ukon\u010dovac\u00ed profily z\u00a0p\u0159\u00edrodn\u00edho hlin\u00edku jsou vhodn\u00e9 do interi\u00e9r\u016f i\u00a0do\u00a0exteri\u00e9r\u016f. V\u00a0prost\u0159ed\u00ed se zv\u00fd\u0161enou vlhkost\u00ed<\/p>\n","protected":false},"featured_media":14673,"template":"","meta":{"_acf_changed":false,"_links_to":"","_links_to_target":""},"product_brand":[],"product_cat":[365,837],"product_tag":[],"class_list":{"0":"post-11762","1":"product","2":"type-product","3":"status-publish","4":"has-post-thumbnail","6":"product_cat-metal-trims","7":"product_cat-movement-joint","9":"first","10":"instock","11":"shipping-taxable","12":"purchasable","13":"product-type-variable"},"acf":[],"yoast_head":"<!-- This site is optimized with the Yoast SEO plugin v26.4 - https:\/\/yoast.com\/wordpress\/plugins\/seo\/ -->\n<title>B09d MOVEMENT JOINT VULCANIZED - Havos<\/title>\n<meta name=\"robots\" content=\"index, follow, max-snippet:-1, max-image-preview:large, max-video-preview:-1\" \/>\n<link rel=\"canonical\" href=\"https:\/\/www.havos.cz\/produkt\/b09d-dilatacni-profil-vulkanizovany\/\" \/>\n<meta property=\"og:locale\" content=\"en_US\" \/>\n<meta property=\"og:type\" content=\"article\" \/>\n<meta property=\"og:title\" content=\"B09d MOVEMENT JOINT VULCANIZED - Havos\" \/>\n<meta property=\"og:description\" content=\"[vc_row][vc_column width=&#8221;1\/2&#8243;][vc_column_text] INFO &#8211; MATERI\u00c1LOV\u00c9 VLASTNOSTI A SPECI\u00c1LN\u00cd \u00daDR\u017dBA Hlin\u00edkov\u00e9 a eloxovan\u00e9 profily: Ukon\u010dovac\u00ed profily z\u00a0p\u0159\u00edrodn\u00edho hlin\u00edku jsou vhodn\u00e9 do interi\u00e9r\u016f i\u00a0do\u00a0exteri\u00e9r\u016f. V\u00a0prost\u0159ed\u00ed se zv\u00fd\u0161enou vlhkost\u00ed\" \/>\n<meta property=\"og:url\" content=\"https:\/\/www.havos.cz\/produkt\/b09d-dilatacni-profil-vulkanizovany\/\" \/>\n<meta property=\"og:site_name\" content=\"Havos\" \/>\n<meta property=\"article:modified_time\" content=\"2020-04-24T08:20:24+00:00\" \/>\n<meta property=\"og:image\" content=\"https:\/\/www.havos.cz\/wp-content\/uploads\/2020\/02\/b09d-dilatacni-profil.jpg\" \/>\n\t<meta property=\"og:image:width\" content=\"960\" \/>\n\t<meta property=\"og:image:height\" content=\"720\" \/>\n\t<meta property=\"og:image:type\" content=\"image\/jpeg\" \/>\n<meta name=\"twitter:card\" content=\"summary_large_image\" \/>\n<meta name=\"twitter:label1\" content=\"Est. reading time\" \/>\n\t<meta name=\"twitter:data1\" content=\"4 minutes\" \/>\n<script type=\"application\/ld+json\" class=\"yoast-schema-graph\">{\"@context\":\"https:\/\/schema.org\",\"@graph\":[{\"@type\":\"WebPage\",\"@id\":\"https:\/\/www.havos.cz\/produkt\/b09d-dilatacni-profil-vulkanizovany\/\",\"url\":\"https:\/\/www.havos.cz\/produkt\/b09d-dilatacni-profil-vulkanizovany\/\",\"name\":\"B09d MOVEMENT JOINT VULCANIZED - Havos\",\"isPartOf\":{\"@id\":\"https:\/\/www.havos.cz\/en\/#website\"},\"primaryImageOfPage\":{\"@id\":\"https:\/\/www.havos.cz\/produkt\/b09d-dilatacni-profil-vulkanizovany\/#primaryimage\"},\"image\":{\"@id\":\"https:\/\/www.havos.cz\/produkt\/b09d-dilatacni-profil-vulkanizovany\/#primaryimage\"},\"thumbnailUrl\":\"https:\/\/www.havos.cz\/wp-content\/uploads\/2020\/02\/b09d-dilatacni-profil.jpg\",\"datePublished\":\"2020-02-09T00:00:00+00:00\",\"dateModified\":\"2020-04-24T08:20:24+00:00\",\"breadcrumb\":{\"@id\":\"https:\/\/www.havos.cz\/produkt\/b09d-dilatacni-profil-vulkanizovany\/#breadcrumb\"},\"inLanguage\":\"en-US\",\"potentialAction\":[{\"@type\":\"ReadAction\",\"target\":[\"https:\/\/www.havos.cz\/produkt\/b09d-dilatacni-profil-vulkanizovany\/\"]}]},{\"@type\":\"ImageObject\",\"inLanguage\":\"en-US\",\"@id\":\"https:\/\/www.havos.cz\/produkt\/b09d-dilatacni-profil-vulkanizovany\/#primaryimage\",\"url\":\"https:\/\/www.havos.cz\/wp-content\/uploads\/2020\/02\/b09d-dilatacni-profil.jpg\",\"contentUrl\":\"https:\/\/www.havos.cz\/wp-content\/uploads\/2020\/02\/b09d-dilatacni-profil.jpg\",\"width\":960,\"height\":720},{\"@type\":\"BreadcrumbList\",\"@id\":\"https:\/\/www.havos.cz\/produkt\/b09d-dilatacni-profil-vulkanizovany\/#breadcrumb\",\"itemListElement\":[{\"@type\":\"ListItem\",\"position\":1,\"name\":\"Home\",\"item\":\"https:\/\/www.havos.cz\/en\/\"},{\"@type\":\"ListItem\",\"position\":2,\"name\":\"Shop\",\"item\":\"https:\/\/www.havos.cz\/en\/shop\/\"},{\"@type\":\"ListItem\",\"position\":3,\"name\":\"B09d MOVEMENT JOINT VULCANIZED\"}]},{\"@type\":\"WebSite\",\"@id\":\"https:\/\/www.havos.cz\/en\/#website\",\"url\":\"https:\/\/www.havos.cz\/en\/\",\"name\":\"Havos\",\"description\":\"Li\u0161ty vyr\u00e1b\u011bn\u00e9 z hlin\u00edku, mosazi, oceli a PVC\",\"publisher\":{\"@id\":\"https:\/\/www.havos.cz\/en\/#organization\"},\"potentialAction\":[{\"@type\":\"SearchAction\",\"target\":{\"@type\":\"EntryPoint\",\"urlTemplate\":\"https:\/\/www.havos.cz\/en\/?s={search_term_string}\"},\"query-input\":{\"@type\":\"PropertyValueSpecification\",\"valueRequired\":true,\"valueName\":\"search_term_string\"}}],\"inLanguage\":\"en-US\"},{\"@type\":\"Organization\",\"@id\":\"https:\/\/www.havos.cz\/en\/#organization\",\"name\":\"Havos s.r.o.\",\"url\":\"https:\/\/www.havos.cz\/en\/\",\"logo\":{\"@type\":\"ImageObject\",\"inLanguage\":\"en-US\",\"@id\":\"https:\/\/www.havos.cz\/en\/#\/schema\/logo\/image\/\",\"url\":\"https:\/\/i0.wp.com\/www.havos.cz\/wp-content\/uploads\/2020\/03\/logo.jpg?fit=274%2C33&ssl=1\",\"contentUrl\":\"https:\/\/i0.wp.com\/www.havos.cz\/wp-content\/uploads\/2020\/03\/logo.jpg?fit=274%2C33&ssl=1\",\"width\":274,\"height\":33,\"caption\":\"Havos s.r.o.\"},\"image\":{\"@id\":\"https:\/\/www.havos.cz\/en\/#\/schema\/logo\/image\/\"}}]}<\/script>\n<!-- \/ Yoast SEO plugin. -->","yoast_head_json":{"title":"B09d MOVEMENT JOINT VULCANIZED - Havos","robots":{"index":"index","follow":"follow","max-snippet":"max-snippet:-1","max-image-preview":"max-image-preview:large","max-video-preview":"max-video-preview:-1"},"canonical":"https:\/\/www.havos.cz\/produkt\/b09d-dilatacni-profil-vulkanizovany\/","og_locale":"en_US","og_type":"article","og_title":"B09d MOVEMENT JOINT VULCANIZED - Havos","og_description":"[vc_row][vc_column width=&#8221;1\/2&#8243;][vc_column_text] INFO &#8211; MATERI\u00c1LOV\u00c9 VLASTNOSTI A SPECI\u00c1LN\u00cd \u00daDR\u017dBA Hlin\u00edkov\u00e9 a eloxovan\u00e9 profily: Ukon\u010dovac\u00ed profily z\u00a0p\u0159\u00edrodn\u00edho hlin\u00edku jsou vhodn\u00e9 do interi\u00e9r\u016f i\u00a0do\u00a0exteri\u00e9r\u016f. V\u00a0prost\u0159ed\u00ed se zv\u00fd\u0161enou vlhkost\u00ed","og_url":"https:\/\/www.havos.cz\/produkt\/b09d-dilatacni-profil-vulkanizovany\/","og_site_name":"Havos","article_modified_time":"2020-04-24T08:20:24+00:00","og_image":[{"width":960,"height":720,"url":"https:\/\/www.havos.cz\/wp-content\/uploads\/2020\/02\/b09d-dilatacni-profil.jpg","type":"image\/jpeg"}],"twitter_card":"summary_large_image","twitter_misc":{"Est. reading time":"4 minutes"},"schema":{"@context":"https:\/\/schema.org","@graph":[{"@type":"WebPage","@id":"https:\/\/www.havos.cz\/produkt\/b09d-dilatacni-profil-vulkanizovany\/","url":"https:\/\/www.havos.cz\/produkt\/b09d-dilatacni-profil-vulkanizovany\/","name":"B09d MOVEMENT JOINT VULCANIZED - Havos","isPartOf":{"@id":"https:\/\/www.havos.cz\/en\/#website"},"primaryImageOfPage":{"@id":"https:\/\/www.havos.cz\/produkt\/b09d-dilatacni-profil-vulkanizovany\/#primaryimage"},"image":{"@id":"https:\/\/www.havos.cz\/produkt\/b09d-dilatacni-profil-vulkanizovany\/#primaryimage"},"thumbnailUrl":"https:\/\/www.havos.cz\/wp-content\/uploads\/2020\/02\/b09d-dilatacni-profil.jpg","datePublished":"2020-02-09T00:00:00+00:00","dateModified":"2020-04-24T08:20:24+00:00","breadcrumb":{"@id":"https:\/\/www.havos.cz\/produkt\/b09d-dilatacni-profil-vulkanizovany\/#breadcrumb"},"inLanguage":"en-US","potentialAction":[{"@type":"ReadAction","target":["https:\/\/www.havos.cz\/produkt\/b09d-dilatacni-profil-vulkanizovany\/"]}]},{"@type":"ImageObject","inLanguage":"en-US","@id":"https:\/\/www.havos.cz\/produkt\/b09d-dilatacni-profil-vulkanizovany\/#primaryimage","url":"https:\/\/www.havos.cz\/wp-content\/uploads\/2020\/02\/b09d-dilatacni-profil.jpg","contentUrl":"https:\/\/www.havos.cz\/wp-content\/uploads\/2020\/02\/b09d-dilatacni-profil.jpg","width":960,"height":720},{"@type":"BreadcrumbList","@id":"https:\/\/www.havos.cz\/produkt\/b09d-dilatacni-profil-vulkanizovany\/#breadcrumb","itemListElement":[{"@type":"ListItem","position":1,"name":"Home","item":"https:\/\/www.havos.cz\/en\/"},{"@type":"ListItem","position":2,"name":"Shop","item":"https:\/\/www.havos.cz\/en\/shop\/"},{"@type":"ListItem","position":3,"name":"B09d MOVEMENT JOINT VULCANIZED"}]},{"@type":"WebSite","@id":"https:\/\/www.havos.cz\/en\/#website","url":"https:\/\/www.havos.cz\/en\/","name":"Havos","description":"Li\u0161ty vyr\u00e1b\u011bn\u00e9 z hlin\u00edku, mosazi, oceli a PVC","publisher":{"@id":"https:\/\/www.havos.cz\/en\/#organization"},"potentialAction":[{"@type":"SearchAction","target":{"@type":"EntryPoint","urlTemplate":"https:\/\/www.havos.cz\/en\/?s={search_term_string}"},"query-input":{"@type":"PropertyValueSpecification","valueRequired":true,"valueName":"search_term_string"}}],"inLanguage":"en-US"},{"@type":"Organization","@id":"https:\/\/www.havos.cz\/en\/#organization","name":"Havos s.r.o.","url":"https:\/\/www.havos.cz\/en\/","logo":{"@type":"ImageObject","inLanguage":"en-US","@id":"https:\/\/www.havos.cz\/en\/#\/schema\/logo\/image\/","url":"https:\/\/i0.wp.com\/www.havos.cz\/wp-content\/uploads\/2020\/03\/logo.jpg?fit=274%2C33&ssl=1","contentUrl":"https:\/\/i0.wp.com\/www.havos.cz\/wp-content\/uploads\/2020\/03\/logo.jpg?fit=274%2C33&ssl=1","width":274,"height":33,"caption":"Havos s.r.o."},"image":{"@id":"https:\/\/www.havos.cz\/en\/#\/schema\/logo\/image\/"}}]}},"_links":{"self":[{"href":"https:\/\/www.havos.cz\/en\/wp-json\/wp\/v2\/product\/11762","targetHints":{"allow":["GET"]}}],"collection":[{"href":"https:\/\/www.havos.cz\/en\/wp-json\/wp\/v2\/product"}],"about":[{"href":"https:\/\/www.havos.cz\/en\/wp-json\/wp\/v2\/types\/product"}],"wp:featuredmedia":[{"embeddable":true,"href":"https:\/\/www.havos.cz\/en\/wp-json\/wp\/v2\/media\/14673"}],"wp:attachment":[{"href":"https:\/\/www.havos.cz\/en\/wp-json\/wp\/v2\/media?parent=11762"}],"wp:term":[{"taxonomy":"product_brand","embeddable":true,"href":"https:\/\/www.havos.cz\/en\/wp-json\/wp\/v2\/product_brand?post=11762"},{"taxonomy":"product_cat","embeddable":true,"href":"https:\/\/www.havos.cz\/en\/wp-json\/wp\/v2\/product_cat?post=11762"},{"taxonomy":"product_tag","embeddable":true,"href":"https:\/\/www.havos.cz\/en\/wp-json\/wp\/v2\/product_tag?post=11762"}],"curies":[{"name":"wp","href":"https:\/\/api.w.org\/{rel}","templated":true}]}}