{"id":13529,"date":"2020-03-20T12:48:22","date_gmt":"2020-03-20T12:48:22","guid":{"rendered":"https:\/\/www.havos.cz\/?page_id=13529"},"modified":"2020-05-07T19:53:55","modified_gmt":"2020-05-07T19:53:55","slug":"about-us","status":"publish","type":"page","link":"https:\/\/www.havos.cz\/en\/about-us\/","title":{"rendered":"About us"},"content":{"rendered":"<p>[vc_row][vc_column][vc_column_text]We are a 100% Czech manufacturer, engaged since 1998 in producing a wide range of metal and plastic finishing profiles for tiling and magnets, inspection and magnetic access doors, as well as other products for the construction industry. For more than 20 years, our Czech manufacturing has built its reputation on using top-quality materials sourced from Europe. Trims are made of aluminium, steel, brass or PVC.<\/p>\n<style type=\"text\/css\">\n#foogallery-gallery-13412.fg-justified .fg-item { margin-right: 1px; margin-bottom: 1px; }\n#foogallery-gallery-13412.fg-justified .fg-image { height: 150px; }<\/style>\n\t\t\t<style type=\"text\/css\">\n#foogallery-gallery-13412_1.fg-justified .fg-item { margin-right: 1px; margin-bottom: 1px; }\n#foogallery-gallery-13412_1.fg-justified .fg-image { height: 150px; }<\/style>\n\t\t\t<div class=\"foogallery foogallery-container foogallery-justified foogallery-lightbox-dfactory fg-justified fg-ready fg-light fg-border-thin fg-shadow-outline fg-loading-default fg-loaded-fade-in fg-caption-hover fg-hover-fade fg-hover-zoom3\" id=\"foogallery-gallery-13412_1\" data-foogallery=\"{&quot;item&quot;:{&quot;showCaptionTitle&quot;:true,&quot;showCaptionDescription&quot;:true},&quot;lazy&quot;:true,&quot;template&quot;:{&quot;rowHeight&quot;:150,&quot;maxRowHeight&quot;:300,&quot;margins&quot;:1,&quot;align&quot;:&quot;center&quot;,&quot;lastRow&quot;:&quot;smart&quot;}}\" >\n\t<div class=\"fg-item fg-type-image fg-idle\"><figure class=\"fg-item-inner\"><a href=\"https:\/\/www.havos.cz\/wp-content\/uploads\/2020\/04\/dsc_0152.jpg\" data-attachment-id=\"13413\" data-rel=\"lightbox-image-bGlnaHRib3g=\" data-rl_title=\"\" data-rl_caption=\"\" data-type=\"image\" class=\"fg-thumb\" title=\"\"><span class=\"fg-image-wrap\"><img fetchpriority=\"high\" decoding=\"async\" height=\"300\" width=\"448\" class=\"skip-lazy fg-image\" data-src-fg=\"https:\/\/www.havos.cz\/wp-content\/uploads\/cache\/2020\/04\/dsc_0152\/3751398818.jpg\" src=\"data:image\/svg+xml,%3Csvg%20xmlns%3D%22http%3A%2F%2Fwww.w3.org%2F2000%2Fsvg%22%20width%3D%22448%22%20height%3D%22300%22%20viewBox%3D%220%200%20448%20300%22%3E%3C%2Fsvg%3E\" loading=\"eager\"><\/span><span class=\"fg-image-overlay\"><\/span><\/a><\/figure><div class=\"fg-loader\"><\/div><\/div><div class=\"fg-item fg-type-image fg-idle\"><figure class=\"fg-item-inner\"><a href=\"https:\/\/www.havos.cz\/wp-content\/uploads\/2020\/04\/dsc_0158.jpg\" data-attachment-id=\"13419\" data-rel=\"lightbox-image-bGlnaHRib3g=\" data-rl_title=\"\" data-rl_caption=\"\" data-type=\"image\" class=\"fg-thumb\" title=\"\"><span class=\"fg-image-wrap\"><img decoding=\"async\" height=\"300\" width=\"448\" class=\"skip-lazy fg-image\" data-src-fg=\"https:\/\/www.havos.cz\/wp-content\/uploads\/cache\/2020\/04\/dsc_0158\/1193294331.jpg\" src=\"data:image\/svg+xml,%3Csvg%20xmlns%3D%22http%3A%2F%2Fwww.w3.org%2F2000%2Fsvg%22%20width%3D%22448%22%20height%3D%22300%22%20viewBox%3D%220%200%20448%20300%22%3E%3C%2Fsvg%3E\" loading=\"eager\"><\/span><span class=\"fg-image-overlay\"><\/span><\/a><\/figure><div class=\"fg-loader\"><\/div><\/div><div class=\"fg-item fg-type-image fg-idle\"><figure class=\"fg-item-inner\"><a href=\"https:\/\/www.havos.cz\/wp-content\/uploads\/2020\/04\/img_0663.jpg\" data-attachment-id=\"13422\" data-rel=\"lightbox-image-bGlnaHRib3g=\" data-rl_title=\"\" data-rl_caption=\"\" data-type=\"image\" class=\"fg-thumb\" title=\"\"><span class=\"fg-image-wrap\"><img decoding=\"async\" height=\"300\" width=\"400\" class=\"skip-lazy fg-image\" data-src-fg=\"https:\/\/www.havos.cz\/wp-content\/uploads\/cache\/2020\/04\/img_0663\/1030189216.jpg\" src=\"data:image\/svg+xml,%3Csvg%20xmlns%3D%22http%3A%2F%2Fwww.w3.org%2F2000%2Fsvg%22%20width%3D%22400%22%20height%3D%22300%22%20viewBox%3D%220%200%20400%20300%22%3E%3C%2Fsvg%3E\" loading=\"eager\"><\/span><span class=\"fg-image-overlay\"><\/span><\/a><\/figure><div class=\"fg-loader\"><\/div><\/div><div class=\"fg-item fg-type-image fg-idle\"><figure class=\"fg-item-inner\"><a href=\"https:\/\/www.havos.cz\/wp-content\/uploads\/2020\/04\/dsc_0157-1.jpg\" data-attachment-id=\"13425\" data-rel=\"lightbox-image-bGlnaHRib3g=\" data-rl_title=\"\" data-rl_caption=\"\" data-type=\"image\" class=\"fg-thumb\" title=\"\"><span class=\"fg-image-wrap\"><img decoding=\"async\" height=\"300\" width=\"448\" class=\"skip-lazy fg-image\" data-src-fg=\"https:\/\/www.havos.cz\/wp-content\/uploads\/cache\/2020\/04\/dsc_0157-1\/3395208219.jpg\" src=\"data:image\/svg+xml,%3Csvg%20xmlns%3D%22http%3A%2F%2Fwww.w3.org%2F2000%2Fsvg%22%20width%3D%22448%22%20height%3D%22300%22%20viewBox%3D%220%200%20448%20300%22%3E%3C%2Fsvg%3E\" loading=\"eager\"><\/span><span class=\"fg-image-overlay\"><\/span><\/a><\/figure><div class=\"fg-loader\"><\/div><\/div><\/div>\n\n<p>Different types of surfaces and colours enable you to choose how best to improve your interiors. We offer gloss, matte, anodized, brushed or wood decor strips. Not only do we cooperate with national partners, we also have customers in other European countries.[\/vc_column_text][\/vc_column][\/vc_row][vc_row][vc_column][vc_column_text]<\/p>\n<style type=\"text\/css\">\n#foogallery-gallery-13431.fg-justified .fg-item { margin-right: 1px; margin-bottom: 1px; }\n#foogallery-gallery-13431.fg-justified .fg-image { height: 150px; }<\/style>\n\t\t\t<style type=\"text\/css\">\n#foogallery-gallery-13431_1.fg-justified .fg-item { margin-right: 1px; margin-bottom: 1px; }\n#foogallery-gallery-13431_1.fg-justified .fg-image { height: 150px; }<\/style>\n\t\t\t<div class=\"foogallery foogallery-container foogallery-justified foogallery-lightbox-dfactory fg-justified fg-ready fg-light fg-border-thin fg-shadow-outline fg-loading-default fg-loaded-fade-in fg-caption-hover fg-hover-fade fg-hover-zoom3\" id=\"foogallery-gallery-13431_1\" data-foogallery=\"{&quot;item&quot;:{&quot;showCaptionTitle&quot;:true,&quot;showCaptionDescription&quot;:true},&quot;lazy&quot;:true,&quot;template&quot;:{&quot;rowHeight&quot;:150,&quot;maxRowHeight&quot;:300,&quot;margins&quot;:1,&quot;align&quot;:&quot;center&quot;,&quot;lastRow&quot;:&quot;smart&quot;}}\" >\n\t<div class=\"fg-item fg-type-image fg-idle\"><figure class=\"fg-item-inner\"><a href=\"https:\/\/www.havos.cz\/wp-content\/uploads\/2020\/04\/dsc7384.png\" data-attachment-id=\"13432\" data-rel=\"lightbox-image-bGlnaHRib3g=\" data-rl_title=\"\" data-rl_caption=\"\" data-type=\"image\" class=\"fg-thumb\" title=\"\"><span class=\"fg-image-wrap\"><img decoding=\"async\" height=\"300\" width=\"450\" class=\"skip-lazy fg-image\" data-src-fg=\"https:\/\/www.havos.cz\/wp-content\/uploads\/cache\/2020\/04\/dsc7384\/3361034443.png\" src=\"data:image\/svg+xml,%3Csvg%20xmlns%3D%22http%3A%2F%2Fwww.w3.org%2F2000%2Fsvg%22%20width%3D%22450%22%20height%3D%22300%22%20viewBox%3D%220%200%20450%20300%22%3E%3C%2Fsvg%3E\" loading=\"eager\"><\/span><span class=\"fg-image-overlay\"><\/span><\/a><\/figure><div class=\"fg-loader\"><\/div><\/div><div class=\"fg-item fg-type-image fg-idle\"><figure class=\"fg-item-inner\"><a href=\"https:\/\/www.havos.cz\/wp-content\/uploads\/2020\/04\/dsc7394.png\" data-attachment-id=\"13435\" data-rel=\"lightbox-image-bGlnaHRib3g=\" data-rl_title=\"\" data-rl_caption=\"\" data-type=\"image\" class=\"fg-thumb\" title=\"\"><span class=\"fg-image-wrap\"><img decoding=\"async\" height=\"300\" width=\"450\" class=\"skip-lazy fg-image\" data-src-fg=\"https:\/\/www.havos.cz\/wp-content\/uploads\/cache\/2020\/04\/dsc7394\/2216858738.png\" src=\"data:image\/svg+xml,%3Csvg%20xmlns%3D%22http%3A%2F%2Fwww.w3.org%2F2000%2Fsvg%22%20width%3D%22450%22%20height%3D%22300%22%20viewBox%3D%220%200%20450%20300%22%3E%3C%2Fsvg%3E\" loading=\"eager\"><\/span><span class=\"fg-image-overlay\"><\/span><\/a><\/figure><div class=\"fg-loader\"><\/div><\/div><div class=\"fg-item fg-type-image fg-idle\"><figure class=\"fg-item-inner\"><a href=\"https:\/\/www.havos.cz\/wp-content\/uploads\/2020\/04\/dsc7398.png\" data-attachment-id=\"13438\" data-rel=\"lightbox-image-bGlnaHRib3g=\" data-rl_title=\"\" data-rl_caption=\"\" data-type=\"image\" class=\"fg-thumb\" title=\"\"><span class=\"fg-image-wrap\"><img decoding=\"async\" height=\"300\" width=\"450\" class=\"skip-lazy fg-image\" data-src-fg=\"https:\/\/www.havos.cz\/wp-content\/uploads\/cache\/2020\/04\/dsc7398\/1193667531.png\" src=\"data:image\/svg+xml,%3Csvg%20xmlns%3D%22http%3A%2F%2Fwww.w3.org%2F2000%2Fsvg%22%20width%3D%22450%22%20height%3D%22300%22%20viewBox%3D%220%200%20450%20300%22%3E%3C%2Fsvg%3E\" loading=\"eager\"><\/span><span class=\"fg-image-overlay\"><\/span><\/a><\/figure><div class=\"fg-loader\"><\/div><\/div><div class=\"fg-item fg-type-image fg-idle\"><figure class=\"fg-item-inner\"><a href=\"https:\/\/www.havos.cz\/wp-content\/uploads\/2020\/04\/dsc7415.png\" data-attachment-id=\"13441\" data-rel=\"lightbox-image-bGlnaHRib3g=\" data-rl_title=\"\" data-rl_caption=\"\" data-type=\"image\" class=\"fg-thumb\" title=\"\"><span class=\"fg-image-wrap\"><img decoding=\"async\" height=\"300\" width=\"450\" class=\"skip-lazy fg-image\" data-src-fg=\"https:\/\/www.havos.cz\/wp-content\/uploads\/cache\/2020\/04\/dsc7415\/889332135.png\" src=\"data:image\/svg+xml,%3Csvg%20xmlns%3D%22http%3A%2F%2Fwww.w3.org%2F2000%2Fsvg%22%20width%3D%22450%22%20height%3D%22300%22%20viewBox%3D%220%200%20450%20300%22%3E%3C%2Fsvg%3E\" loading=\"eager\"><\/span><span class=\"fg-image-overlay\"><\/span><\/a><\/figure><div class=\"fg-loader\"><\/div><\/div><div class=\"fg-item fg-type-image fg-idle\"><figure class=\"fg-item-inner\"><a href=\"https:\/\/www.havos.cz\/wp-content\/uploads\/2020\/04\/dsc7417.png\" data-attachment-id=\"13444\" data-rel=\"lightbox-image-bGlnaHRib3g=\" data-rl_title=\"\" data-rl_caption=\"\" data-type=\"image\" class=\"fg-thumb\" title=\"\"><span class=\"fg-image-wrap\"><img decoding=\"async\" height=\"300\" width=\"450\" class=\"skip-lazy fg-image\" data-src-fg=\"https:\/\/www.havos.cz\/wp-content\/uploads\/cache\/2020\/04\/dsc7417\/284523484.png\" src=\"data:image\/svg+xml,%3Csvg%20xmlns%3D%22http%3A%2F%2Fwww.w3.org%2F2000%2Fsvg%22%20width%3D%22450%22%20height%3D%22300%22%20viewBox%3D%220%200%20450%20300%22%3E%3C%2Fsvg%3E\" loading=\"eager\"><\/span><span class=\"fg-image-overlay\"><\/span><\/a><\/figure><div class=\"fg-loader\"><\/div><\/div><\/div>\n\n<p>[\/vc_column_text][\/vc_column][\/vc_row][vc_row][vc_column][\/vc_column][\/vc_row]<\/p>\n","protected":false},"excerpt":{"rendered":"<p>[vc_row][vc_column][vc_column_text]We are a 100% Czech manufacturer, engaged since 1998 in producing a wide range of metal and plastic finishing profiles for tiling and magnets, inspection and<\/p>\n","protected":false},"author":3,"featured_media":0,"parent":0,"menu_order":0,"comment_status":"closed","ping_status":"closed","template":"","meta":{"_acf_changed":false,"footnotes":"","_links_to":"","_links_to_target":""},"class_list":["post-13529","page","type-page","status-publish","hentry"],"acf":[],"yoast_head":"<!-- This site is optimized with the Yoast SEO plugin v26.4 - https:\/\/yoast.com\/wordpress\/plugins\/seo\/ -->\n<title>About us - Havos<\/title>\n<meta name=\"robots\" content=\"index, follow, max-snippet:-1, max-image-preview:large, max-video-preview:-1\" \/>\n<link rel=\"canonical\" href=\"https:\/\/www.havos.cz\/o-nas\/\" \/>\n<meta property=\"og:locale\" content=\"en_US\" \/>\n<meta property=\"og:type\" content=\"article\" \/>\n<meta property=\"og:title\" content=\"About us - Havos\" \/>\n<meta property=\"og:description\" content=\"[vc_row][vc_column][vc_column_text]We are a 100% Czech manufacturer, engaged since 1998 in producing a wide range of metal and plastic finishing profiles for tiling and magnets, inspection and\" \/>\n<meta property=\"og:url\" content=\"https:\/\/www.havos.cz\/o-nas\/\" \/>\n<meta property=\"og:site_name\" content=\"Havos\" \/>\n<meta property=\"article:modified_time\" content=\"2020-05-07T19:53:55+00:00\" \/>\n<meta name=\"twitter:card\" content=\"summary_large_image\" \/>\n<meta name=\"twitter:label1\" content=\"Est. reading time\" \/>\n\t<meta name=\"twitter:data1\" content=\"1 minute\" \/>\n<script type=\"application\/ld+json\" class=\"yoast-schema-graph\">{\"@context\":\"https:\/\/schema.org\",\"@graph\":[{\"@type\":\"WebPage\",\"@id\":\"https:\/\/www.havos.cz\/o-nas\/\",\"url\":\"https:\/\/www.havos.cz\/o-nas\/\",\"name\":\"About us - Havos\",\"isPartOf\":{\"@id\":\"https:\/\/www.havos.cz\/en\/#website\"},\"datePublished\":\"2020-03-20T12:48:22+00:00\",\"dateModified\":\"2020-05-07T19:53:55+00:00\",\"breadcrumb\":{\"@id\":\"https:\/\/www.havos.cz\/o-nas\/#breadcrumb\"},\"inLanguage\":\"en-US\",\"potentialAction\":[{\"@type\":\"ReadAction\",\"target\":[\"https:\/\/www.havos.cz\/o-nas\/\"]}]},{\"@type\":\"BreadcrumbList\",\"@id\":\"https:\/\/www.havos.cz\/o-nas\/#breadcrumb\",\"itemListElement\":[{\"@type\":\"ListItem\",\"position\":1,\"name\":\"Home\",\"item\":\"https:\/\/www.havos.cz\/en\/\"},{\"@type\":\"ListItem\",\"position\":2,\"name\":\"About us\"}]},{\"@type\":\"WebSite\",\"@id\":\"https:\/\/www.havos.cz\/en\/#website\",\"url\":\"https:\/\/www.havos.cz\/en\/\",\"name\":\"Havos\",\"description\":\"Li\u0161ty vyr\u00e1b\u011bn\u00e9 z hlin\u00edku, mosazi, oceli a PVC\",\"publisher\":{\"@id\":\"https:\/\/www.havos.cz\/en\/#organization\"},\"potentialAction\":[{\"@type\":\"SearchAction\",\"target\":{\"@type\":\"EntryPoint\",\"urlTemplate\":\"https:\/\/www.havos.cz\/en\/?s={search_term_string}\"},\"query-input\":{\"@type\":\"PropertyValueSpecification\",\"valueRequired\":true,\"valueName\":\"search_term_string\"}}],\"inLanguage\":\"en-US\"},{\"@type\":\"Organization\",\"@id\":\"https:\/\/www.havos.cz\/en\/#organization\",\"name\":\"Havos s.r.o.\",\"url\":\"https:\/\/www.havos.cz\/en\/\",\"logo\":{\"@type\":\"ImageObject\",\"inLanguage\":\"en-US\",\"@id\":\"https:\/\/www.havos.cz\/en\/#\/schema\/logo\/image\/\",\"url\":\"https:\/\/i0.wp.com\/www.havos.cz\/wp-content\/uploads\/2020\/03\/logo.jpg?fit=274%2C33&ssl=1\",\"contentUrl\":\"https:\/\/i0.wp.com\/www.havos.cz\/wp-content\/uploads\/2020\/03\/logo.jpg?fit=274%2C33&ssl=1\",\"width\":274,\"height\":33,\"caption\":\"Havos s.r.o.\"},\"image\":{\"@id\":\"https:\/\/www.havos.cz\/en\/#\/schema\/logo\/image\/\"}}]}<\/script>\n<!-- \/ Yoast SEO plugin. -->","yoast_head_json":{"title":"About us - Havos","robots":{"index":"index","follow":"follow","max-snippet":"max-snippet:-1","max-image-preview":"max-image-preview:large","max-video-preview":"max-video-preview:-1"},"canonical":"https:\/\/www.havos.cz\/o-nas\/","og_locale":"en_US","og_type":"article","og_title":"About us - Havos","og_description":"[vc_row][vc_column][vc_column_text]We are a 100% Czech manufacturer, engaged since 1998 in producing a wide range of metal and plastic finishing profiles for tiling and magnets, inspection and","og_url":"https:\/\/www.havos.cz\/o-nas\/","og_site_name":"Havos","article_modified_time":"2020-05-07T19:53:55+00:00","twitter_card":"summary_large_image","twitter_misc":{"Est. reading time":"1 minute"},"schema":{"@context":"https:\/\/schema.org","@graph":[{"@type":"WebPage","@id":"https:\/\/www.havos.cz\/o-nas\/","url":"https:\/\/www.havos.cz\/o-nas\/","name":"About us - Havos","isPartOf":{"@id":"https:\/\/www.havos.cz\/en\/#website"},"datePublished":"2020-03-20T12:48:22+00:00","dateModified":"2020-05-07T19:53:55+00:00","breadcrumb":{"@id":"https:\/\/www.havos.cz\/o-nas\/#breadcrumb"},"inLanguage":"en-US","potentialAction":[{"@type":"ReadAction","target":["https:\/\/www.havos.cz\/o-nas\/"]}]},{"@type":"BreadcrumbList","@id":"https:\/\/www.havos.cz\/o-nas\/#breadcrumb","itemListElement":[{"@type":"ListItem","position":1,"name":"Home","item":"https:\/\/www.havos.cz\/en\/"},{"@type":"ListItem","position":2,"name":"About us"}]},{"@type":"WebSite","@id":"https:\/\/www.havos.cz\/en\/#website","url":"https:\/\/www.havos.cz\/en\/","name":"Havos","description":"Li\u0161ty vyr\u00e1b\u011bn\u00e9 z hlin\u00edku, mosazi, oceli a PVC","publisher":{"@id":"https:\/\/www.havos.cz\/en\/#organization"},"potentialAction":[{"@type":"SearchAction","target":{"@type":"EntryPoint","urlTemplate":"https:\/\/www.havos.cz\/en\/?s={search_term_string}"},"query-input":{"@type":"PropertyValueSpecification","valueRequired":true,"valueName":"search_term_string"}}],"inLanguage":"en-US"},{"@type":"Organization","@id":"https:\/\/www.havos.cz\/en\/#organization","name":"Havos s.r.o.","url":"https:\/\/www.havos.cz\/en\/","logo":{"@type":"ImageObject","inLanguage":"en-US","@id":"https:\/\/www.havos.cz\/en\/#\/schema\/logo\/image\/","url":"https:\/\/i0.wp.com\/www.havos.cz\/wp-content\/uploads\/2020\/03\/logo.jpg?fit=274%2C33&ssl=1","contentUrl":"https:\/\/i0.wp.com\/www.havos.cz\/wp-content\/uploads\/2020\/03\/logo.jpg?fit=274%2C33&ssl=1","width":274,"height":33,"caption":"Havos s.r.o."},"image":{"@id":"https:\/\/www.havos.cz\/en\/#\/schema\/logo\/image\/"}}]}},"_links":{"self":[{"href":"https:\/\/www.havos.cz\/en\/wp-json\/wp\/v2\/pages\/13529","targetHints":{"allow":["GET"]}}],"collection":[{"href":"https:\/\/www.havos.cz\/en\/wp-json\/wp\/v2\/pages"}],"about":[{"href":"https:\/\/www.havos.cz\/en\/wp-json\/wp\/v2\/types\/page"}],"author":[{"embeddable":true,"href":"https:\/\/www.havos.cz\/en\/wp-json\/wp\/v2\/users\/3"}],"replies":[{"embeddable":true,"href":"https:\/\/www.havos.cz\/en\/wp-json\/wp\/v2\/comments?post=13529"}],"version-history":[{"count":0,"href":"https:\/\/www.havos.cz\/en\/wp-json\/wp\/v2\/pages\/13529\/revisions"}],"wp:attachment":[{"href":"https:\/\/www.havos.cz\/en\/wp-json\/wp\/v2\/media?parent=13529"}],"curies":[{"name":"wp","href":"https:\/\/api.w.org\/{rel}","templated":true}]}}