{"id":13527,"date":"2018-12-30T22:29:37","date_gmt":"2018-12-30T22:29:37","guid":{"rendered":"https:\/\/www.havos.cz\/?page_id=13527"},"modified":"2020-05-07T11:49:20","modified_gmt":"2020-05-07T11:49:20","slug":"products","status":"publish","type":"page","link":"https:\/\/www.havos.cz\/en\/products\/","title":{"rendered":"Products"},"content":{"rendered":"<p>[vc_row][vc_column][vc_column_text]Our company\u2019s product lines are expanding every year. Currently, we offer metal, plastic or transition finishing trims for tiling. For many years, we have also been making inspection and magnetic access doors, and magnets for tiles.<\/p>\n<p>[\/vc_column_text][\/vc_column][\/vc_row][vc_row css=&#8221;.vc_custom_1585128131637{margin-top: 0px !important;padding-top: 25px !important;padding-bottom: 0px !important;}&#8221;][vc_column width=&#8221;1\/3&#8243; el_class=&#8221;boxyhp&#8221;]<a href=\"http:\/\/www.havos.cz\/en\/category\/metal-trims\/\" title=\"\"  data-id=\"mpc_icon_column-3569f16efdadc54\" class=\"mpc-icon-column mpc-init mpc-parent-hover mpc-transition mpc-animation mpc-icon-column--style_1 mpc-align--center \"  data-animation-in=\"transition.fadeIn||1400||0||100\"><div data-id=\"mpc_icon-7069f16efdae413\" class=\"mpc-icon mpc-init mpc-transition mpc-effect-none mpc-icon--image \"><div class=\"mpc-icon-wrap\"><i class=\"mpc-icon-part mpc-regular mpc-transition \"><img loading=\"lazy\" decoding=\"async\" width=\"368\" height=\"149\" src=\"https:\/\/www.havos.cz\/wp-content\/uploads\/2020\/03\/kov.jpg\" class=\"attachment-full\" alt=\"\" srcset=\"https:\/\/www.havos.cz\/wp-content\/uploads\/2020\/03\/kov.jpg 368w, https:\/\/www.havos.cz\/wp-content\/uploads\/2020\/03\/kov-300x121.jpg 300w, https:\/\/www.havos.cz\/wp-content\/uploads\/2020\/03\/kov-260x105.jpg 260w, https:\/\/www.havos.cz\/wp-content\/uploads\/2020\/03\/kov-50x20.jpg 50w, https:\/\/www.havos.cz\/wp-content\/uploads\/2020\/03\/kov-150x61.jpg 150w\" sizes=\"auto, (max-width:767px) 368px, 368px\" \/><\/i><\/div><\/div><div class=\"mpc-icon-column__content-wrap\"><div class=\"mpc-icon-column__content\"><h3 class=\"mpc-icon-column__heading mpc-typography--preset_1 mpc-transition\">Metal profiles<\/h3><\/div><\/div><\/a>[vc_empty_space height=&#8221;30px&#8221; css=&#8221;.vc_custom_1585128452961{margin: 0px !important;padding: 0px !important;}&#8221;][\/vc_column][vc_column width=&#8221;1\/3&#8243; el_class=&#8221;boxyhp&#8221;]<a href=\"http:\/\/www.havos.cz\/en\/category\/plastic-trims\/\" title=\"\"  data-id=\"mpc_icon_column-5469f16efdae4dd\" class=\"mpc-icon-column mpc-init mpc-parent-hover mpc-transition mpc-animation mpc-icon-column--style_1 mpc-align--center \"  data-animation-in=\"transition.fadeIn||1400||0||100\"><div data-id=\"mpc_icon-8469f16efdaebae\" class=\"mpc-icon mpc-init mpc-transition mpc-effect-none mpc-icon--image \"><div class=\"mpc-icon-wrap\"><i class=\"mpc-icon-part mpc-regular mpc-transition \"><img loading=\"lazy\" decoding=\"async\" width=\"368\" height=\"149\" src=\"https:\/\/www.havos.cz\/wp-content\/uploads\/2020\/03\/plast.jpg\" class=\"attachment-full\" alt=\"\" srcset=\"https:\/\/www.havos.cz\/wp-content\/uploads\/2020\/03\/plast.jpg 368w, https:\/\/www.havos.cz\/wp-content\/uploads\/2020\/03\/plast-300x121.jpg 300w, https:\/\/www.havos.cz\/wp-content\/uploads\/2020\/03\/plast-260x105.jpg 260w, https:\/\/www.havos.cz\/wp-content\/uploads\/2020\/03\/plast-50x20.jpg 50w, https:\/\/www.havos.cz\/wp-content\/uploads\/2020\/03\/plast-150x61.jpg 150w\" sizes=\"auto, (max-width:767px) 368px, 368px\" \/><\/i><\/div><\/div><div class=\"mpc-icon-column__content-wrap\"><div class=\"mpc-icon-column__content\"><h3 class=\"mpc-icon-column__heading mpc-typography--preset_1 mpc-transition\">Plastic profiles<\/h3><\/div><\/div><\/a>[vc_empty_space height=&#8221;30px&#8221; css=&#8221;.vc_custom_1585128452961{margin: 0px !important;padding: 0px !important;}&#8221;][\/vc_column][vc_column width=&#8221;1\/3&#8243; el_class=&#8221;boxyhp&#8221;]<a href=\"http:\/\/www.havos.cz\/en\/category\/transition-strips\/\" title=\"\"  data-id=\"mpc_icon_column-8569f16efdaec86\" class=\"mpc-icon-column mpc-init mpc-parent-hover mpc-transition mpc-animation mpc-icon-column--style_1 mpc-align--center \"  data-animation-in=\"transition.fadeIn||1400||0||100\"><div data-id=\"mpc_icon-169f16efdaf386\" class=\"mpc-icon mpc-init mpc-transition mpc-effect-none mpc-icon--image \"><div class=\"mpc-icon-wrap\"><i class=\"mpc-icon-part mpc-regular mpc-transition \"><img loading=\"lazy\" decoding=\"async\" width=\"368\" height=\"149\" src=\"https:\/\/www.havos.cz\/wp-content\/uploads\/2020\/03\/prechod-profil.jpg\" class=\"attachment-full\" alt=\"\" srcset=\"https:\/\/www.havos.cz\/wp-content\/uploads\/2020\/03\/prechod-profil.jpg 368w, https:\/\/www.havos.cz\/wp-content\/uploads\/2020\/03\/prechod-profil-300x121.jpg 300w, https:\/\/www.havos.cz\/wp-content\/uploads\/2020\/03\/prechod-profil-260x105.jpg 260w, https:\/\/www.havos.cz\/wp-content\/uploads\/2020\/03\/prechod-profil-50x20.jpg 50w, https:\/\/www.havos.cz\/wp-content\/uploads\/2020\/03\/prechod-profil-150x61.jpg 150w\" sizes=\"auto, (max-width:767px) 368px, 368px\" \/><\/i><\/div><\/div><div class=\"mpc-icon-column__content-wrap\"><div class=\"mpc-icon-column__content\"><h3 class=\"mpc-icon-column__heading mpc-typography--preset_1 mpc-transition\">Transitions strips<\/h3><\/div><\/div><\/a>[vc_empty_space height=&#8221;30px&#8221; css=&#8221;.vc_custom_1585128452961{margin: 0px !important;padding: 0px !important;}&#8221;][\/vc_column][\/vc_row][vc_row css=&#8221;.vc_custom_1585128183399{margin-top: 0px !important;padding-top: 0px !important;padding-bottom: 60px !important;}&#8221;][vc_column width=&#8221;1\/6&#8243; el_class=&#8221;boxyhp&#8221;][\/vc_column][vc_column width=&#8221;1\/3&#8243; el_class=&#8221;boxyhp&#8221;]<a href=\"http:\/\/www.havos.cz\/en\/category\/magnets-magnetics-and-inspection-assess-doors\/\" title=\"\"  data-id=\"mpc_icon_column-2569f16efdaf447\" class=\"mpc-icon-column mpc-init mpc-parent-hover mpc-transition mpc-animation mpc-icon-column--style_1 mpc-align--center \"  data-animation-in=\"transition.fadeIn||1400||0||100\"><div data-id=\"mpc_icon-6869f16efdafb9c\" class=\"mpc-icon mpc-init mpc-transition mpc-effect-none mpc-icon--image \"><div class=\"mpc-icon-wrap\"><i class=\"mpc-icon-part mpc-regular mpc-transition \"><img loading=\"lazy\" decoding=\"async\" width=\"368\" height=\"149\" src=\"https:\/\/www.havos.cz\/wp-content\/uploads\/2020\/03\/dvirka.jpg\" class=\"attachment-full\" alt=\"\" srcset=\"https:\/\/www.havos.cz\/wp-content\/uploads\/2020\/03\/dvirka.jpg 368w, https:\/\/www.havos.cz\/wp-content\/uploads\/2020\/03\/dvirka-300x121.jpg 300w, https:\/\/www.havos.cz\/wp-content\/uploads\/2020\/03\/dvirka-260x105.jpg 260w, https:\/\/www.havos.cz\/wp-content\/uploads\/2020\/03\/dvirka-50x20.jpg 50w, https:\/\/www.havos.cz\/wp-content\/uploads\/2020\/03\/dvirka-150x61.jpg 150w\" sizes=\"auto, (max-width:767px) 368px, 368px\" \/><\/i><\/div><\/div><div class=\"mpc-icon-column__content-wrap\"><div class=\"mpc-icon-column__content\"><div class=\"mpc-icon-column__description mpc-typography--preset_1 mpc-transition\"><p>Inspection doors and magnets<\/p>\n<\/div><\/div><\/div><\/a>[vc_empty_space height=&#8221;30px&#8221; css=&#8221;.vc_custom_1585128452961{margin: 0px !important;padding: 0px !important;}&#8221;][\/vc_column][vc_column width=&#8221;1\/3&#8243; el_class=&#8221;boxyhp&#8221;]<a href=\"http:\/\/www.havos.cz\/en\/category\/plastic-spacers-and-wedges\/\" title=\"\"  data-id=\"mpc_icon_column-2369f16efdafcbf\" class=\"mpc-icon-column mpc-init mpc-parent-hover mpc-transition mpc-animation mpc-icon-column--style_1 mpc-align--center \"  data-animation-in=\"transition.fadeIn||1400||0||100\"><div data-id=\"mpc_icon-7069f16efdb02d8\" class=\"mpc-icon mpc-init mpc-transition mpc-effect-none mpc-icon--image \"><div class=\"mpc-icon-wrap\"><i class=\"mpc-icon-part mpc-regular mpc-transition \"><img loading=\"lazy\" decoding=\"async\" width=\"368\" height=\"149\" src=\"https:\/\/www.havos.cz\/wp-content\/uploads\/2020\/03\/krizky.jpg\" class=\"attachment-full\" alt=\"\" srcset=\"https:\/\/www.havos.cz\/wp-content\/uploads\/2020\/03\/krizky.jpg 368w, https:\/\/www.havos.cz\/wp-content\/uploads\/2020\/03\/krizky-300x121.jpg 300w, https:\/\/www.havos.cz\/wp-content\/uploads\/2020\/03\/krizky-260x105.jpg 260w, https:\/\/www.havos.cz\/wp-content\/uploads\/2020\/03\/krizky-50x20.jpg 50w, https:\/\/www.havos.cz\/wp-content\/uploads\/2020\/03\/krizky-150x61.jpg 150w\" sizes=\"auto, (max-width:767px) 368px, 368px\" \/><\/i><\/div><\/div><div class=\"mpc-icon-column__content-wrap\"><div class=\"mpc-icon-column__content\"><div class=\"mpc-icon-column__description mpc-typography--preset_1 mpc-transition\"><p>Plastic crosses and spacers for tiles<\/p>\n<\/div><\/div><\/div><\/a>[\/vc_column][vc_column width=&#8221;1\/6&#8243;][\/vc_column][\/vc_row][vc_row][vc_column][vc_column_text]Last but not least, our assortment also comprises small accessories for installation, mainly spacers and wedges. We will be happy to help you choose the right product or provide you with technical support.[\/vc_column_text][\/vc_column][\/vc_row][vc_row disable_element=&#8221;yes&#8221;][vc_column]<div id=\"mpc_wc_grid_products_6569f16efdb630e\" class=\"mpc-wc-grid-products mpc-init mpc-init mpc-transition mpc--force-replace mpc--floating-box \"  data-grid-cols=\"3\" data-buttons-effect=\"\" data-content-effect=\"fade-in\" data-thumb-effects=\"none|none\" data-thumb-positions=\"middle:center|middle:center\"><div class=\"mpc-grid-sizer\"><\/div><div class=\"mpc-wc-product mpc-effect--zoomIn\"><div class=\"mpc-product__wrapper\"><div class=\"mpc-product__thumb-wrap\" style=\"\"><div data-mpc_link=\"https:\/\/www.havos.cz\/en\/produkt\/a09c-pvc-inner-corner-profiles\/\" class=\"mpc-product__thumb mpc-effect--target\" style=\"background-image: url(https:\/\/www.havos.cz\/wp-content\/uploads\/2020\/01\/a09c-1024x434.jpg);\"><\/div><\/div><div class=\"mpc-flex\"><div class=\"mpc-product__content mpc-transition\"><span class=\"mpc-product__heading mpc-transition mpc-typography--preset_1\"><a href=\"https:\/\/www.havos.cz\/en\/produkt\/a09c-pvc-inner-corner-profiles\/\" title=\"A09c PVC INNER CORNER PROFILES\">A09c PVC INNER CORNER PROFILES<\/a><\/span><\/div><div class=\"mpc-product__content-hover mpc-transition\"><span class=\"mpc-product__heading mpc-transition mpc-typography--preset_1\"><a href=\"https:\/\/www.havos.cz\/en\/produkt\/a09c-pvc-inner-corner-profiles\/\" title=\"A09c PVC INNER CORNER PROFILES\">A09c PVC INNER CORNER PROFILES<\/a><\/span><\/div><\/div><\/div><\/div><div class=\"mpc-wc-product mpc-effect--zoomIn\"><div class=\"mpc-product__wrapper\"><div class=\"mpc-product__thumb-wrap\" style=\"\"><div data-mpc_link=\"https:\/\/www.havos.cz\/en\/produkt\/b01a-edge-profile-l-solid\/\" class=\"mpc-product__thumb mpc-effect--target\" style=\"background-image: url(https:\/\/www.havos.cz\/wp-content\/uploads\/2024\/05\/b01a-hlinik-1024x434.jpg);\"><\/div><\/div><div class=\"mpc-flex\"><div class=\"mpc-product__content mpc-transition\"><span class=\"mpc-product__heading mpc-transition mpc-typography--preset_1\"><a href=\"https:\/\/www.havos.cz\/en\/produkt\/b01a-edge-profile-l-solid\/\" title=\"B01a EDGE PROFILE &#8216;L&#8217; &#8211; SOLID\">B01a EDGE PROFILE &#8216;L&#8217; &#8211; SOLID<\/a><\/span><\/div><div class=\"mpc-product__content-hover mpc-transition\"><span class=\"mpc-product__heading mpc-transition mpc-typography--preset_1\"><a href=\"https:\/\/www.havos.cz\/en\/produkt\/b01a-edge-profile-l-solid\/\" title=\"B01a EDGE PROFILE &#8216;L&#8217; &#8211; SOLID\">B01a EDGE PROFILE &#8216;L&#8217; &#8211; SOLID<\/a><\/span><\/div><\/div><\/div><\/div><div class=\"mpc-wc-product mpc-effect--zoomIn\"><div class=\"mpc-product__wrapper\"><div class=\"mpc-product__thumb-wrap\" style=\"\"><div data-mpc_link=\"https:\/\/www.havos.cz\/en\/produkt\/c04-transition-skewed-adhesive-profile\/\" class=\"mpc-product__thumb mpc-effect--target\" style=\"background-image: url(https:\/\/www.havos.cz\/wp-content\/uploads\/2023\/05\/lpz4alech90-zkos-elox-champagne-1024x434.png);\"><\/div><\/div><div class=\"mpc-flex\"><div class=\"mpc-product__content mpc-transition\"><span class=\"mpc-product__heading mpc-transition mpc-typography--preset_1\"><a href=\"https:\/\/www.havos.cz\/en\/produkt\/c04-transition-skewed-adhesive-profile\/\" title=\"C04 TRANSITION SKEWED &#8211; ADHESIVE PROFILE\">C04 TRANSITION SKEWED &#8211; ADHESIVE PROFILE<\/a><\/span><\/div><div class=\"mpc-product__content-hover mpc-transition\"><span class=\"mpc-product__heading mpc-transition mpc-typography--preset_1\"><a href=\"https:\/\/www.havos.cz\/en\/produkt\/c04-transition-skewed-adhesive-profile\/\" title=\"C04 TRANSITION SKEWED &#8211; ADHESIVE PROFILE\">C04 TRANSITION SKEWED &#8211; ADHESIVE PROFILE<\/a><\/span><\/div><\/div><\/div><\/div><div class=\"mpc-wc-product mpc-effect--zoomIn\"><div class=\"mpc-product__wrapper\"><div class=\"mpc-product__thumb-wrap\" style=\"\"><div data-mpc_link=\"https:\/\/www.havos.cz\/en\/produkt\/f02-wedge-shaped-spacers\/\" class=\"mpc-product__thumb mpc-effect--target\" style=\"background-image: url(https:\/\/www.havos.cz\/wp-content\/uploads\/2020\/03\/f02_-1024x434.jpg);\"><\/div><\/div><div class=\"mpc-flex\"><div class=\"mpc-product__content mpc-transition\"><span class=\"mpc-product__heading mpc-transition mpc-typography--preset_1\"><a href=\"https:\/\/www.havos.cz\/en\/produkt\/f02-wedge-shaped-spacers\/\" title=\"F02 WEDGE SHAPED SPACERS\">F02 WEDGE SHAPED SPACERS<\/a><\/span><\/div><div class=\"mpc-product__content-hover mpc-transition\"><span class=\"mpc-product__heading mpc-transition mpc-typography--preset_1\"><a href=\"https:\/\/www.havos.cz\/en\/produkt\/f02-wedge-shaped-spacers\/\" title=\"F02 WEDGE SHAPED SPACERS\">F02 WEDGE SHAPED SPACERS<\/a><\/span><\/div><\/div><\/div><\/div><div class=\"mpc-wc-product mpc-effect--zoomIn\"><div class=\"mpc-product__wrapper\"><div class=\"mpc-product__thumb-wrap\" style=\"\"><div data-mpc_link=\"https:\/\/www.havos.cz\/en\/produkt\/b02-formable-flexible-profile-l\/\" class=\"mpc-product__thumb mpc-effect--target\" style=\"background-image: url(https:\/\/www.havos.cz\/wp-content\/uploads\/2020\/02\/b02_-1024x640.jpg);\"><\/div><\/div><div class=\"mpc-flex\"><div class=\"mpc-product__content mpc-transition\"><span class=\"mpc-product__heading mpc-transition mpc-typography--preset_1\"><a href=\"https:\/\/www.havos.cz\/en\/produkt\/b02-formable-flexible-profile-l\/\" title=\"B02 FORMABLE (FLEXIBLE) PROFILE &#8216;L&#8217;\">B02 FORMABLE (FLEXIBLE) PROFILE &#8216;L&#8217;<\/a><\/span><\/div><div class=\"mpc-product__content-hover mpc-transition\"><span class=\"mpc-product__heading mpc-transition mpc-typography--preset_1\"><a href=\"https:\/\/www.havos.cz\/en\/produkt\/b02-formable-flexible-profile-l\/\" title=\"B02 FORMABLE (FLEXIBLE) PROFILE &#8216;L&#8217;\">B02 FORMABLE (FLEXIBLE) PROFILE &#8216;L&#8217;<\/a><\/span><\/div><\/div><\/div><\/div><div class=\"mpc-wc-product mpc-effect--zoomIn\"><div class=\"mpc-product__wrapper\"><div class=\"mpc-product__thumb-wrap\" style=\"\"><div data-mpc_link=\"https:\/\/www.havos.cz\/en\/produkt\/b01f-edge-profile-l-perforated-for-permeable-surfaces\/\" class=\"mpc-product__thumb mpc-effect--target\" style=\"background-image: url(https:\/\/www.havos.cz\/wp-content\/uploads\/2020\/02\/product_83-e1715064189565.jpg);\"><\/div><\/div><div class=\"mpc-flex\"><div class=\"mpc-product__content mpc-transition\"><span class=\"mpc-product__heading mpc-transition mpc-typography--preset_1\"><a href=\"https:\/\/www.havos.cz\/en\/produkt\/b01f-edge-profile-l-perforated-for-permeable-surfaces\/\" title=\"B01f EDGE PROFILE &#8216;L&#8217; &#8211; PERFORATED (FOR PERMEABLE SURFACES)\">B01f EDGE PROFILE &#8216;L&#8217; &#8211; PERFORATED (FOR PERMEABLE SURFACES)<\/a><\/span><\/div><div class=\"mpc-product__content-hover mpc-transition\"><span class=\"mpc-product__heading mpc-transition mpc-typography--preset_1\"><a href=\"https:\/\/www.havos.cz\/en\/produkt\/b01f-edge-profile-l-perforated-for-permeable-surfaces\/\" title=\"B01f EDGE PROFILE &#8216;L&#8217; &#8211; PERFORATED (FOR PERMEABLE SURFACES)\">B01f EDGE PROFILE &#8216;L&#8217; &#8211; PERFORATED (FOR PERMEABLE SURFACES)<\/a><\/span><\/div><\/div><\/div><\/div><\/div>[\/vc_column][\/vc_row]<\/p>\n","protected":false},"excerpt":{"rendered":"<p>[vc_row][vc_column][vc_column_text]Our company\u2019s product lines are expanding every year. Currently, we offer metal, plastic or transition finishing trims for tiling. For many years, we have also been<\/p>\n","protected":false},"author":3,"featured_media":0,"parent":0,"menu_order":0,"comment_status":"closed","ping_status":"closed","template":"","meta":{"_acf_changed":false,"footnotes":"","_links_to":"","_links_to_target":""},"class_list":["post-13527","page","type-page","status-publish","hentry"],"acf":[],"yoast_head":"<!-- This site is optimized with the Yoast SEO plugin v26.4 - https:\/\/yoast.com\/wordpress\/plugins\/seo\/ -->\n<title>Products - Havos<\/title>\n<meta name=\"robots\" content=\"index, follow, max-snippet:-1, max-image-preview:large, max-video-preview:-1\" \/>\n<link rel=\"canonical\" href=\"https:\/\/www.havos.cz\/en\/products\/\" \/>\n<meta property=\"og:locale\" content=\"en_US\" \/>\n<meta property=\"og:type\" content=\"article\" \/>\n<meta property=\"og:title\" content=\"Products - Havos\" \/>\n<meta property=\"og:description\" content=\"[vc_row][vc_column][vc_column_text]Our company\u2019s product lines are expanding every year. Currently, we offer metal, plastic or transition finishing trims for tiling. For many years, we have also been\" \/>\n<meta property=\"og:url\" content=\"https:\/\/www.havos.cz\/en\/products\/\" \/>\n<meta property=\"og:site_name\" content=\"Havos\" \/>\n<meta property=\"article:modified_time\" content=\"2020-05-07T11:49:20+00:00\" \/>\n<meta name=\"twitter:card\" content=\"summary_large_image\" \/>\n<meta name=\"twitter:label1\" content=\"Est. reading time\" \/>\n\t<meta name=\"twitter:data1\" content=\"7 minutes\" \/>\n<script type=\"application\/ld+json\" class=\"yoast-schema-graph\">{\"@context\":\"https:\/\/schema.org\",\"@graph\":[{\"@type\":\"WebPage\",\"@id\":\"https:\/\/www.havos.cz\/en\/products\/\",\"url\":\"https:\/\/www.havos.cz\/en\/products\/\",\"name\":\"Products - Havos\",\"isPartOf\":{\"@id\":\"https:\/\/www.havos.cz\/en\/#website\"},\"datePublished\":\"2018-12-30T22:29:37+00:00\",\"dateModified\":\"2020-05-07T11:49:20+00:00\",\"breadcrumb\":{\"@id\":\"https:\/\/www.havos.cz\/en\/products\/#breadcrumb\"},\"inLanguage\":\"en-US\",\"potentialAction\":[{\"@type\":\"ReadAction\",\"target\":[\"https:\/\/www.havos.cz\/en\/products\/\"]}]},{\"@type\":\"BreadcrumbList\",\"@id\":\"https:\/\/www.havos.cz\/en\/products\/#breadcrumb\",\"itemListElement\":[{\"@type\":\"ListItem\",\"position\":1,\"name\":\"Home\",\"item\":\"https:\/\/www.havos.cz\/en\/\"},{\"@type\":\"ListItem\",\"position\":2,\"name\":\"Products\"}]},{\"@type\":\"WebSite\",\"@id\":\"https:\/\/www.havos.cz\/en\/#website\",\"url\":\"https:\/\/www.havos.cz\/en\/\",\"name\":\"Havos\",\"description\":\"Li\u0161ty vyr\u00e1b\u011bn\u00e9 z hlin\u00edku, mosazi, oceli a PVC\",\"publisher\":{\"@id\":\"https:\/\/www.havos.cz\/en\/#organization\"},\"potentialAction\":[{\"@type\":\"SearchAction\",\"target\":{\"@type\":\"EntryPoint\",\"urlTemplate\":\"https:\/\/www.havos.cz\/en\/?s={search_term_string}\"},\"query-input\":{\"@type\":\"PropertyValueSpecification\",\"valueRequired\":true,\"valueName\":\"search_term_string\"}}],\"inLanguage\":\"en-US\"},{\"@type\":\"Organization\",\"@id\":\"https:\/\/www.havos.cz\/en\/#organization\",\"name\":\"Havos s.r.o.\",\"url\":\"https:\/\/www.havos.cz\/en\/\",\"logo\":{\"@type\":\"ImageObject\",\"inLanguage\":\"en-US\",\"@id\":\"https:\/\/www.havos.cz\/en\/#\/schema\/logo\/image\/\",\"url\":\"https:\/\/i0.wp.com\/www.havos.cz\/wp-content\/uploads\/2020\/03\/logo.jpg?fit=274%2C33&ssl=1\",\"contentUrl\":\"https:\/\/i0.wp.com\/www.havos.cz\/wp-content\/uploads\/2020\/03\/logo.jpg?fit=274%2C33&ssl=1\",\"width\":274,\"height\":33,\"caption\":\"Havos s.r.o.\"},\"image\":{\"@id\":\"https:\/\/www.havos.cz\/en\/#\/schema\/logo\/image\/\"}}]}<\/script>\n<!-- \/ Yoast SEO plugin. -->","yoast_head_json":{"title":"Products - Havos","robots":{"index":"index","follow":"follow","max-snippet":"max-snippet:-1","max-image-preview":"max-image-preview:large","max-video-preview":"max-video-preview:-1"},"canonical":"https:\/\/www.havos.cz\/en\/products\/","og_locale":"en_US","og_type":"article","og_title":"Products - Havos","og_description":"[vc_row][vc_column][vc_column_text]Our company\u2019s product lines are expanding every year. Currently, we offer metal, plastic or transition finishing trims for tiling. For many years, we have also been","og_url":"https:\/\/www.havos.cz\/en\/products\/","og_site_name":"Havos","article_modified_time":"2020-05-07T11:49:20+00:00","twitter_card":"summary_large_image","twitter_misc":{"Est. reading time":"7 minutes"},"schema":{"@context":"https:\/\/schema.org","@graph":[{"@type":"WebPage","@id":"https:\/\/www.havos.cz\/en\/products\/","url":"https:\/\/www.havos.cz\/en\/products\/","name":"Products - Havos","isPartOf":{"@id":"https:\/\/www.havos.cz\/en\/#website"},"datePublished":"2018-12-30T22:29:37+00:00","dateModified":"2020-05-07T11:49:20+00:00","breadcrumb":{"@id":"https:\/\/www.havos.cz\/en\/products\/#breadcrumb"},"inLanguage":"en-US","potentialAction":[{"@type":"ReadAction","target":["https:\/\/www.havos.cz\/en\/products\/"]}]},{"@type":"BreadcrumbList","@id":"https:\/\/www.havos.cz\/en\/products\/#breadcrumb","itemListElement":[{"@type":"ListItem","position":1,"name":"Home","item":"https:\/\/www.havos.cz\/en\/"},{"@type":"ListItem","position":2,"name":"Products"}]},{"@type":"WebSite","@id":"https:\/\/www.havos.cz\/en\/#website","url":"https:\/\/www.havos.cz\/en\/","name":"Havos","description":"Li\u0161ty vyr\u00e1b\u011bn\u00e9 z hlin\u00edku, mosazi, oceli a PVC","publisher":{"@id":"https:\/\/www.havos.cz\/en\/#organization"},"potentialAction":[{"@type":"SearchAction","target":{"@type":"EntryPoint","urlTemplate":"https:\/\/www.havos.cz\/en\/?s={search_term_string}"},"query-input":{"@type":"PropertyValueSpecification","valueRequired":true,"valueName":"search_term_string"}}],"inLanguage":"en-US"},{"@type":"Organization","@id":"https:\/\/www.havos.cz\/en\/#organization","name":"Havos s.r.o.","url":"https:\/\/www.havos.cz\/en\/","logo":{"@type":"ImageObject","inLanguage":"en-US","@id":"https:\/\/www.havos.cz\/en\/#\/schema\/logo\/image\/","url":"https:\/\/i0.wp.com\/www.havos.cz\/wp-content\/uploads\/2020\/03\/logo.jpg?fit=274%2C33&ssl=1","contentUrl":"https:\/\/i0.wp.com\/www.havos.cz\/wp-content\/uploads\/2020\/03\/logo.jpg?fit=274%2C33&ssl=1","width":274,"height":33,"caption":"Havos s.r.o."},"image":{"@id":"https:\/\/www.havos.cz\/en\/#\/schema\/logo\/image\/"}}]}},"_links":{"self":[{"href":"https:\/\/www.havos.cz\/en\/wp-json\/wp\/v2\/pages\/13527","targetHints":{"allow":["GET"]}}],"collection":[{"href":"https:\/\/www.havos.cz\/en\/wp-json\/wp\/v2\/pages"}],"about":[{"href":"https:\/\/www.havos.cz\/en\/wp-json\/wp\/v2\/types\/page"}],"author":[{"embeddable":true,"href":"https:\/\/www.havos.cz\/en\/wp-json\/wp\/v2\/users\/3"}],"replies":[{"embeddable":true,"href":"https:\/\/www.havos.cz\/en\/wp-json\/wp\/v2\/comments?post=13527"}],"version-history":[{"count":0,"href":"https:\/\/www.havos.cz\/en\/wp-json\/wp\/v2\/pages\/13527\/revisions"}],"wp:attachment":[{"href":"https:\/\/www.havos.cz\/en\/wp-json\/wp\/v2\/media?parent=13527"}],"curies":[{"name":"wp","href":"https:\/\/api.w.org\/{rel}","templated":true}]}}