{"id":15278,"date":"2020-02-03T00:00:00","date_gmt":"2020-02-03T00:00:00","guid":{"rendered":"https:\/\/www.havos.cz\/produkt\/b03c-ukoncovaci-profil-obloucek-odlehceny\/"},"modified":"2021-03-24T11:45:38","modified_gmt":"2021-03-24T11:45:38","slug":"b03c-ukoncovaci-profil-obloucek-odlehceny","status":"publish","type":"product","link":"https:\/\/www.havos.cz\/de\/produkt\/b03c-ukoncovaci-profil-obloucek-odlehceny\/","title":{"rendered":"B03c ABSCHLUSSPROFIL BOGEN \u2013 LEICHT"},"content":{"rendered":null,"protected":false},"excerpt":{"rendered":"","protected":false},"featured_media":9475,"template":"","meta":{"_acf_changed":false,"_links_to":"","_links_to_target":""},"product_brand":[],"product_cat":[788,826],"product_tag":[],"class_list":{"0":"post-15278","1":"product","2":"type-product","3":"status-publish","4":"has-post-thumbnail","6":"product_cat-metallleisten","7":"product_cat-kantenprofil-curl","9":"first","10":"instock","11":"shipping-taxable","12":"purchasable","13":"product-type-variable"},"acf":[],"yoast_head":"<!-- This site is optimized with the Yoast SEO plugin v26.4 - https:\/\/yoast.com\/wordpress\/plugins\/seo\/ -->\n<title>B03c ABSCHLUSSPROFIL BOGEN \u2013 LEICHT - Havos<\/title>\n<meta name=\"robots\" content=\"index, follow, max-snippet:-1, max-image-preview:large, max-video-preview:-1\" \/>\n<link rel=\"canonical\" href=\"https:\/\/www.havos.cz\/produkt\/b03c-ukoncovaci-profil-obloucek-odlehceny\/\" \/>\n<meta property=\"og:locale\" content=\"de_DE\" \/>\n<meta property=\"og:type\" content=\"article\" \/>\n<meta property=\"og:title\" content=\"B03c ABSCHLUSSPROFIL BOGEN \u2013 LEICHT - Havos\" \/>\n<meta property=\"og:url\" content=\"https:\/\/www.havos.cz\/produkt\/b03c-ukoncovaci-profil-obloucek-odlehceny\/\" \/>\n<meta property=\"og:site_name\" content=\"Havos\" \/>\n<meta property=\"article:modified_time\" content=\"2021-03-24T11:45:38+00:00\" \/>\n<meta property=\"og:image\" content=\"https:\/\/www.havos.cz\/wp-content\/uploads\/2020\/02\/product_29-1.jpg\" \/>\n\t<meta property=\"og:image:width\" content=\"550\" \/>\n\t<meta property=\"og:image:height\" content=\"280\" \/>\n\t<meta property=\"og:image:type\" content=\"image\/jpeg\" \/>\n<meta name=\"twitter:card\" content=\"summary_large_image\" \/>\n<script type=\"application\/ld+json\" class=\"yoast-schema-graph\">{\"@context\":\"https:\/\/schema.org\",\"@graph\":[{\"@type\":\"WebPage\",\"@id\":\"https:\/\/www.havos.cz\/produkt\/b03c-ukoncovaci-profil-obloucek-odlehceny\/\",\"url\":\"https:\/\/www.havos.cz\/produkt\/b03c-ukoncovaci-profil-obloucek-odlehceny\/\",\"name\":\"B03c ABSCHLUSSPROFIL BOGEN \u2013 LEICHT - Havos\",\"isPartOf\":{\"@id\":\"https:\/\/www.havos.cz\/en\/#website\"},\"primaryImageOfPage\":{\"@id\":\"https:\/\/www.havos.cz\/produkt\/b03c-ukoncovaci-profil-obloucek-odlehceny\/#primaryimage\"},\"image\":{\"@id\":\"https:\/\/www.havos.cz\/produkt\/b03c-ukoncovaci-profil-obloucek-odlehceny\/#primaryimage\"},\"thumbnailUrl\":\"https:\/\/www.havos.cz\/wp-content\/uploads\/2020\/02\/product_29-1.jpg\",\"datePublished\":\"2020-02-03T00:00:00+00:00\",\"dateModified\":\"2021-03-24T11:45:38+00:00\",\"breadcrumb\":{\"@id\":\"https:\/\/www.havos.cz\/produkt\/b03c-ukoncovaci-profil-obloucek-odlehceny\/#breadcrumb\"},\"inLanguage\":\"de\",\"potentialAction\":[{\"@type\":\"ReadAction\",\"target\":[\"https:\/\/www.havos.cz\/produkt\/b03c-ukoncovaci-profil-obloucek-odlehceny\/\"]}]},{\"@type\":\"ImageObject\",\"inLanguage\":\"de\",\"@id\":\"https:\/\/www.havos.cz\/produkt\/b03c-ukoncovaci-profil-obloucek-odlehceny\/#primaryimage\",\"url\":\"https:\/\/www.havos.cz\/wp-content\/uploads\/2020\/02\/product_29-1.jpg\",\"contentUrl\":\"https:\/\/www.havos.cz\/wp-content\/uploads\/2020\/02\/product_29-1.jpg\",\"width\":550,\"height\":280},{\"@type\":\"BreadcrumbList\",\"@id\":\"https:\/\/www.havos.cz\/produkt\/b03c-ukoncovaci-profil-obloucek-odlehceny\/#breadcrumb\",\"itemListElement\":[{\"@type\":\"ListItem\",\"position\":1,\"name\":\"Home\",\"item\":\"https:\/\/www.havos.cz\/de\/\"},{\"@type\":\"ListItem\",\"position\":2,\"name\":\"Shop\",\"item\":\"https:\/\/www.havos.cz\/de\/shop\/\"},{\"@type\":\"ListItem\",\"position\":3,\"name\":\"B03c ABSCHLUSSPROFIL BOGEN \u2013 LEICHT\"}]},{\"@type\":\"WebSite\",\"@id\":\"https:\/\/www.havos.cz\/en\/#website\",\"url\":\"https:\/\/www.havos.cz\/en\/\",\"name\":\"Havos\",\"description\":\"Li\u0161ty vyr\u00e1b\u011bn\u00e9 z hlin\u00edku, mosazi, oceli a PVC\",\"publisher\":{\"@id\":\"https:\/\/www.havos.cz\/en\/#organization\"},\"potentialAction\":[{\"@type\":\"SearchAction\",\"target\":{\"@type\":\"EntryPoint\",\"urlTemplate\":\"https:\/\/www.havos.cz\/en\/?s={search_term_string}\"},\"query-input\":{\"@type\":\"PropertyValueSpecification\",\"valueRequired\":true,\"valueName\":\"search_term_string\"}}],\"inLanguage\":\"de\"},{\"@type\":\"Organization\",\"@id\":\"https:\/\/www.havos.cz\/en\/#organization\",\"name\":\"Havos s.r.o.\",\"url\":\"https:\/\/www.havos.cz\/en\/\",\"logo\":{\"@type\":\"ImageObject\",\"inLanguage\":\"de\",\"@id\":\"https:\/\/www.havos.cz\/en\/#\/schema\/logo\/image\/\",\"url\":\"https:\/\/i0.wp.com\/www.havos.cz\/wp-content\/uploads\/2020\/03\/logo.jpg?fit=274%2C33&ssl=1\",\"contentUrl\":\"https:\/\/i0.wp.com\/www.havos.cz\/wp-content\/uploads\/2020\/03\/logo.jpg?fit=274%2C33&ssl=1\",\"width\":274,\"height\":33,\"caption\":\"Havos s.r.o.\"},\"image\":{\"@id\":\"https:\/\/www.havos.cz\/en\/#\/schema\/logo\/image\/\"}}]}<\/script>\n<!-- \/ Yoast SEO plugin. -->","yoast_head_json":{"title":"B03c ABSCHLUSSPROFIL BOGEN \u2013 LEICHT - Havos","robots":{"index":"index","follow":"follow","max-snippet":"max-snippet:-1","max-image-preview":"max-image-preview:large","max-video-preview":"max-video-preview:-1"},"canonical":"https:\/\/www.havos.cz\/produkt\/b03c-ukoncovaci-profil-obloucek-odlehceny\/","og_locale":"de_DE","og_type":"article","og_title":"B03c ABSCHLUSSPROFIL BOGEN \u2013 LEICHT - Havos","og_url":"https:\/\/www.havos.cz\/produkt\/b03c-ukoncovaci-profil-obloucek-odlehceny\/","og_site_name":"Havos","article_modified_time":"2021-03-24T11:45:38+00:00","og_image":[{"width":550,"height":280,"url":"https:\/\/www.havos.cz\/wp-content\/uploads\/2020\/02\/product_29-1.jpg","type":"image\/jpeg"}],"twitter_card":"summary_large_image","schema":{"@context":"https:\/\/schema.org","@graph":[{"@type":"WebPage","@id":"https:\/\/www.havos.cz\/produkt\/b03c-ukoncovaci-profil-obloucek-odlehceny\/","url":"https:\/\/www.havos.cz\/produkt\/b03c-ukoncovaci-profil-obloucek-odlehceny\/","name":"B03c ABSCHLUSSPROFIL BOGEN \u2013 LEICHT - Havos","isPartOf":{"@id":"https:\/\/www.havos.cz\/en\/#website"},"primaryImageOfPage":{"@id":"https:\/\/www.havos.cz\/produkt\/b03c-ukoncovaci-profil-obloucek-odlehceny\/#primaryimage"},"image":{"@id":"https:\/\/www.havos.cz\/produkt\/b03c-ukoncovaci-profil-obloucek-odlehceny\/#primaryimage"},"thumbnailUrl":"https:\/\/www.havos.cz\/wp-content\/uploads\/2020\/02\/product_29-1.jpg","datePublished":"2020-02-03T00:00:00+00:00","dateModified":"2021-03-24T11:45:38+00:00","breadcrumb":{"@id":"https:\/\/www.havos.cz\/produkt\/b03c-ukoncovaci-profil-obloucek-odlehceny\/#breadcrumb"},"inLanguage":"de","potentialAction":[{"@type":"ReadAction","target":["https:\/\/www.havos.cz\/produkt\/b03c-ukoncovaci-profil-obloucek-odlehceny\/"]}]},{"@type":"ImageObject","inLanguage":"de","@id":"https:\/\/www.havos.cz\/produkt\/b03c-ukoncovaci-profil-obloucek-odlehceny\/#primaryimage","url":"https:\/\/www.havos.cz\/wp-content\/uploads\/2020\/02\/product_29-1.jpg","contentUrl":"https:\/\/www.havos.cz\/wp-content\/uploads\/2020\/02\/product_29-1.jpg","width":550,"height":280},{"@type":"BreadcrumbList","@id":"https:\/\/www.havos.cz\/produkt\/b03c-ukoncovaci-profil-obloucek-odlehceny\/#breadcrumb","itemListElement":[{"@type":"ListItem","position":1,"name":"Home","item":"https:\/\/www.havos.cz\/de\/"},{"@type":"ListItem","position":2,"name":"Shop","item":"https:\/\/www.havos.cz\/de\/shop\/"},{"@type":"ListItem","position":3,"name":"B03c ABSCHLUSSPROFIL BOGEN \u2013 LEICHT"}]},{"@type":"WebSite","@id":"https:\/\/www.havos.cz\/en\/#website","url":"https:\/\/www.havos.cz\/en\/","name":"Havos","description":"Li\u0161ty vyr\u00e1b\u011bn\u00e9 z hlin\u00edku, mosazi, oceli a PVC","publisher":{"@id":"https:\/\/www.havos.cz\/en\/#organization"},"potentialAction":[{"@type":"SearchAction","target":{"@type":"EntryPoint","urlTemplate":"https:\/\/www.havos.cz\/en\/?s={search_term_string}"},"query-input":{"@type":"PropertyValueSpecification","valueRequired":true,"valueName":"search_term_string"}}],"inLanguage":"de"},{"@type":"Organization","@id":"https:\/\/www.havos.cz\/en\/#organization","name":"Havos s.r.o.","url":"https:\/\/www.havos.cz\/en\/","logo":{"@type":"ImageObject","inLanguage":"de","@id":"https:\/\/www.havos.cz\/en\/#\/schema\/logo\/image\/","url":"https:\/\/i0.wp.com\/www.havos.cz\/wp-content\/uploads\/2020\/03\/logo.jpg?fit=274%2C33&ssl=1","contentUrl":"https:\/\/i0.wp.com\/www.havos.cz\/wp-content\/uploads\/2020\/03\/logo.jpg?fit=274%2C33&ssl=1","width":274,"height":33,"caption":"Havos s.r.o."},"image":{"@id":"https:\/\/www.havos.cz\/en\/#\/schema\/logo\/image\/"}}]}},"_links":{"self":[{"href":"https:\/\/www.havos.cz\/de\/wp-json\/wp\/v2\/product\/15278","targetHints":{"allow":["GET"]}}],"collection":[{"href":"https:\/\/www.havos.cz\/de\/wp-json\/wp\/v2\/product"}],"about":[{"href":"https:\/\/www.havos.cz\/de\/wp-json\/wp\/v2\/types\/product"}],"wp:featuredmedia":[{"embeddable":true,"href":"https:\/\/www.havos.cz\/de\/wp-json\/wp\/v2\/media\/9475"}],"wp:attachment":[{"href":"https:\/\/www.havos.cz\/de\/wp-json\/wp\/v2\/media?parent=15278"}],"wp:term":[{"taxonomy":"product_brand","embeddable":true,"href":"https:\/\/www.havos.cz\/de\/wp-json\/wp\/v2\/product_brand?post=15278"},{"taxonomy":"product_cat","embeddable":true,"href":"https:\/\/www.havos.cz\/de\/wp-json\/wp\/v2\/product_cat?post=15278"},{"taxonomy":"product_tag","embeddable":true,"href":"https:\/\/www.havos.cz\/de\/wp-json\/wp\/v2\/product_tag?post=15278"}],"curies":[{"name":"wp","href":"https:\/\/api.w.org\/{rel}","templated":true}]}}