{"id":15167,"date":"2020-01-17T00:00:00","date_gmt":"2020-01-17T00:00:00","guid":{"rendered":"https:\/\/www.havos.cz\/produkt\/a17-podlahovy-profil-obvodovy\/"},"modified":"2021-03-24T08:30:35","modified_gmt":"2021-03-24T08:30:35","slug":"a17-podlahovy-profil-obvodovy","status":"publish","type":"product","link":"https:\/\/www.havos.cz\/de\/produkt\/a17-podlahovy-profil-obvodovy\/","title":{"rendered":"A17 UMFANG BODENPROFIL"},"content":{"rendered":"<p>[vc_row][vc_column width=&#8220;1\/2&#8243;][vc_column_text]Das Endst\u00fcck ist nicht Teil des Profils[\/vc_column_text][vc_column_text]<\/p>\n<style type=\"text\/css\">\n#foogallery-gallery-15116.fg-justified .fg-item { margin-right: 1px; margin-bottom: 1px; }\n#foogallery-gallery-15116.fg-justified .fg-image { height: 600px; }<\/style>\n\t\t\t<style type=\"text\/css\">\n#foogallery-gallery-15116_1.fg-justified .fg-item { margin-right: 1px; margin-bottom: 1px; }\n#foogallery-gallery-15116_1.fg-justified .fg-image { height: 600px; }<\/style>\n\t\t\t<div class=\"foogallery foogallery-container foogallery-justified foogallery-lightbox-dfactory fg-justified fg-ready fg-light fg-border-thin fg-shadow-outline fg-loading-default fg-loaded-fade-in fg-caption-hover fg-hover-fade fg-hover-zoom3\" id=\"foogallery-gallery-15116_1\" data-foogallery=\"{&quot;item&quot;:{&quot;showCaptionTitle&quot;:true,&quot;showCaptionDescription&quot;:true},&quot;lazy&quot;:true,&quot;template&quot;:{&quot;rowHeight&quot;:600,&quot;maxRowHeight&quot;:1200,&quot;margins&quot;:1,&quot;align&quot;:&quot;center&quot;,&quot;lastRow&quot;:&quot;smart&quot;}}\" >\n\t<div class=\"fg-item fg-type-image fg-idle\"><figure class=\"fg-item-inner\"><a href=\"https:\/\/www.havos.cz\/wp-content\/uploads\/2020\/02\/a17_inst_-1.jpg\" data-caption-title=\"Postup instalace profilu A17\" data-attachment-id=\"9328\" data-rel=\"lightbox-image-bGlnaHRib3g=\" data-rl_title=\"\" data-rl_caption=\"\" title=\"\" data-type=\"image\" class=\"fg-thumb\"><span class=\"fg-image-wrap\"><img decoding=\"async\" title=\"Postup instalace profilu A17\" height=\"1200\" width=\"934.84419263456\" class=\"skip-lazy fg-image\" data-src-fg=\"https:\/\/www.havos.cz\/wp-content\/uploads\/2020\/02\/a17_inst_-1.jpg\" src=\"data:image\/svg+xml,%3Csvg%20xmlns%3D%22http%3A%2F%2Fwww.w3.org%2F2000%2Fsvg%22%20width%3D%22934.84419263456%22%20height%3D%221200%22%20viewBox%3D%220%200%20934.84419263456%201200%22%3E%3C%2Fsvg%3E\" loading=\"eager\"><\/span><span class=\"fg-image-overlay\"><\/span><\/a><figcaption class=\"fg-caption\"><div class=\"fg-caption-inner\"><div class=\"fg-caption-title\">Postup instalace profilu A17<\/div><\/div><\/figcaption><\/figure><div class=\"fg-loader\"><\/div><\/div><\/div>\n\n<p>[\/vc_column_text][\/vc_column][\/vc_row][vc_row][vc_column][vc_single_image image=&#8220;15046&#8243; img_size=&#8220;350&#215;350&#8243;][\/vc_column][\/vc_row]<\/p>\n","protected":false},"excerpt":{"rendered":"<p>[vc_row][vc_column width=&#8220;1\/2&#8243;][vc_column_text]Das Endst\u00fcck ist nicht Teil des Profils[\/vc_column_text][vc_column_text] [\/vc_column_text][\/vc_column][\/vc_row][vc_row][vc_column][vc_single_image image=&#8220;15046&#8243; img_size=&#8220;350&#215;350&#8243;][\/vc_column][\/vc_row]<\/p>\n","protected":false},"featured_media":14546,"template":"","meta":{"_acf_changed":false,"_links_to":"","_links_to_target":""},"product_brand":[],"product_cat":[798],"product_tag":[],"class_list":{"0":"post-15167","1":"product","2":"type-product","3":"status-publish","4":"has-post-thumbnail","6":"product_cat-kunstoffleisten","8":"first","9":"instock","10":"shipping-taxable","11":"purchasable","12":"product-type-variable"},"acf":[],"yoast_head":"<!-- This site is optimized with the Yoast SEO plugin v26.4 - https:\/\/yoast.com\/wordpress\/plugins\/seo\/ -->\n<title>A17 UMFANG BODENPROFIL - Havos<\/title>\n<meta name=\"robots\" content=\"index, follow, max-snippet:-1, max-image-preview:large, max-video-preview:-1\" \/>\n<link rel=\"canonical\" href=\"https:\/\/www.havos.cz\/produkt\/a17-podlahovy-profil-obvodovy\/\" \/>\n<meta property=\"og:locale\" content=\"de_DE\" \/>\n<meta property=\"og:type\" content=\"article\" \/>\n<meta property=\"og:title\" content=\"A17 UMFANG BODENPROFIL - Havos\" \/>\n<meta property=\"og:description\" content=\"[vc_row][vc_column width=&#8220;1\/2&#8243;][vc_column_text]Das Endst\u00fcck ist nicht Teil des Profils[\/vc_column_text][vc_column_text] [\/vc_column_text][\/vc_column][\/vc_row][vc_row][vc_column][vc_single_image image=&#8220;15046&#8243; img_size=&#8220;350&#215;350&#8243;][\/vc_column][\/vc_row]\" \/>\n<meta property=\"og:url\" content=\"https:\/\/www.havos.cz\/produkt\/a17-podlahovy-profil-obvodovy\/\" \/>\n<meta property=\"og:site_name\" content=\"Havos\" \/>\n<meta property=\"article:modified_time\" content=\"2021-03-24T08:30:35+00:00\" \/>\n<meta property=\"og:image\" content=\"https:\/\/www.havos.cz\/wp-content\/uploads\/2020\/01\/a17_.jpg\" \/>\n\t<meta property=\"og:image:width\" content=\"1590\" \/>\n\t<meta property=\"og:image:height\" content=\"1408\" \/>\n\t<meta property=\"og:image:type\" content=\"image\/jpeg\" \/>\n<meta name=\"twitter:card\" content=\"summary_large_image\" \/>\n<script type=\"application\/ld+json\" class=\"yoast-schema-graph\">{\"@context\":\"https:\/\/schema.org\",\"@graph\":[{\"@type\":\"WebPage\",\"@id\":\"https:\/\/www.havos.cz\/produkt\/a17-podlahovy-profil-obvodovy\/\",\"url\":\"https:\/\/www.havos.cz\/produkt\/a17-podlahovy-profil-obvodovy\/\",\"name\":\"A17 UMFANG BODENPROFIL - Havos\",\"isPartOf\":{\"@id\":\"https:\/\/www.havos.cz\/en\/#website\"},\"primaryImageOfPage\":{\"@id\":\"https:\/\/www.havos.cz\/produkt\/a17-podlahovy-profil-obvodovy\/#primaryimage\"},\"image\":{\"@id\":\"https:\/\/www.havos.cz\/produkt\/a17-podlahovy-profil-obvodovy\/#primaryimage\"},\"thumbnailUrl\":\"https:\/\/www.havos.cz\/wp-content\/uploads\/2020\/01\/a17_.jpg\",\"datePublished\":\"2020-01-17T00:00:00+00:00\",\"dateModified\":\"2021-03-24T08:30:35+00:00\",\"breadcrumb\":{\"@id\":\"https:\/\/www.havos.cz\/produkt\/a17-podlahovy-profil-obvodovy\/#breadcrumb\"},\"inLanguage\":\"de\",\"potentialAction\":[{\"@type\":\"ReadAction\",\"target\":[\"https:\/\/www.havos.cz\/produkt\/a17-podlahovy-profil-obvodovy\/\"]}]},{\"@type\":\"ImageObject\",\"inLanguage\":\"de\",\"@id\":\"https:\/\/www.havos.cz\/produkt\/a17-podlahovy-profil-obvodovy\/#primaryimage\",\"url\":\"https:\/\/www.havos.cz\/wp-content\/uploads\/2020\/01\/a17_.jpg\",\"contentUrl\":\"https:\/\/www.havos.cz\/wp-content\/uploads\/2020\/01\/a17_.jpg\",\"width\":1590,\"height\":1408},{\"@type\":\"BreadcrumbList\",\"@id\":\"https:\/\/www.havos.cz\/produkt\/a17-podlahovy-profil-obvodovy\/#breadcrumb\",\"itemListElement\":[{\"@type\":\"ListItem\",\"position\":1,\"name\":\"Home\",\"item\":\"https:\/\/www.havos.cz\/de\/\"},{\"@type\":\"ListItem\",\"position\":2,\"name\":\"Shop\",\"item\":\"https:\/\/www.havos.cz\/de\/shop\/\"},{\"@type\":\"ListItem\",\"position\":3,\"name\":\"A17 UMFANG BODENPROFIL\"}]},{\"@type\":\"WebSite\",\"@id\":\"https:\/\/www.havos.cz\/en\/#website\",\"url\":\"https:\/\/www.havos.cz\/en\/\",\"name\":\"Havos\",\"description\":\"Li\u0161ty vyr\u00e1b\u011bn\u00e9 z hlin\u00edku, mosazi, oceli a PVC\",\"publisher\":{\"@id\":\"https:\/\/www.havos.cz\/en\/#organization\"},\"potentialAction\":[{\"@type\":\"SearchAction\",\"target\":{\"@type\":\"EntryPoint\",\"urlTemplate\":\"https:\/\/www.havos.cz\/en\/?s={search_term_string}\"},\"query-input\":{\"@type\":\"PropertyValueSpecification\",\"valueRequired\":true,\"valueName\":\"search_term_string\"}}],\"inLanguage\":\"de\"},{\"@type\":\"Organization\",\"@id\":\"https:\/\/www.havos.cz\/en\/#organization\",\"name\":\"Havos s.r.o.\",\"url\":\"https:\/\/www.havos.cz\/en\/\",\"logo\":{\"@type\":\"ImageObject\",\"inLanguage\":\"de\",\"@id\":\"https:\/\/www.havos.cz\/en\/#\/schema\/logo\/image\/\",\"url\":\"https:\/\/i0.wp.com\/www.havos.cz\/wp-content\/uploads\/2020\/03\/logo.jpg?fit=274%2C33&ssl=1\",\"contentUrl\":\"https:\/\/i0.wp.com\/www.havos.cz\/wp-content\/uploads\/2020\/03\/logo.jpg?fit=274%2C33&ssl=1\",\"width\":274,\"height\":33,\"caption\":\"Havos s.r.o.\"},\"image\":{\"@id\":\"https:\/\/www.havos.cz\/en\/#\/schema\/logo\/image\/\"}}]}<\/script>\n<!-- \/ Yoast SEO plugin. -->","yoast_head_json":{"title":"A17 UMFANG BODENPROFIL - Havos","robots":{"index":"index","follow":"follow","max-snippet":"max-snippet:-1","max-image-preview":"max-image-preview:large","max-video-preview":"max-video-preview:-1"},"canonical":"https:\/\/www.havos.cz\/produkt\/a17-podlahovy-profil-obvodovy\/","og_locale":"de_DE","og_type":"article","og_title":"A17 UMFANG BODENPROFIL - Havos","og_description":"[vc_row][vc_column width=&#8220;1\/2&#8243;][vc_column_text]Das Endst\u00fcck ist nicht Teil des Profils[\/vc_column_text][vc_column_text] [\/vc_column_text][\/vc_column][\/vc_row][vc_row][vc_column][vc_single_image image=&#8220;15046&#8243; img_size=&#8220;350&#215;350&#8243;][\/vc_column][\/vc_row]","og_url":"https:\/\/www.havos.cz\/produkt\/a17-podlahovy-profil-obvodovy\/","og_site_name":"Havos","article_modified_time":"2021-03-24T08:30:35+00:00","og_image":[{"width":1590,"height":1408,"url":"https:\/\/www.havos.cz\/wp-content\/uploads\/2020\/01\/a17_.jpg","type":"image\/jpeg"}],"twitter_card":"summary_large_image","schema":{"@context":"https:\/\/schema.org","@graph":[{"@type":"WebPage","@id":"https:\/\/www.havos.cz\/produkt\/a17-podlahovy-profil-obvodovy\/","url":"https:\/\/www.havos.cz\/produkt\/a17-podlahovy-profil-obvodovy\/","name":"A17 UMFANG BODENPROFIL - Havos","isPartOf":{"@id":"https:\/\/www.havos.cz\/en\/#website"},"primaryImageOfPage":{"@id":"https:\/\/www.havos.cz\/produkt\/a17-podlahovy-profil-obvodovy\/#primaryimage"},"image":{"@id":"https:\/\/www.havos.cz\/produkt\/a17-podlahovy-profil-obvodovy\/#primaryimage"},"thumbnailUrl":"https:\/\/www.havos.cz\/wp-content\/uploads\/2020\/01\/a17_.jpg","datePublished":"2020-01-17T00:00:00+00:00","dateModified":"2021-03-24T08:30:35+00:00","breadcrumb":{"@id":"https:\/\/www.havos.cz\/produkt\/a17-podlahovy-profil-obvodovy\/#breadcrumb"},"inLanguage":"de","potentialAction":[{"@type":"ReadAction","target":["https:\/\/www.havos.cz\/produkt\/a17-podlahovy-profil-obvodovy\/"]}]},{"@type":"ImageObject","inLanguage":"de","@id":"https:\/\/www.havos.cz\/produkt\/a17-podlahovy-profil-obvodovy\/#primaryimage","url":"https:\/\/www.havos.cz\/wp-content\/uploads\/2020\/01\/a17_.jpg","contentUrl":"https:\/\/www.havos.cz\/wp-content\/uploads\/2020\/01\/a17_.jpg","width":1590,"height":1408},{"@type":"BreadcrumbList","@id":"https:\/\/www.havos.cz\/produkt\/a17-podlahovy-profil-obvodovy\/#breadcrumb","itemListElement":[{"@type":"ListItem","position":1,"name":"Home","item":"https:\/\/www.havos.cz\/de\/"},{"@type":"ListItem","position":2,"name":"Shop","item":"https:\/\/www.havos.cz\/de\/shop\/"},{"@type":"ListItem","position":3,"name":"A17 UMFANG BODENPROFIL"}]},{"@type":"WebSite","@id":"https:\/\/www.havos.cz\/en\/#website","url":"https:\/\/www.havos.cz\/en\/","name":"Havos","description":"Li\u0161ty vyr\u00e1b\u011bn\u00e9 z hlin\u00edku, mosazi, oceli a PVC","publisher":{"@id":"https:\/\/www.havos.cz\/en\/#organization"},"potentialAction":[{"@type":"SearchAction","target":{"@type":"EntryPoint","urlTemplate":"https:\/\/www.havos.cz\/en\/?s={search_term_string}"},"query-input":{"@type":"PropertyValueSpecification","valueRequired":true,"valueName":"search_term_string"}}],"inLanguage":"de"},{"@type":"Organization","@id":"https:\/\/www.havos.cz\/en\/#organization","name":"Havos s.r.o.","url":"https:\/\/www.havos.cz\/en\/","logo":{"@type":"ImageObject","inLanguage":"de","@id":"https:\/\/www.havos.cz\/en\/#\/schema\/logo\/image\/","url":"https:\/\/i0.wp.com\/www.havos.cz\/wp-content\/uploads\/2020\/03\/logo.jpg?fit=274%2C33&ssl=1","contentUrl":"https:\/\/i0.wp.com\/www.havos.cz\/wp-content\/uploads\/2020\/03\/logo.jpg?fit=274%2C33&ssl=1","width":274,"height":33,"caption":"Havos s.r.o."},"image":{"@id":"https:\/\/www.havos.cz\/en\/#\/schema\/logo\/image\/"}}]}},"_links":{"self":[{"href":"https:\/\/www.havos.cz\/de\/wp-json\/wp\/v2\/product\/15167","targetHints":{"allow":["GET"]}}],"collection":[{"href":"https:\/\/www.havos.cz\/de\/wp-json\/wp\/v2\/product"}],"about":[{"href":"https:\/\/www.havos.cz\/de\/wp-json\/wp\/v2\/types\/product"}],"wp:featuredmedia":[{"embeddable":true,"href":"https:\/\/www.havos.cz\/de\/wp-json\/wp\/v2\/media\/14546"}],"wp:attachment":[{"href":"https:\/\/www.havos.cz\/de\/wp-json\/wp\/v2\/media?parent=15167"}],"wp:term":[{"taxonomy":"product_brand","embeddable":true,"href":"https:\/\/www.havos.cz\/de\/wp-json\/wp\/v2\/product_brand?post=15167"},{"taxonomy":"product_cat","embeddable":true,"href":"https:\/\/www.havos.cz\/de\/wp-json\/wp\/v2\/product_cat?post=15167"},{"taxonomy":"product_tag","embeddable":true,"href":"https:\/\/www.havos.cz\/de\/wp-json\/wp\/v2\/product_tag?post=15167"}],"curies":[{"name":"wp","href":"https:\/\/api.w.org\/{rel}","templated":true}]}}