{"id":11061,"date":"2020-01-11T00:00:00","date_gmt":"2020-02-21T12:09:27","guid":{"rendered":"https:\/\/www.havos.cz\/produkt\/a11a-wannenprofil-mit-klebeband\/"},"modified":"2020-04-24T08:31:15","modified_gmt":"2020-04-24T08:31:15","slug":"a11a-wannenprofil-mit-klebeband","status":"publish","type":"product","link":"https:\/\/www.havos.cz\/de\/produkt\/a11a-wannenprofil-mit-klebeband\/","title":{"rendered":"A11a WANNENPROFIL MIT KLEBEBAND"},"content":{"rendered":"<p>[vc_row][vc_column][vc_column_text]<\/p>\n<h3>TECHNICK\u00dd POPIS V\u00ddROBK\u016e Z PVC<\/h3>\n<p><strong>MATERI\u00c1L: hou\u017eevnat\u00e9 PVC<\/strong><\/p>\n<ul>\n<li>tepeln\u00e1 stabilita -20\u00b0C a\u017e +60\u00b0C<\/li>\n<li>r\u00e1zov\u00e1 hou\u017eevnatost 1 kJ\/m<sup>2<\/sup><\/li>\n<li>\u010cSN ISO 179<\/li>\n<li>barevn\u00fd odst\u00edn &#8211; intern\u00ed metodika<\/li>\n<li>stabiln\u00ed proti UV z\u00e1\u0159en\u00ed<\/li>\n<li>materi\u00e1lov\u00e1 pam\u011b\u0165<\/li>\n<li>vysok\u00fd lesk zabra\u0148uje za\u0161pin\u011bn\u00ed<\/li>\n<li>spl\u0148uje hygienick\u00e9 normy<\/li>\n<\/ul>\n<p><strong>SKLADOV\u00c1N\u00cd:<\/strong><\/p>\n<ul>\n<li>skladovat horizont\u00e1ln\u011b na rovn\u00e9 plo\u0161e<\/li>\n<li>chr\u00e1nit proti n\u00e1razu<\/li>\n<li>nadm\u011brn\u011b nezat\u011b\u017eovat<\/li>\n<li>ochr\u00e1nit proti slunci &#8211; obal zp\u016fsobuje sklen\u00edkov\u00fd efekt<\/li>\n<\/ul>\n<p><strong>KONSTRUKCE:<\/strong><\/p>\n<ul>\n<li>profil umo\u017e\u0148uje pravideln\u00e9 a optick\u00e9 ulo\u017een\u00ed v \u00fahlu 90\u00b0<\/li>\n<li>d\u00edky zakon\u010den\u00ed profilu zob\u00e1\u010dky po obou stran\u00e1ch, nen\u00ed nutn\u00e9 dodr\u017eet sp\u00e1ru<\/li>\n<li>p\u0159i mont\u00e1\u017ei se sp\u00e1rou se p\u0159\u00edpadn\u00e1 prasklina schov\u00e1 pod zob\u00e1\u010dky<\/li>\n<\/ul>\n<p><strong>MONT\u00c1\u017d A MANIPULACE:<\/strong><\/p>\n<ul>\n<li>ve\u0161ker\u00e9 v\u00fdrobky z PVC jsou ur\u010deny k dekorativn\u00edm a kryc\u00edm \u00fa\u010del\u016fm s mo\u017enost\u00ed dilatace<\/li>\n<li>ochr\u00e1nit proti od\u011bru &#8211; t\u00edm zabr\u00e1n\u00edme trval\u00e9mu za\u0161pin\u011bn\u00ed<\/li>\n<li>zabr\u00e1nit nadm\u011brn\u00e9mu ohybu a r\u00e1zu<\/li>\n<li>p\u0159i mont\u00e1\u017ei v z\u00e1t\u011b\u017eov\u00fdch prostorech je nutno konzultovat s v\u00fdrobcem<\/li>\n<\/ul>\n<p>[\/vc_column_text][\/vc_column][\/vc_row]<\/p>\n","protected":false},"excerpt":{"rendered":"<p>[vc_row][vc_column][vc_column_text] TECHNICK\u00dd POPIS V\u00ddROBK\u016e Z PVC MATERI\u00c1L: hou\u017eevnat\u00e9 PVC tepeln\u00e1 stabilita -20\u00b0C a\u017e +60\u00b0C r\u00e1zov\u00e1 hou\u017eevnatost 1 kJ\/m2 \u010cSN ISO 179 barevn\u00fd odst\u00edn &#8211; intern\u00ed metodika<\/p>\n","protected":false},"featured_media":14522,"template":"","meta":{"_acf_changed":false,"_links_to":"","_links_to_target":""},"product_brand":[],"product_cat":[798],"product_tag":[],"class_list":{"0":"post-11061","1":"product","2":"type-product","3":"status-publish","4":"has-post-thumbnail","6":"product_cat-kunstoffleisten","8":"first","9":"instock","10":"shipping-taxable","11":"purchasable","12":"product-type-variable"},"acf":[],"yoast_head":"<!-- This site is optimized with the Yoast SEO plugin v26.4 - https:\/\/yoast.com\/wordpress\/plugins\/seo\/ -->\n<title>A11a WANNENPROFIL MIT KLEBEBAND - Havos<\/title>\n<meta name=\"robots\" content=\"index, follow, max-snippet:-1, max-image-preview:large, max-video-preview:-1\" \/>\n<link rel=\"canonical\" href=\"https:\/\/www.havos.cz\/de\/produkt\/a11a-wannenprofil-mit-klebeband\/\" \/>\n<meta property=\"og:locale\" content=\"de_DE\" \/>\n<meta property=\"og:type\" content=\"article\" \/>\n<meta property=\"og:title\" content=\"A11a WANNENPROFIL MIT KLEBEBAND - Havos\" \/>\n<meta property=\"og:description\" content=\"[vc_row][vc_column][vc_column_text] TECHNICK\u00dd POPIS V\u00ddROBK\u016e Z PVC MATERI\u00c1L: hou\u017eevnat\u00e9 PVC tepeln\u00e1 stabilita -20\u00b0C a\u017e +60\u00b0C r\u00e1zov\u00e1 hou\u017eevnatost 1 kJ\/m2 \u010cSN ISO 179 barevn\u00fd odst\u00edn &#8211; intern\u00ed metodika\" \/>\n<meta property=\"og:url\" content=\"https:\/\/www.havos.cz\/de\/produkt\/a11a-wannenprofil-mit-klebeband\/\" \/>\n<meta property=\"og:site_name\" content=\"Havos\" \/>\n<meta property=\"article:modified_time\" content=\"2020-04-24T08:31:15+00:00\" \/>\n<meta property=\"og:image\" content=\"https:\/\/www.havos.cz\/wp-content\/uploads\/2020\/01\/a11a-e1714990926325.jpg\" \/>\n\t<meta property=\"og:image:width\" content=\"1700\" \/>\n\t<meta property=\"og:image:height\" content=\"720\" \/>\n\t<meta property=\"og:image:type\" content=\"image\/jpeg\" \/>\n<meta name=\"twitter:card\" content=\"summary_large_image\" \/>\n<meta name=\"twitter:label1\" content=\"Gesch\u00e4tzte Lesezeit\" \/>\n\t<meta name=\"twitter:data1\" content=\"1\u00a0Minute\" \/>\n<script type=\"application\/ld+json\" class=\"yoast-schema-graph\">{\"@context\":\"https:\/\/schema.org\",\"@graph\":[{\"@type\":\"WebPage\",\"@id\":\"https:\/\/www.havos.cz\/de\/produkt\/a11a-wannenprofil-mit-klebeband\/\",\"url\":\"https:\/\/www.havos.cz\/de\/produkt\/a11a-wannenprofil-mit-klebeband\/\",\"name\":\"A11a WANNENPROFIL MIT KLEBEBAND - Havos\",\"isPartOf\":{\"@id\":\"https:\/\/www.havos.cz\/en\/#website\"},\"primaryImageOfPage\":{\"@id\":\"https:\/\/www.havos.cz\/de\/produkt\/a11a-wannenprofil-mit-klebeband\/#primaryimage\"},\"image\":{\"@id\":\"https:\/\/www.havos.cz\/de\/produkt\/a11a-wannenprofil-mit-klebeband\/#primaryimage\"},\"thumbnailUrl\":\"https:\/\/www.havos.cz\/wp-content\/uploads\/2020\/01\/a11a-e1714990926325.jpg\",\"datePublished\":\"2020-02-21T12:09:27+00:00\",\"dateModified\":\"2020-04-24T08:31:15+00:00\",\"breadcrumb\":{\"@id\":\"https:\/\/www.havos.cz\/de\/produkt\/a11a-wannenprofil-mit-klebeband\/#breadcrumb\"},\"inLanguage\":\"de\",\"potentialAction\":[{\"@type\":\"ReadAction\",\"target\":[\"https:\/\/www.havos.cz\/de\/produkt\/a11a-wannenprofil-mit-klebeband\/\"]}]},{\"@type\":\"ImageObject\",\"inLanguage\":\"de\",\"@id\":\"https:\/\/www.havos.cz\/de\/produkt\/a11a-wannenprofil-mit-klebeband\/#primaryimage\",\"url\":\"https:\/\/www.havos.cz\/wp-content\/uploads\/2020\/01\/a11a-e1714990926325.jpg\",\"contentUrl\":\"https:\/\/www.havos.cz\/wp-content\/uploads\/2020\/01\/a11a-e1714990926325.jpg\",\"width\":1700,\"height\":720},{\"@type\":\"BreadcrumbList\",\"@id\":\"https:\/\/www.havos.cz\/de\/produkt\/a11a-wannenprofil-mit-klebeband\/#breadcrumb\",\"itemListElement\":[{\"@type\":\"ListItem\",\"position\":1,\"name\":\"Home\",\"item\":\"https:\/\/www.havos.cz\/de\/\"},{\"@type\":\"ListItem\",\"position\":2,\"name\":\"Shop\",\"item\":\"https:\/\/www.havos.cz\/de\/shop\/\"},{\"@type\":\"ListItem\",\"position\":3,\"name\":\"A11a WANNENPROFIL MIT KLEBEBAND\"}]},{\"@type\":\"WebSite\",\"@id\":\"https:\/\/www.havos.cz\/en\/#website\",\"url\":\"https:\/\/www.havos.cz\/en\/\",\"name\":\"Havos\",\"description\":\"Li\u0161ty vyr\u00e1b\u011bn\u00e9 z hlin\u00edku, mosazi, oceli a PVC\",\"publisher\":{\"@id\":\"https:\/\/www.havos.cz\/en\/#organization\"},\"potentialAction\":[{\"@type\":\"SearchAction\",\"target\":{\"@type\":\"EntryPoint\",\"urlTemplate\":\"https:\/\/www.havos.cz\/en\/?s={search_term_string}\"},\"query-input\":{\"@type\":\"PropertyValueSpecification\",\"valueRequired\":true,\"valueName\":\"search_term_string\"}}],\"inLanguage\":\"de\"},{\"@type\":\"Organization\",\"@id\":\"https:\/\/www.havos.cz\/en\/#organization\",\"name\":\"Havos s.r.o.\",\"url\":\"https:\/\/www.havos.cz\/en\/\",\"logo\":{\"@type\":\"ImageObject\",\"inLanguage\":\"de\",\"@id\":\"https:\/\/www.havos.cz\/en\/#\/schema\/logo\/image\/\",\"url\":\"https:\/\/i0.wp.com\/www.havos.cz\/wp-content\/uploads\/2020\/03\/logo.jpg?fit=274%2C33&ssl=1\",\"contentUrl\":\"https:\/\/i0.wp.com\/www.havos.cz\/wp-content\/uploads\/2020\/03\/logo.jpg?fit=274%2C33&ssl=1\",\"width\":274,\"height\":33,\"caption\":\"Havos s.r.o.\"},\"image\":{\"@id\":\"https:\/\/www.havos.cz\/en\/#\/schema\/logo\/image\/\"}}]}<\/script>\n<!-- \/ Yoast SEO plugin. -->","yoast_head_json":{"title":"A11a WANNENPROFIL MIT KLEBEBAND - Havos","robots":{"index":"index","follow":"follow","max-snippet":"max-snippet:-1","max-image-preview":"max-image-preview:large","max-video-preview":"max-video-preview:-1"},"canonical":"https:\/\/www.havos.cz\/de\/produkt\/a11a-wannenprofil-mit-klebeband\/","og_locale":"de_DE","og_type":"article","og_title":"A11a WANNENPROFIL MIT KLEBEBAND - Havos","og_description":"[vc_row][vc_column][vc_column_text] TECHNICK\u00dd POPIS V\u00ddROBK\u016e Z PVC MATERI\u00c1L: hou\u017eevnat\u00e9 PVC tepeln\u00e1 stabilita -20\u00b0C a\u017e +60\u00b0C r\u00e1zov\u00e1 hou\u017eevnatost 1 kJ\/m2 \u010cSN ISO 179 barevn\u00fd odst\u00edn &#8211; intern\u00ed metodika","og_url":"https:\/\/www.havos.cz\/de\/produkt\/a11a-wannenprofil-mit-klebeband\/","og_site_name":"Havos","article_modified_time":"2020-04-24T08:31:15+00:00","og_image":[{"width":1700,"height":720,"url":"https:\/\/www.havos.cz\/wp-content\/uploads\/2020\/01\/a11a-e1714990926325.jpg","type":"image\/jpeg"}],"twitter_card":"summary_large_image","twitter_misc":{"Gesch\u00e4tzte Lesezeit":"1\u00a0Minute"},"schema":{"@context":"https:\/\/schema.org","@graph":[{"@type":"WebPage","@id":"https:\/\/www.havos.cz\/de\/produkt\/a11a-wannenprofil-mit-klebeband\/","url":"https:\/\/www.havos.cz\/de\/produkt\/a11a-wannenprofil-mit-klebeband\/","name":"A11a WANNENPROFIL MIT KLEBEBAND - Havos","isPartOf":{"@id":"https:\/\/www.havos.cz\/en\/#website"},"primaryImageOfPage":{"@id":"https:\/\/www.havos.cz\/de\/produkt\/a11a-wannenprofil-mit-klebeband\/#primaryimage"},"image":{"@id":"https:\/\/www.havos.cz\/de\/produkt\/a11a-wannenprofil-mit-klebeband\/#primaryimage"},"thumbnailUrl":"https:\/\/www.havos.cz\/wp-content\/uploads\/2020\/01\/a11a-e1714990926325.jpg","datePublished":"2020-02-21T12:09:27+00:00","dateModified":"2020-04-24T08:31:15+00:00","breadcrumb":{"@id":"https:\/\/www.havos.cz\/de\/produkt\/a11a-wannenprofil-mit-klebeband\/#breadcrumb"},"inLanguage":"de","potentialAction":[{"@type":"ReadAction","target":["https:\/\/www.havos.cz\/de\/produkt\/a11a-wannenprofil-mit-klebeband\/"]}]},{"@type":"ImageObject","inLanguage":"de","@id":"https:\/\/www.havos.cz\/de\/produkt\/a11a-wannenprofil-mit-klebeband\/#primaryimage","url":"https:\/\/www.havos.cz\/wp-content\/uploads\/2020\/01\/a11a-e1714990926325.jpg","contentUrl":"https:\/\/www.havos.cz\/wp-content\/uploads\/2020\/01\/a11a-e1714990926325.jpg","width":1700,"height":720},{"@type":"BreadcrumbList","@id":"https:\/\/www.havos.cz\/de\/produkt\/a11a-wannenprofil-mit-klebeband\/#breadcrumb","itemListElement":[{"@type":"ListItem","position":1,"name":"Home","item":"https:\/\/www.havos.cz\/de\/"},{"@type":"ListItem","position":2,"name":"Shop","item":"https:\/\/www.havos.cz\/de\/shop\/"},{"@type":"ListItem","position":3,"name":"A11a WANNENPROFIL MIT KLEBEBAND"}]},{"@type":"WebSite","@id":"https:\/\/www.havos.cz\/en\/#website","url":"https:\/\/www.havos.cz\/en\/","name":"Havos","description":"Li\u0161ty vyr\u00e1b\u011bn\u00e9 z hlin\u00edku, mosazi, oceli a PVC","publisher":{"@id":"https:\/\/www.havos.cz\/en\/#organization"},"potentialAction":[{"@type":"SearchAction","target":{"@type":"EntryPoint","urlTemplate":"https:\/\/www.havos.cz\/en\/?s={search_term_string}"},"query-input":{"@type":"PropertyValueSpecification","valueRequired":true,"valueName":"search_term_string"}}],"inLanguage":"de"},{"@type":"Organization","@id":"https:\/\/www.havos.cz\/en\/#organization","name":"Havos s.r.o.","url":"https:\/\/www.havos.cz\/en\/","logo":{"@type":"ImageObject","inLanguage":"de","@id":"https:\/\/www.havos.cz\/en\/#\/schema\/logo\/image\/","url":"https:\/\/i0.wp.com\/www.havos.cz\/wp-content\/uploads\/2020\/03\/logo.jpg?fit=274%2C33&ssl=1","contentUrl":"https:\/\/i0.wp.com\/www.havos.cz\/wp-content\/uploads\/2020\/03\/logo.jpg?fit=274%2C33&ssl=1","width":274,"height":33,"caption":"Havos s.r.o."},"image":{"@id":"https:\/\/www.havos.cz\/en\/#\/schema\/logo\/image\/"}}]}},"_links":{"self":[{"href":"https:\/\/www.havos.cz\/de\/wp-json\/wp\/v2\/product\/11061","targetHints":{"allow":["GET"]}}],"collection":[{"href":"https:\/\/www.havos.cz\/de\/wp-json\/wp\/v2\/product"}],"about":[{"href":"https:\/\/www.havos.cz\/de\/wp-json\/wp\/v2\/types\/product"}],"wp:featuredmedia":[{"embeddable":true,"href":"https:\/\/www.havos.cz\/de\/wp-json\/wp\/v2\/media\/14522"}],"wp:attachment":[{"href":"https:\/\/www.havos.cz\/de\/wp-json\/wp\/v2\/media?parent=11061"}],"wp:term":[{"taxonomy":"product_brand","embeddable":true,"href":"https:\/\/www.havos.cz\/de\/wp-json\/wp\/v2\/product_brand?post=11061"},{"taxonomy":"product_cat","embeddable":true,"href":"https:\/\/www.havos.cz\/de\/wp-json\/wp\/v2\/product_cat?post=11061"},{"taxonomy":"product_tag","embeddable":true,"href":"https:\/\/www.havos.cz\/de\/wp-json\/wp\/v2\/product_tag?post=11061"}],"curies":[{"name":"wp","href":"https:\/\/api.w.org\/{rel}","templated":true}]}}