{"id":14301,"date":"2020-04-14T09:31:09","date_gmt":"2020-04-14T09:31:09","guid":{"rendered":"https:\/\/www.havos.cz\/?page_id=14301"},"modified":"2020-05-04T07:17:40","modified_gmt":"2020-05-04T07:17:40","slug":"g01-fester-staender-selbsttragend","status":"publish","type":"page","link":"https:\/\/www.havos.cz\/de\/g01-fester-staender-selbsttragend\/","title":{"rendered":"G01 FESTER ST\u00c4NDER (SELBSTTRAGEND)"},"content":{"rendered":"<p>[vc_row][vc_column][\/vc_column][\/vc_row][vc_row][vc_column width=&#8220;2\/3&#8243;][vc_column_text]<strong>Stand f\u00fcr Gesch\u00e4ftspartner kostenlos!<\/strong><\/p>\n<table style=\"border-collapse: collapse; width: 100%;\">\n<tbody>\n<tr class=\"Row-Column-5\">\n<td class=\"SadroNad cell-style-override-8\" style=\"width: 24.7525%; text-align: center;\">\n<p class=\"Basic-Paragraph\"><strong><span class=\"tabNadpis\">Breite<\/span><\/strong><\/p>\n<\/td>\n<td class=\"SadroNad cell-style-override-8\" style=\"width: 24.8425%; text-align: center;\">\n<p class=\"Basic-Paragraph\"><strong>H\u00f6he<\/strong><\/p>\n<\/td>\n<td class=\"SadroNad cell-style-override-8\" style=\"width: 50.405%; text-align: center;\">\n<p class=\"Basic-Paragraph\"><strong><span class=\"tabNadpis\">Tiefe (m)<\/span><\/strong><\/p>\n<\/td>\n<\/tr>\n<tr class=\"Row-Column-5\">\n<td class=\"SadroBas\" style=\"width: 24.7525%; text-align: center;\">\n<p class=\"Basic-Paragraph\"><span class=\"textTabulky\">1.3 m <\/span><\/p>\n<\/td>\n<td class=\"SadroBas\" style=\"width: 24.8425%; text-align: center;\">\n<p class=\"Basic-Paragraph\"><span class=\"textTabulky\">2.0 m <\/span><\/p>\n<\/td>\n<td class=\"SadroPod cell-style-override-9\" style=\"width: 50.405%; text-align: center;\">\n<p class=\"Basic-Paragraph\"><span class=\"textTabulky\">0.45 m <\/span><\/p>\n<\/td>\n<\/tr>\n<tr class=\"Row-Column-5\">\n<td class=\"SadroBas\" style=\"width: 24.7525%; text-align: center;\">\n<p class=\"Basic-Paragraph\"><span class=\"textTabulky\">0.8 m <\/span><\/p>\n<\/td>\n<td class=\"SadroBas\" style=\"width: 24.8425%; text-align: center;\">\n<p class=\"Basic-Paragraph\"><span class=\"textTabulky\">2.0 m <\/span><\/p>\n<\/td>\n<td class=\"SadroPod cell-style-override-9\" style=\"width: 50.405%; text-align: center;\">\n<p class=\"Basic-Paragraph\"><span class=\"textTabulky\">0.45 m<\/span><\/p>\n<\/td>\n<\/tr>\n<\/tbody>\n<\/table>\n<p>[\/vc_column_text][\/vc_column][vc_column width=&#8220;1\/3&#8243;]<div data-id=\"mpc_image-9769ece6bdefacc\" onclick=\"\" class=\"mpc-image mpc-init  mpc-overlay--fade\"  data-align=\"middle-center\"><div class=\"mpc-item mpc-transition\"><img loading=\"lazy\" decoding=\"async\" width=\"214\" height=\"300\" src=\"https:\/\/www.havos.cz\/wp-content\/uploads\/2020\/04\/product_stand-214x300.jpg\" class=\"mpc-transition attachment-medium\" alt=\"\" srcset=\"https:\/\/www.havos.cz\/wp-content\/uploads\/2020\/04\/product_stand-214x300.jpg 214w, https:\/\/www.havos.cz\/wp-content\/uploads\/2020\/04\/product_stand-104x146.jpg 104w, https:\/\/www.havos.cz\/wp-content\/uploads\/2020\/04\/product_stand-36x50.jpg 36w, https:\/\/www.havos.cz\/wp-content\/uploads\/2020\/04\/product_stand-54x75.jpg 54w, https:\/\/www.havos.cz\/wp-content\/uploads\/2020\/04\/product_stand.jpg 550w\" sizes=\"auto, (max-width:767px) 214px, 214px\" \/><div class=\"mpc-item-overlay mpc-transition\"><div class=\"mpc-overlay--vertical-wrap\"><div class=\"mpc-overlay--vertical\"><a href=\"https:\/\/www.havos.cz\/wp-content\/uploads\/2020\/04\/product_stand.jpg\" rel=\"mpc\" class=\"mpc-icon-anchor mpc-magnific-popup\" data-rel=\"lightbox-image-0\" data-rl_title=\"\" data-rl_caption=\"\" title=\"\"><i class=\"mpc-item-overlay__icon mpc-type--lightbox mpc-icon--icon fa fa-search-plus\"><\/i><\/a><\/div><\/div><\/div><\/div><\/div>[\/vc_column][\/vc_row]<\/p>\n","protected":false},"excerpt":{"rendered":"<p>[vc_row][vc_column][\/vc_column][\/vc_row][vc_row][vc_column width=&#8220;2\/3&#8243;][vc_column_text]Stand f\u00fcr Gesch\u00e4ftspartner kostenlos! Breite H\u00f6he Tiefe (m) 1.3 m 2.0 m 0.45 m 0.8 m 2.0 m 0.45 m [\/vc_column_text][\/vc_column][vc_column width=&#8220;1\/3&#8243;][\/vc_column][\/vc_row]<\/p>\n","protected":false},"author":3,"featured_media":0,"parent":0,"menu_order":0,"comment_status":"closed","ping_status":"closed","template":"","meta":{"_acf_changed":false,"footnotes":"","_links_to":"","_links_to_target":""},"class_list":["post-14301","page","type-page","status-publish","hentry"],"acf":[],"yoast_head":"<!-- This site is optimized with the Yoast SEO plugin v26.4 - https:\/\/yoast.com\/wordpress\/plugins\/seo\/ -->\n<title>G01 FESTER ST\u00c4NDER (SELBSTTRAGEND) - Havos<\/title>\n<meta name=\"robots\" content=\"index, follow, max-snippet:-1, max-image-preview:large, max-video-preview:-1\" \/>\n<link rel=\"canonical\" href=\"https:\/\/www.havos.cz\/g01-pevny-stojan-samonosny\/\" \/>\n<meta property=\"og:locale\" content=\"de_DE\" \/>\n<meta property=\"og:type\" content=\"article\" \/>\n<meta property=\"og:title\" content=\"G01 FESTER ST\u00c4NDER (SELBSTTRAGEND) - Havos\" \/>\n<meta property=\"og:description\" content=\"[vc_row][vc_column][\/vc_column][\/vc_row][vc_row][vc_column width=&#8220;2\/3&#8243;][vc_column_text]Stand f\u00fcr Gesch\u00e4ftspartner kostenlos! Breite H\u00f6he Tiefe (m) 1.3 m 2.0 m 0.45 m 0.8 m 2.0 m 0.45 m [\/vc_column_text][\/vc_column][vc_column width=&#8220;1\/3&#8243;][\/vc_column][\/vc_row]\" \/>\n<meta property=\"og:url\" content=\"https:\/\/www.havos.cz\/g01-pevny-stojan-samonosny\/\" \/>\n<meta property=\"og:site_name\" content=\"Havos\" \/>\n<meta property=\"article:modified_time\" content=\"2020-05-04T07:17:40+00:00\" \/>\n<meta name=\"twitter:card\" content=\"summary_large_image\" \/>\n<script type=\"application\/ld+json\" class=\"yoast-schema-graph\">{\"@context\":\"https:\/\/schema.org\",\"@graph\":[{\"@type\":\"WebPage\",\"@id\":\"https:\/\/www.havos.cz\/g01-pevny-stojan-samonosny\/\",\"url\":\"https:\/\/www.havos.cz\/g01-pevny-stojan-samonosny\/\",\"name\":\"G01 FESTER ST\u00c4NDER (SELBSTTRAGEND) - Havos\",\"isPartOf\":{\"@id\":\"https:\/\/www.havos.cz\/en\/#website\"},\"datePublished\":\"2020-04-14T09:31:09+00:00\",\"dateModified\":\"2020-05-04T07:17:40+00:00\",\"breadcrumb\":{\"@id\":\"https:\/\/www.havos.cz\/g01-pevny-stojan-samonosny\/#breadcrumb\"},\"inLanguage\":\"de\",\"potentialAction\":[{\"@type\":\"ReadAction\",\"target\":[\"https:\/\/www.havos.cz\/g01-pevny-stojan-samonosny\/\"]}]},{\"@type\":\"BreadcrumbList\",\"@id\":\"https:\/\/www.havos.cz\/g01-pevny-stojan-samonosny\/#breadcrumb\",\"itemListElement\":[{\"@type\":\"ListItem\",\"position\":1,\"name\":\"Home\",\"item\":\"https:\/\/www.havos.cz\/de\/\"},{\"@type\":\"ListItem\",\"position\":2,\"name\":\"G01 FESTER ST\u00c4NDER (SELBSTTRAGEND)\"}]},{\"@type\":\"WebSite\",\"@id\":\"https:\/\/www.havos.cz\/en\/#website\",\"url\":\"https:\/\/www.havos.cz\/en\/\",\"name\":\"Havos\",\"description\":\"Li\u0161ty vyr\u00e1b\u011bn\u00e9 z hlin\u00edku, mosazi, oceli a PVC\",\"publisher\":{\"@id\":\"https:\/\/www.havos.cz\/en\/#organization\"},\"potentialAction\":[{\"@type\":\"SearchAction\",\"target\":{\"@type\":\"EntryPoint\",\"urlTemplate\":\"https:\/\/www.havos.cz\/en\/?s={search_term_string}\"},\"query-input\":{\"@type\":\"PropertyValueSpecification\",\"valueRequired\":true,\"valueName\":\"search_term_string\"}}],\"inLanguage\":\"de\"},{\"@type\":\"Organization\",\"@id\":\"https:\/\/www.havos.cz\/en\/#organization\",\"name\":\"Havos s.r.o.\",\"url\":\"https:\/\/www.havos.cz\/en\/\",\"logo\":{\"@type\":\"ImageObject\",\"inLanguage\":\"de\",\"@id\":\"https:\/\/www.havos.cz\/en\/#\/schema\/logo\/image\/\",\"url\":\"https:\/\/i0.wp.com\/www.havos.cz\/wp-content\/uploads\/2020\/03\/logo.jpg?fit=274%2C33&ssl=1\",\"contentUrl\":\"https:\/\/i0.wp.com\/www.havos.cz\/wp-content\/uploads\/2020\/03\/logo.jpg?fit=274%2C33&ssl=1\",\"width\":274,\"height\":33,\"caption\":\"Havos s.r.o.\"},\"image\":{\"@id\":\"https:\/\/www.havos.cz\/en\/#\/schema\/logo\/image\/\"}}]}<\/script>\n<!-- \/ Yoast SEO plugin. -->","yoast_head_json":{"title":"G01 FESTER ST\u00c4NDER (SELBSTTRAGEND) - Havos","robots":{"index":"index","follow":"follow","max-snippet":"max-snippet:-1","max-image-preview":"max-image-preview:large","max-video-preview":"max-video-preview:-1"},"canonical":"https:\/\/www.havos.cz\/g01-pevny-stojan-samonosny\/","og_locale":"de_DE","og_type":"article","og_title":"G01 FESTER ST\u00c4NDER (SELBSTTRAGEND) - Havos","og_description":"[vc_row][vc_column][\/vc_column][\/vc_row][vc_row][vc_column width=&#8220;2\/3&#8243;][vc_column_text]Stand f\u00fcr Gesch\u00e4ftspartner kostenlos! Breite H\u00f6he Tiefe (m) 1.3 m 2.0 m 0.45 m 0.8 m 2.0 m 0.45 m [\/vc_column_text][\/vc_column][vc_column width=&#8220;1\/3&#8243;][\/vc_column][\/vc_row]","og_url":"https:\/\/www.havos.cz\/g01-pevny-stojan-samonosny\/","og_site_name":"Havos","article_modified_time":"2020-05-04T07:17:40+00:00","twitter_card":"summary_large_image","schema":{"@context":"https:\/\/schema.org","@graph":[{"@type":"WebPage","@id":"https:\/\/www.havos.cz\/g01-pevny-stojan-samonosny\/","url":"https:\/\/www.havos.cz\/g01-pevny-stojan-samonosny\/","name":"G01 FESTER ST\u00c4NDER (SELBSTTRAGEND) - Havos","isPartOf":{"@id":"https:\/\/www.havos.cz\/en\/#website"},"datePublished":"2020-04-14T09:31:09+00:00","dateModified":"2020-05-04T07:17:40+00:00","breadcrumb":{"@id":"https:\/\/www.havos.cz\/g01-pevny-stojan-samonosny\/#breadcrumb"},"inLanguage":"de","potentialAction":[{"@type":"ReadAction","target":["https:\/\/www.havos.cz\/g01-pevny-stojan-samonosny\/"]}]},{"@type":"BreadcrumbList","@id":"https:\/\/www.havos.cz\/g01-pevny-stojan-samonosny\/#breadcrumb","itemListElement":[{"@type":"ListItem","position":1,"name":"Home","item":"https:\/\/www.havos.cz\/de\/"},{"@type":"ListItem","position":2,"name":"G01 FESTER ST\u00c4NDER (SELBSTTRAGEND)"}]},{"@type":"WebSite","@id":"https:\/\/www.havos.cz\/en\/#website","url":"https:\/\/www.havos.cz\/en\/","name":"Havos","description":"Li\u0161ty vyr\u00e1b\u011bn\u00e9 z hlin\u00edku, mosazi, oceli a PVC","publisher":{"@id":"https:\/\/www.havos.cz\/en\/#organization"},"potentialAction":[{"@type":"SearchAction","target":{"@type":"EntryPoint","urlTemplate":"https:\/\/www.havos.cz\/en\/?s={search_term_string}"},"query-input":{"@type":"PropertyValueSpecification","valueRequired":true,"valueName":"search_term_string"}}],"inLanguage":"de"},{"@type":"Organization","@id":"https:\/\/www.havos.cz\/en\/#organization","name":"Havos s.r.o.","url":"https:\/\/www.havos.cz\/en\/","logo":{"@type":"ImageObject","inLanguage":"de","@id":"https:\/\/www.havos.cz\/en\/#\/schema\/logo\/image\/","url":"https:\/\/i0.wp.com\/www.havos.cz\/wp-content\/uploads\/2020\/03\/logo.jpg?fit=274%2C33&ssl=1","contentUrl":"https:\/\/i0.wp.com\/www.havos.cz\/wp-content\/uploads\/2020\/03\/logo.jpg?fit=274%2C33&ssl=1","width":274,"height":33,"caption":"Havos s.r.o."},"image":{"@id":"https:\/\/www.havos.cz\/en\/#\/schema\/logo\/image\/"}}]}},"_links":{"self":[{"href":"https:\/\/www.havos.cz\/de\/wp-json\/wp\/v2\/pages\/14301","targetHints":{"allow":["GET"]}}],"collection":[{"href":"https:\/\/www.havos.cz\/de\/wp-json\/wp\/v2\/pages"}],"about":[{"href":"https:\/\/www.havos.cz\/de\/wp-json\/wp\/v2\/types\/page"}],"author":[{"embeddable":true,"href":"https:\/\/www.havos.cz\/de\/wp-json\/wp\/v2\/users\/3"}],"replies":[{"embeddable":true,"href":"https:\/\/www.havos.cz\/de\/wp-json\/wp\/v2\/comments?post=14301"}],"version-history":[{"count":0,"href":"https:\/\/www.havos.cz\/de\/wp-json\/wp\/v2\/pages\/14301\/revisions"}],"wp:attachment":[{"href":"https:\/\/www.havos.cz\/de\/wp-json\/wp\/v2\/media?parent=14301"}],"curies":[{"name":"wp","href":"https:\/\/api.w.org\/{rel}","templated":true}]}}