{"id":13535,"date":"2018-12-20T21:30:26","date_gmt":"2018-12-20T21:30:26","guid":{"rendered":"https:\/\/www.havos.cz\/?page_id=13535"},"modified":"2024-04-26T08:56:59","modified_gmt":"2024-04-26T08:56:59","slug":"kontakt-de","status":"publish","type":"page","link":"https:\/\/www.havos.cz\/de\/kontakt-de\/","title":{"rendered":"Kontakt"},"content":{"rendered":"<p>[vc_row][vc_column][vc_column_text]<\/p>\n<h3><strong>HAVOS s.r.o.<\/strong><\/h3>\n<p>[\/vc_column_text][\/vc_column][\/vc_row][vc_row][vc_column width=&#8220;1\/3&#8243;][vc_column_text]Kate\u0159insk\u00e1 495<br \/>\n463 03 Str\u00e1\u017e nad Nisou[\/vc_column_text][\/vc_column][vc_column width=&#8220;2\/3&#8243;][vc_row_inner css=&#8220;.vc_custom_1585048177023{margin: 0px !important;padding: 0px !important;}&#8220;][vc_column_inner width=&#8220;1\/2&#8243; css=&#8220;.vc_custom_1585048192314{margin: 0px !important;padding: 0px !important;}&#8220;][vc_column_text]I\u010cO: <strong>25046110<\/strong><br \/>\nDI\u010c: <strong>CZ<span class=\"nowrap\">25046110<\/span><\/strong>[\/vc_column_text][\/vc_column_inner][vc_column_inner width=&#8220;1\/2&#8243; css=&#8220;.vc_custom_1585048199776{margin: 0px !important;padding: 0px !important;}&#8220;][vc_column_text]<i class=\"icon-call\" style=\"\" aria-hidden=\"true\"><\/i> : <a href=\"tel:+420 604 587 502\">+420 604 587 502<\/a><br \/>\n<i class=\"icon-email\" style=\"\" aria-hidden=\"true\"><\/i> : <a href=\"mailto:havos@havos.cz\">havos@havos.cz<\/a>[\/vc_column_text][\/vc_column_inner][\/vc_row_inner][\/vc_column][\/vc_row][vc_row][vc_column][vc_empty_space][vc_column_text css=&#8220;.vc_custom_1588576087986{margin-top: 0px !important;margin-right: 0px !important;margin-bottom: 0px !important;margin-left: 0px !important;padding-top: 0px !important;padding-right: 0px !important;padding-bottom: 0px !important;padding-left: 0px !important;}&#8220;]Die Gesellschaft ist beim Landgericht in \u00dast\u00ed nad Labem\u00a0 eingetragen.<\/p>\n<p><span class=\"gt-baf-cell gt-baf-previous-word gt-baf-previous-word-mobile\">das <\/span><span class=\"gt-baf-cell gt-baf-word-clickable\">Aktenzeichen C14797<\/span>[\/vc_column_text][vc_empty_space height=&#8220;30px&#8220; css=&#8220;.vc_custom_1585124446129{margin-top: 0px !important;margin-right: 0px !important;margin-bottom: 0px !important;margin-left: 0px !important;padding-top: 0px !important;padding-right: 0px !important;padding-bottom: 0px !important;padding-left: 0px !important;}&#8220;][vc_column_text]<strong>\u00d6ffnungszeiten:<\/strong> Montag-Freitag:\u00a0 7.00 &#8211; 11.00 \/ 11.30 &#8211; 15.30[\/vc_column_text][\/vc_column][\/vc_row][vc_row css=&#8220;.vc_custom_1585047887836{margin-top: 50px !important;margin-bottom: 50px !important;}&#8220;][vc_column]<div id=\"mpc_grid_anything-486a06d88a7ebae\" class=\"mpc-grid-anything mpc-init \"  data-grid-cols=\"2\"><div data-id=\"mpc_icon_column-666a06d88a7ecdf\" class=\"mpc-icon-column mpc-init mpc-parent-hover mpc-transition mpc-icon-column--style_3 mpc-align--center \" ><div data-id=\"mpc_icon-916a06d88a7f3e1\" class=\"mpc-icon mpc-init mpc-transition mpc-effect-none mpc-icon--image \"><div class=\"mpc-icon-wrap\"><i class=\"mpc-icon-part mpc-regular mpc-transition \"><img loading=\"lazy\" decoding=\"async\" class=\"\" src=\"https:\/\/www.havos.cz\/wp-content\/uploads\/2020\/04\/silueta_100x160.jpg\" width=\"100\" height=\"160\" alt=\"silueta_100x160\" title=\"silueta_100x160\" \/><\/i><\/div><\/div><div class=\"mpc-icon-column__content-wrap\"><div class=\"mpc-icon-column__content\"><div data-id=\"mpc_divider-976a06d88a7f417\" class=\"mpc-divider-wrap\"><div class=\"mpc-divider mpc-init mpc-align--center mpc-disable--left \" ><div class=\"mpc-divider__line mpc-side--left\"><span><\/span><\/div><div class=\"mpc-divider__line mpc-side--right\"><span><\/span><\/div><\/div><\/div><div class=\"mpc-icon-column__description mpc-transition\"><p><strong>Bestellungen, Rechnungsstellung<\/strong><br \/>\nLenka Hodbo\u010fov\u00e1<\/p>\n<p><i class=\"icon-call\" style=\"\" aria-hidden=\"true\"><\/i> : <a href=\"tel:+420 604 587 502\">+420 604 587 502<\/a><br \/>\n<i class=\"icon-email\" style=\"\" aria-hidden=\"true\"><\/i> :\u00a0<a href=\"mailto:havos@havos.cz\" target=\"_blank\" rel=\"noopener noreferrer\">havos@havos.cz<\/a><\/p>\n<\/div><\/div><\/div><\/div><div data-id=\"mpc_icon_column-886a06d88a7f5ba\" class=\"mpc-icon-column mpc-init mpc-parent-hover mpc-transition mpc-icon-column--style_3 mpc-align--center \" ><div data-id=\"mpc_icon-126a06d88a7f72f\" class=\"mpc-icon mpc-init mpc-transition mpc-effect-none mpc-icon--image \"><div class=\"mpc-icon-wrap\"><i class=\"mpc-icon-part mpc-regular mpc-transition \"><img loading=\"lazy\" decoding=\"async\" class=\"\" src=\"https:\/\/www.havos.cz\/wp-content\/uploads\/2020\/04\/silueta_100x160.jpg\" width=\"100\" height=\"160\" alt=\"silueta_100x160\" title=\"silueta_100x160\" \/><\/i><\/div><\/div><div class=\"mpc-icon-column__content-wrap\"><div class=\"mpc-icon-column__content\"><div data-id=\"mpc_divider-696a06d88a7f759\" class=\"mpc-divider-wrap\"><div class=\"mpc-divider mpc-init mpc-align--center mpc-disable--left \" ><div class=\"mpc-divider__line mpc-side--left\"><span><\/span><\/div><div class=\"mpc-divider__line mpc-side--right\"><span><\/span><\/div><\/div><\/div><div class=\"mpc-icon-column__description mpc-transition\"><p><strong>Gesch\u00e4ftsvertreter<\/strong><br \/>\ning. Stanislav \u0158ezka<\/p>\n<p><i class=\"icon-call\" style=\"\" aria-hidden=\"true\"><\/i> : <a href=\"tel:+420 604 587 504\">+420 604 587 504<\/a><br \/>\n<i class=\"icon-email\" style=\"\" aria-hidden=\"true\"><\/i> :\u00a0<a href=\"mailto:obchod@havos.cz\" target=\"_blank\" rel=\"noopener noreferrer\">obchod@havos.cz<\/a><\/p>\n<\/div><\/div><\/div><\/div><div data-id=\"mpc_icon_column-86a06d88a7f921\" class=\"mpc-icon-column mpc-init mpc-parent-hover mpc-transition mpc-icon-column--style_3 mpc-align--center \" ><div data-id=\"mpc_icon-846a06d88a7fb12\" class=\"mpc-icon mpc-init mpc-transition mpc-effect-none mpc-icon--image \"><div class=\"mpc-icon-wrap\"><i class=\"mpc-icon-part mpc-regular mpc-transition \"><img loading=\"lazy\" decoding=\"async\" class=\"\" src=\"https:\/\/www.havos.cz\/wp-content\/uploads\/2020\/04\/silueta_100x160.jpg\" width=\"100\" height=\"160\" alt=\"silueta_100x160\" title=\"silueta_100x160\" \/><\/i><\/div><\/div><div class=\"mpc-icon-column__content-wrap\"><div class=\"mpc-icon-column__content\"><div data-id=\"mpc_divider-926a06d88a7fb35\" class=\"mpc-divider-wrap\"><div class=\"mpc-divider mpc-init mpc-align--center mpc-disable--left \" ><div class=\"mpc-divider__line mpc-side--left\"><span><\/span><\/div><div class=\"mpc-divider__line mpc-side--right\"><span><\/span><\/div><\/div><\/div><div class=\"mpc-icon-column__description mpc-transition\"><p><strong>Gesch\u00e4ftsvertreter im Ausland<\/strong><br \/>\nIng. Richard Fiala<\/p>\n<p><i class=\"icon-call\" style=\"\" aria-hidden=\"true\"><\/i> : <a href=\"tel:+420 725 329 963\">+420 725 329 963<\/a><br \/>\n<i class=\"icon-email\" style=\"\" aria-hidden=\"true\"><\/i> : <a href=\"mailto:richard.fiala@havos.cz\">richard.fiala@havos.cz<\/a><\/p>\n<\/div><\/div><\/div><\/div><div data-id=\"mpc_icon_column-946a06d88a7fc4f\" class=\"mpc-icon-column mpc-init mpc-parent-hover mpc-transition mpc-icon-column--style_3 mpc-align--center \" ><div data-id=\"mpc_icon-356a06d88a7fdb8\" class=\"mpc-icon mpc-init mpc-transition mpc-effect-none mpc-icon--image \"><div class=\"mpc-icon-wrap\"><i class=\"mpc-icon-part mpc-regular mpc-transition \"><img loading=\"lazy\" decoding=\"async\" class=\"\" src=\"https:\/\/www.havos.cz\/wp-content\/uploads\/2020\/04\/silueta_100x160.jpg\" width=\"100\" height=\"160\" alt=\"silueta_100x160\" title=\"silueta_100x160\" \/><\/i><\/div><\/div><div class=\"mpc-icon-column__content-wrap\"><div class=\"mpc-icon-column__content\"><div data-id=\"mpc_divider-26a06d88a7fdd7\" class=\"mpc-divider-wrap\"><div class=\"mpc-divider mpc-init mpc-align--center mpc-disable--left \" ><div class=\"mpc-divider__line mpc-side--left\"><span><\/span><\/div><div class=\"mpc-divider__line mpc-side--right\"><span><\/span><\/div><\/div><\/div><div class=\"mpc-icon-column__description mpc-transition\"><p><strong>Firmeninhaber<\/strong><br \/>\nMartin Havl\u00ed\u010dek<\/p>\n<p><i class=\"icon-email\" style=\"\" aria-hidden=\"true\"><\/i> : <a href=\"mailto:martin.havlicek@havos.cz\" target=\"_blank\" rel=\"noopener noreferrer\">martin.havlicek@havos.cz<\/a><\/p>\n<\/div><\/div><\/div><\/div><\/div>[\/vc_column][\/vc_row][vc_row equal_height=&#8220;yes&#8220;][vc_column width=&#8220;1\/2&#8243;][vc_column_text]<style id=\"wpforms-css-vars-16571\">\n\t\t\t\t#wpforms-16571 {\n\t\t\t\t\n\t\t\t}\n\t\t\t<\/style><div class=\"wpforms-container wpforms-container-full wpforms-render-modern\" id=\"wpforms-16571\"><form id=\"wpforms-form-16571\" class=\"wpforms-validate wpforms-form wpforms-ajax-form\" data-formid=\"16571\" method=\"post\" enctype=\"multipart\/form-data\" action=\"\/de\/wp-json\/wp\/v2\/pages\/13535\" data-token=\"588d5fb561e97c0189e831bc7f98ef23\" data-token-time=\"1778833546\"><noscript class=\"wpforms-error-noscript\">Bitte aktiviere JavaScript in deinem Browser, um dieses Formular fertigzustellen.<\/noscript><div id=\"wpforms-error-noscript\" style=\"display: none;\">Bitte aktiviere JavaScript in deinem Browser, um dieses Formular fertigzustellen.<\/div><div class=\"wpforms-field-container\"><div id=\"wpforms-16571-field_0-container\" class=\"wpforms-field wpforms-field-name\" data-field-id=\"0\"><label class=\"wpforms-field-label wpforms-label-hide\" for=\"wpforms-16571-field_0\" aria-hidden=\"false\">Jm\u00e9no <span class=\"wpforms-required-label\" aria-hidden=\"true\">*<\/span><\/label><input type=\"text\" id=\"wpforms-16571-field_0\" class=\"wpforms-field-large wpforms-field-required\" name=\"wpforms[fields][0]\" placeholder=\"Ihr Name\" aria-errormessage=\"wpforms-16571-field_0-error\" required><\/div><div id=\"wpforms-16571-field_1-container\" class=\"wpforms-field wpforms-field-email\" data-field-id=\"1\"><label class=\"wpforms-field-label wpforms-label-hide\" for=\"wpforms-16571-field_1\" aria-hidden=\"false\">E-mail <span class=\"wpforms-required-label\" aria-hidden=\"true\">*<\/span><\/label><input type=\"email\" id=\"wpforms-16571-field_1\" class=\"wpforms-field-large wpforms-field-required\" name=\"wpforms[fields][1]\" placeholder=\"E-mail\" spellcheck=\"false\" aria-errormessage=\"wpforms-16571-field_1-error\" required><\/div><div id=\"wpforms-16571-field_3-container\" class=\"wpforms-field wpforms-field-text\" data-field-id=\"3\"><label class=\"wpforms-field-label wpforms-label-hide\" for=\"wpforms-16571-field_3\" aria-hidden=\"false\">Telefon<\/label><input type=\"text\" id=\"wpforms-16571-field_3\" class=\"wpforms-field-large\" name=\"wpforms[fields][3]\" placeholder=\"Telefon\" aria-errormessage=\"wpforms-16571-field_3-error\" ><\/div><div id=\"wpforms-16571-field_2-container\" class=\"wpforms-field wpforms-field-textarea\" data-field-id=\"2\"><label class=\"wpforms-field-label wpforms-label-hide\" for=\"wpforms-16571-field_2\" aria-hidden=\"false\">Zpr\u00e1va<\/label><textarea id=\"wpforms-16571-field_2\" class=\"wpforms-field-small\" name=\"wpforms[fields][2]\" placeholder=\"Ihre Nachricht\" aria-errormessage=\"wpforms-16571-field_2-error\" ><\/textarea><\/div><div id=\"wpforms-16571-field_4-container\" class=\"wpforms-field wpforms-field-checkbox\" data-field-id=\"4\"><fieldset><legend class=\"wpforms-field-label wpforms-label-hide\" aria-hidden=\"false\">Souhlas s podm\u00ednkami <span class=\"wpforms-required-label\" aria-hidden=\"true\">*<\/span><\/legend><ul id=\"wpforms-16571-field_4\" class=\"wpforms-field-required\"><li class=\"choice-1 depth-1\"><input type=\"checkbox\" id=\"wpforms-16571-field_4_1\" name=\"wpforms[fields][4][]\" value=\"Ich bin mit der Verarbeitung von &lt;a target=&quot;_blank&quot; href=&quot;https:\/\/www.havos.cz\/osobni-udaje\/&quot;&gt;pers\u00f6nlichen Daten&lt;\/a&gt; einverstanden.\" aria-errormessage=\"wpforms-16571-field_4_1-error\" required ><label class=\"wpforms-field-label-inline\" for=\"wpforms-16571-field_4_1\">Ich bin mit der Verarbeitung von <a target=\"_blank\" href=\"https:\/\/www.havos.cz\/osobni-udaje\/\">pers\u00f6nlichen Daten<\/a> einverstanden.<\/label><\/li><\/ul><\/fieldset><\/div><\/div><!-- .wpforms-field-container --><div class=\"wpforms-submit-container\" ><input type=\"hidden\" name=\"wpforms[id]\" value=\"16571\"><input type=\"hidden\" name=\"page_title\" value=\"\"><input type=\"hidden\" name=\"page_url\" value=\"https:\/\/www.havos.cz\/de\/wp-json\/wp\/v2\/pages\/13535\"><input type=\"hidden\" name=\"url_referer\" value=\"\"><button type=\"submit\" name=\"wpforms[submit]\" id=\"wpforms-submit-16571\" class=\"wpforms-submit\" data-alt-text=\"Senden...\" data-submit-text=\"Nachricht senden\" aria-live=\"assertive\" value=\"wpforms-submit\">Nachricht senden<\/button><img loading=\"lazy\" decoding=\"async\" src=\"https:\/\/www.havos.cz\/wp-content\/plugins\/wpforms-lite\/assets\/images\/submit-spin.svg\" class=\"wpforms-submit-spinner\" style=\"display: none;\" width=\"26\" height=\"26\" alt=\"Wird geladen\"><\/div><\/form><\/div>  <!-- .wpforms-container -->[\/vc_column_text][\/vc_column][vc_column width=&#8220;1\/2&#8243;][vc_raw_html]JTNDaWZyYW1lJTIwc3R5bGUlM0QlMjJib3JkZXIlM0Fub25lJTIyJTIwc3JjJTNEJTIyaHR0cHMlM0ElMkYlMkZmcmFtZS5tYXB5LmN6JTJGcyUyRmhhcGFndWJvbWUlMjIlMjB3aWR0aCUzRCUyMjEwMCUyNSUyMiUyMGhlaWdodCUzRCUyMjQwMCUyMiUyMGZyYW1lYm9yZGVyJTNEJTIyMCUyMiUzRSUzQyUyRmlmcmFtZSUzRQ==[\/vc_raw_html][\/vc_column][\/vc_row][vc_row][vc_column][vc_empty_space][\/vc_column][\/vc_row]<\/p>\n","protected":false},"excerpt":{"rendered":"<p>[vc_row][vc_column][vc_column_text] HAVOS s.r.o. [\/vc_column_text][\/vc_column][\/vc_row][vc_row][vc_column width=&#8220;1\/3&#8243;][vc_column_text]Kate\u0159insk\u00e1 495 463 03 Str\u00e1\u017e nad Nisou[\/vc_column_text][\/vc_column][vc_column width=&#8220;2\/3&#8243;][vc_row_inner css=&#8220;.vc_custom_1585048177023{margin: 0px !important;padding: 0px !important;}&#8220;][vc_column_inner width=&#8220;1\/2&#8243; css=&#8220;.vc_custom_1585048192314{margin: 0px !important;padding: 0px !important;}&#8220;][vc_column_text]I\u010cO: 25046110 DI\u010c: CZ25046110[\/vc_column_text][\/vc_column_inner][vc_column_inner<\/p>\n","protected":false},"author":3,"featured_media":0,"parent":0,"menu_order":0,"comment_status":"closed","ping_status":"closed","template":"","meta":{"_acf_changed":false,"footnotes":"","_links_to":"","_links_to_target":""},"class_list":["post-13535","page","type-page","status-publish","hentry"],"acf":[],"yoast_head":"<!-- This site is optimized with the Yoast SEO plugin v26.4 - https:\/\/yoast.com\/wordpress\/plugins\/seo\/ -->\n<title>Kontakt - Havos<\/title>\n<meta name=\"robots\" content=\"index, follow, max-snippet:-1, max-image-preview:large, max-video-preview:-1\" \/>\n<link rel=\"canonical\" href=\"https:\/\/www.havos.cz\/de\/kontakt-de\/\" \/>\n<meta property=\"og:locale\" content=\"de_DE\" \/>\n<meta property=\"og:type\" content=\"article\" \/>\n<meta property=\"og:title\" content=\"Kontakt - Havos\" \/>\n<meta property=\"og:description\" content=\"[vc_row][vc_column][vc_column_text] HAVOS s.r.o. [\/vc_column_text][\/vc_column][\/vc_row][vc_row][vc_column width=&#8220;1\/3&#8243;][vc_column_text]Kate\u0159insk\u00e1 495 463 03 Str\u00e1\u017e nad Nisou[\/vc_column_text][\/vc_column][vc_column width=&#8220;2\/3&#8243;][vc_row_inner css=&#8220;.vc_custom_1585048177023{margin: 0px !important;padding: 0px !important;}&#8220;][vc_column_inner width=&#8220;1\/2&#8243; css=&#8220;.vc_custom_1585048192314{margin: 0px !important;padding: 0px !important;}&#8220;][vc_column_text]I\u010cO: 25046110 DI\u010c: CZ25046110[\/vc_column_text][\/vc_column_inner][vc_column_inner\" \/>\n<meta property=\"og:url\" content=\"https:\/\/www.havos.cz\/de\/kontakt-de\/\" \/>\n<meta property=\"og:site_name\" content=\"Havos\" \/>\n<meta property=\"article:modified_time\" content=\"2024-04-26T08:56:59+00:00\" \/>\n<meta name=\"twitter:card\" content=\"summary_large_image\" \/>\n<meta name=\"twitter:label1\" content=\"Gesch\u00e4tzte Lesezeit\" \/>\n\t<meta name=\"twitter:data1\" content=\"3\u00a0Minuten\" \/>\n<script type=\"application\/ld+json\" class=\"yoast-schema-graph\">{\"@context\":\"https:\/\/schema.org\",\"@graph\":[{\"@type\":\"WebPage\",\"@id\":\"https:\/\/www.havos.cz\/de\/kontakt-de\/\",\"url\":\"https:\/\/www.havos.cz\/de\/kontakt-de\/\",\"name\":\"Kontakt - Havos\",\"isPartOf\":{\"@id\":\"https:\/\/www.havos.cz\/en\/#website\"},\"datePublished\":\"2018-12-20T21:30:26+00:00\",\"dateModified\":\"2024-04-26T08:56:59+00:00\",\"breadcrumb\":{\"@id\":\"https:\/\/www.havos.cz\/de\/kontakt-de\/#breadcrumb\"},\"inLanguage\":\"de\",\"potentialAction\":[{\"@type\":\"ReadAction\",\"target\":[\"https:\/\/www.havos.cz\/de\/kontakt-de\/\"]}]},{\"@type\":\"BreadcrumbList\",\"@id\":\"https:\/\/www.havos.cz\/de\/kontakt-de\/#breadcrumb\",\"itemListElement\":[{\"@type\":\"ListItem\",\"position\":1,\"name\":\"Home\",\"item\":\"https:\/\/www.havos.cz\/de\/\"},{\"@type\":\"ListItem\",\"position\":2,\"name\":\"Kontakt\"}]},{\"@type\":\"WebSite\",\"@id\":\"https:\/\/www.havos.cz\/en\/#website\",\"url\":\"https:\/\/www.havos.cz\/en\/\",\"name\":\"Havos\",\"description\":\"Li\u0161ty vyr\u00e1b\u011bn\u00e9 z hlin\u00edku, mosazi, oceli a PVC\",\"publisher\":{\"@id\":\"https:\/\/www.havos.cz\/en\/#organization\"},\"potentialAction\":[{\"@type\":\"SearchAction\",\"target\":{\"@type\":\"EntryPoint\",\"urlTemplate\":\"https:\/\/www.havos.cz\/en\/?s={search_term_string}\"},\"query-input\":{\"@type\":\"PropertyValueSpecification\",\"valueRequired\":true,\"valueName\":\"search_term_string\"}}],\"inLanguage\":\"de\"},{\"@type\":\"Organization\",\"@id\":\"https:\/\/www.havos.cz\/en\/#organization\",\"name\":\"Havos s.r.o.\",\"url\":\"https:\/\/www.havos.cz\/en\/\",\"logo\":{\"@type\":\"ImageObject\",\"inLanguage\":\"de\",\"@id\":\"https:\/\/www.havos.cz\/en\/#\/schema\/logo\/image\/\",\"url\":\"https:\/\/i0.wp.com\/www.havos.cz\/wp-content\/uploads\/2020\/03\/logo.jpg?fit=274%2C33&ssl=1\",\"contentUrl\":\"https:\/\/i0.wp.com\/www.havos.cz\/wp-content\/uploads\/2020\/03\/logo.jpg?fit=274%2C33&ssl=1\",\"width\":274,\"height\":33,\"caption\":\"Havos s.r.o.\"},\"image\":{\"@id\":\"https:\/\/www.havos.cz\/en\/#\/schema\/logo\/image\/\"}}]}<\/script>\n<!-- \/ Yoast SEO plugin. -->","yoast_head_json":{"title":"Kontakt - Havos","robots":{"index":"index","follow":"follow","max-snippet":"max-snippet:-1","max-image-preview":"max-image-preview:large","max-video-preview":"max-video-preview:-1"},"canonical":"https:\/\/www.havos.cz\/de\/kontakt-de\/","og_locale":"de_DE","og_type":"article","og_title":"Kontakt - Havos","og_description":"[vc_row][vc_column][vc_column_text] HAVOS s.r.o. [\/vc_column_text][\/vc_column][\/vc_row][vc_row][vc_column width=&#8220;1\/3&#8243;][vc_column_text]Kate\u0159insk\u00e1 495 463 03 Str\u00e1\u017e nad Nisou[\/vc_column_text][\/vc_column][vc_column width=&#8220;2\/3&#8243;][vc_row_inner css=&#8220;.vc_custom_1585048177023{margin: 0px !important;padding: 0px !important;}&#8220;][vc_column_inner width=&#8220;1\/2&#8243; css=&#8220;.vc_custom_1585048192314{margin: 0px !important;padding: 0px !important;}&#8220;][vc_column_text]I\u010cO: 25046110 DI\u010c: CZ25046110[\/vc_column_text][\/vc_column_inner][vc_column_inner","og_url":"https:\/\/www.havos.cz\/de\/kontakt-de\/","og_site_name":"Havos","article_modified_time":"2024-04-26T08:56:59+00:00","twitter_card":"summary_large_image","twitter_misc":{"Gesch\u00e4tzte Lesezeit":"3\u00a0Minuten"},"schema":{"@context":"https:\/\/schema.org","@graph":[{"@type":"WebPage","@id":"https:\/\/www.havos.cz\/de\/kontakt-de\/","url":"https:\/\/www.havos.cz\/de\/kontakt-de\/","name":"Kontakt - Havos","isPartOf":{"@id":"https:\/\/www.havos.cz\/en\/#website"},"datePublished":"2018-12-20T21:30:26+00:00","dateModified":"2024-04-26T08:56:59+00:00","breadcrumb":{"@id":"https:\/\/www.havos.cz\/de\/kontakt-de\/#breadcrumb"},"inLanguage":"de","potentialAction":[{"@type":"ReadAction","target":["https:\/\/www.havos.cz\/de\/kontakt-de\/"]}]},{"@type":"BreadcrumbList","@id":"https:\/\/www.havos.cz\/de\/kontakt-de\/#breadcrumb","itemListElement":[{"@type":"ListItem","position":1,"name":"Home","item":"https:\/\/www.havos.cz\/de\/"},{"@type":"ListItem","position":2,"name":"Kontakt"}]},{"@type":"WebSite","@id":"https:\/\/www.havos.cz\/en\/#website","url":"https:\/\/www.havos.cz\/en\/","name":"Havos","description":"Li\u0161ty vyr\u00e1b\u011bn\u00e9 z hlin\u00edku, mosazi, oceli a PVC","publisher":{"@id":"https:\/\/www.havos.cz\/en\/#organization"},"potentialAction":[{"@type":"SearchAction","target":{"@type":"EntryPoint","urlTemplate":"https:\/\/www.havos.cz\/en\/?s={search_term_string}"},"query-input":{"@type":"PropertyValueSpecification","valueRequired":true,"valueName":"search_term_string"}}],"inLanguage":"de"},{"@type":"Organization","@id":"https:\/\/www.havos.cz\/en\/#organization","name":"Havos s.r.o.","url":"https:\/\/www.havos.cz\/en\/","logo":{"@type":"ImageObject","inLanguage":"de","@id":"https:\/\/www.havos.cz\/en\/#\/schema\/logo\/image\/","url":"https:\/\/i0.wp.com\/www.havos.cz\/wp-content\/uploads\/2020\/03\/logo.jpg?fit=274%2C33&ssl=1","contentUrl":"https:\/\/i0.wp.com\/www.havos.cz\/wp-content\/uploads\/2020\/03\/logo.jpg?fit=274%2C33&ssl=1","width":274,"height":33,"caption":"Havos s.r.o."},"image":{"@id":"https:\/\/www.havos.cz\/en\/#\/schema\/logo\/image\/"}}]}},"_links":{"self":[{"href":"https:\/\/www.havos.cz\/de\/wp-json\/wp\/v2\/pages\/13535","targetHints":{"allow":["GET"]}}],"collection":[{"href":"https:\/\/www.havos.cz\/de\/wp-json\/wp\/v2\/pages"}],"about":[{"href":"https:\/\/www.havos.cz\/de\/wp-json\/wp\/v2\/types\/page"}],"author":[{"embeddable":true,"href":"https:\/\/www.havos.cz\/de\/wp-json\/wp\/v2\/users\/3"}],"replies":[{"embeddable":true,"href":"https:\/\/www.havos.cz\/de\/wp-json\/wp\/v2\/comments?post=13535"}],"version-history":[{"count":0,"href":"https:\/\/www.havos.cz\/de\/wp-json\/wp\/v2\/pages\/13535\/revisions"}],"wp:attachment":[{"href":"https:\/\/www.havos.cz\/de\/wp-json\/wp\/v2\/media?parent=13535"}],"curies":[{"name":"wp","href":"https:\/\/api.w.org\/{rel}","templated":true}]}}