{"id":13524,"date":"2018-12-30T22:29:37","date_gmt":"2018-12-30T22:29:37","guid":{"rendered":"https:\/\/www.havos.cz\/?page_id=13524"},"modified":"2020-05-19T07:59:38","modified_gmt":"2020-05-19T07:59:38","slug":"produkten","status":"publish","type":"page","link":"https:\/\/www.havos.cz\/de\/produkten\/","title":{"rendered":"Produkten"},"content":{"rendered":"<p>[vc_row][vc_column][vc_column_text]Die Produktreihen unseres Unternehmens werden jedes Jahr erweitert. Derzeit bieten wir unseren Kunden Abschlussleisten f\u00fcr Fliesen an \u2013 Metall-, Kunststoff- oder \u00dcbergangsleisten. Seit vielen Jahren stellen wir auch Inspektions- und Magnett\u00fcren oder Magnete f\u00fcr Fliesen her.[\/vc_column_text][\/vc_column][\/vc_row][vc_row css=&#8220;.vc_custom_1585128131637{margin-top: 0px !important;padding-top: 25px !important;padding-bottom: 0px !important;}&#8220;][vc_column width=&#8220;1\/3&#8243; el_class=&#8220;boxyhp&#8220;]<a href=\"http:\/\/www.havos.cz\/de\/produktkategorie\/metallleisten\/\" title=\"\"  data-id=\"mpc_icon_column-7269ece6f10075f\" class=\"mpc-icon-column mpc-init mpc-parent-hover mpc-transition mpc-animation mpc-icon-column--style_1 mpc-align--center \"  data-animation-in=\"transition.fadeIn||1400||0||100\"><div data-id=\"mpc_icon-8269ece6f101315\" class=\"mpc-icon mpc-init mpc-transition mpc-effect-none mpc-icon--image \"><div class=\"mpc-icon-wrap\"><i class=\"mpc-icon-part mpc-regular mpc-transition \"><img loading=\"lazy\" decoding=\"async\" width=\"368\" height=\"149\" src=\"https:\/\/www.havos.cz\/wp-content\/uploads\/2020\/03\/kov.jpg\" class=\"attachment-full\" alt=\"\" srcset=\"https:\/\/www.havos.cz\/wp-content\/uploads\/2020\/03\/kov.jpg 368w, https:\/\/www.havos.cz\/wp-content\/uploads\/2020\/03\/kov-300x121.jpg 300w, https:\/\/www.havos.cz\/wp-content\/uploads\/2020\/03\/kov-260x105.jpg 260w, https:\/\/www.havos.cz\/wp-content\/uploads\/2020\/03\/kov-50x20.jpg 50w, https:\/\/www.havos.cz\/wp-content\/uploads\/2020\/03\/kov-150x61.jpg 150w\" sizes=\"auto, (max-width:767px) 368px, 368px\" \/><\/i><\/div><\/div><div class=\"mpc-icon-column__content-wrap\"><div class=\"mpc-icon-column__content\"><h3 class=\"mpc-icon-column__heading mpc-typography--preset_1 mpc-transition\">Metalleisten<\/h3><\/div><\/div><\/a>[vc_empty_space height=&#8220;30px&#8220; css=&#8220;.vc_custom_1585128452961{margin: 0px !important;padding: 0px !important;}&#8220;][\/vc_column][vc_column width=&#8220;1\/3&#8243; el_class=&#8220;boxyhp&#8220;]<a href=\"https:\/\/www.havos.cz\/de\/produktkategorie\/kunstoffleisten\/\" title=\"\"  data-id=\"mpc_icon_column-6569ece6f10147c\" class=\"mpc-icon-column mpc-init mpc-parent-hover mpc-transition mpc-animation mpc-icon-column--style_1 mpc-align--center \"  data-animation-in=\"transition.fadeIn||1400||0||100\"><div data-id=\"mpc_icon-2369ece6f101df4\" class=\"mpc-icon mpc-init mpc-transition mpc-effect-none mpc-icon--image \"><div class=\"mpc-icon-wrap\"><i class=\"mpc-icon-part mpc-regular mpc-transition \"><img loading=\"lazy\" decoding=\"async\" width=\"368\" height=\"149\" src=\"https:\/\/www.havos.cz\/wp-content\/uploads\/2020\/03\/plast.jpg\" class=\"attachment-full\" alt=\"\" srcset=\"https:\/\/www.havos.cz\/wp-content\/uploads\/2020\/03\/plast.jpg 368w, https:\/\/www.havos.cz\/wp-content\/uploads\/2020\/03\/plast-300x121.jpg 300w, https:\/\/www.havos.cz\/wp-content\/uploads\/2020\/03\/plast-260x105.jpg 260w, https:\/\/www.havos.cz\/wp-content\/uploads\/2020\/03\/plast-50x20.jpg 50w, https:\/\/www.havos.cz\/wp-content\/uploads\/2020\/03\/plast-150x61.jpg 150w\" sizes=\"auto, (max-width:767px) 368px, 368px\" \/><\/i><\/div><\/div><div class=\"mpc-icon-column__content-wrap\"><div class=\"mpc-icon-column__content\"><h3 class=\"mpc-icon-column__heading mpc-typography--preset_1 mpc-transition\">Kunstoffleisten<\/h3><\/div><\/div><\/a>[vc_empty_space height=&#8220;30px&#8220; css=&#8220;.vc_custom_1585128452961{margin: 0px !important;padding: 0px !important;}&#8220;][\/vc_column][vc_column width=&#8220;1\/3&#8243; el_class=&#8220;boxyhp&#8220;]<a href=\"http:\/\/www.havos.cz\/de\/produktkategorie\/transitionleisten\/\" title=\"\"  data-id=\"mpc_icon_column-8869ece6f101f3c\" class=\"mpc-icon-column mpc-init mpc-parent-hover mpc-transition mpc-animation mpc-icon-column--style_1 mpc-align--center \"  data-animation-in=\"transition.fadeIn||1400||0||100\"><div data-id=\"mpc_icon-1469ece6f10289d\" class=\"mpc-icon mpc-init mpc-transition mpc-effect-none mpc-icon--image \"><div class=\"mpc-icon-wrap\"><i class=\"mpc-icon-part mpc-regular mpc-transition \"><img loading=\"lazy\" decoding=\"async\" width=\"368\" height=\"149\" src=\"https:\/\/www.havos.cz\/wp-content\/uploads\/2020\/03\/prechod-profil.jpg\" class=\"attachment-full\" alt=\"\" srcset=\"https:\/\/www.havos.cz\/wp-content\/uploads\/2020\/03\/prechod-profil.jpg 368w, https:\/\/www.havos.cz\/wp-content\/uploads\/2020\/03\/prechod-profil-300x121.jpg 300w, https:\/\/www.havos.cz\/wp-content\/uploads\/2020\/03\/prechod-profil-260x105.jpg 260w, https:\/\/www.havos.cz\/wp-content\/uploads\/2020\/03\/prechod-profil-50x20.jpg 50w, https:\/\/www.havos.cz\/wp-content\/uploads\/2020\/03\/prechod-profil-150x61.jpg 150w\" sizes=\"auto, (max-width:767px) 368px, 368px\" \/><\/i><\/div><\/div><div class=\"mpc-icon-column__content-wrap\"><div class=\"mpc-icon-column__content\"><h3 class=\"mpc-icon-column__heading mpc-typography--preset_1 mpc-transition\">Transitionleisten<\/h3><\/div><\/div><\/a>[vc_empty_space height=&#8220;30px&#8220; css=&#8220;.vc_custom_1585128452961{margin: 0px !important;padding: 0px !important;}&#8220;][\/vc_column][\/vc_row][vc_row css=&#8220;.vc_custom_1585128183399{margin-top: 0px !important;padding-top: 0px !important;padding-bottom: 60px !important;}&#8220;][vc_column width=&#8220;1\/6&#8243; el_class=&#8220;boxyhp&#8220;][\/vc_column][vc_column width=&#8220;1\/3&#8243; el_class=&#8220;boxyhp&#8220;]<a href=\"https:\/\/www.havos.cz\/de\/produktkategorie\/revisionstur-magneten\/\" title=\"\"  data-id=\"mpc_icon_column-2669ece6f1029eb\" class=\"mpc-icon-column mpc-init mpc-parent-hover mpc-transition mpc-animation mpc-icon-column--style_1 mpc-align--center \"  data-animation-in=\"transition.fadeIn||1400||0||100\"><div data-id=\"mpc_icon-7669ece6f1035f5\" class=\"mpc-icon mpc-init mpc-transition mpc-effect-none mpc-icon--image \"><div class=\"mpc-icon-wrap\"><i class=\"mpc-icon-part mpc-regular mpc-transition \"><img loading=\"lazy\" decoding=\"async\" width=\"368\" height=\"149\" src=\"https:\/\/www.havos.cz\/wp-content\/uploads\/2020\/03\/dvirka.jpg\" class=\"attachment-full\" alt=\"\" srcset=\"https:\/\/www.havos.cz\/wp-content\/uploads\/2020\/03\/dvirka.jpg 368w, https:\/\/www.havos.cz\/wp-content\/uploads\/2020\/03\/dvirka-300x121.jpg 300w, https:\/\/www.havos.cz\/wp-content\/uploads\/2020\/03\/dvirka-260x105.jpg 260w, https:\/\/www.havos.cz\/wp-content\/uploads\/2020\/03\/dvirka-50x20.jpg 50w, https:\/\/www.havos.cz\/wp-content\/uploads\/2020\/03\/dvirka-150x61.jpg 150w\" sizes=\"auto, (max-width:767px) 368px, 368px\" \/><\/i><\/div><\/div><div class=\"mpc-icon-column__content-wrap\"><div class=\"mpc-icon-column__content\"><div class=\"mpc-icon-column__description mpc-typography--preset_1 mpc-transition\"><p>Magnete und Inspektionst\u00fcren<\/p>\n<\/div><\/div><\/div><\/a>[vc_empty_space height=&#8220;30px&#8220; css=&#8220;.vc_custom_1585128452961{margin: 0px !important;padding: 0px !important;}&#8220;][\/vc_column][vc_column width=&#8220;1\/3&#8243; el_class=&#8220;boxyhp&#8220;]<a href=\"https:\/\/www.havos.cz\/de\/produktkategorie\/kunststoffkeile\/\" title=\"\"  data-id=\"mpc_icon_column-6869ece6f103800\" class=\"mpc-icon-column mpc-init mpc-parent-hover mpc-transition mpc-animation mpc-icon-column--style_1 mpc-align--center \"  data-animation-in=\"transition.fadeIn||1400||0||100\"><div data-id=\"mpc_icon-9969ece6f104249\" class=\"mpc-icon mpc-init mpc-transition mpc-effect-none mpc-icon--image \"><div class=\"mpc-icon-wrap\"><i class=\"mpc-icon-part mpc-regular mpc-transition \"><img loading=\"lazy\" decoding=\"async\" width=\"368\" height=\"149\" src=\"https:\/\/www.havos.cz\/wp-content\/uploads\/2020\/03\/krizky.jpg\" class=\"attachment-full\" alt=\"\" srcset=\"https:\/\/www.havos.cz\/wp-content\/uploads\/2020\/03\/krizky.jpg 368w, https:\/\/www.havos.cz\/wp-content\/uploads\/2020\/03\/krizky-300x121.jpg 300w, https:\/\/www.havos.cz\/wp-content\/uploads\/2020\/03\/krizky-260x105.jpg 260w, https:\/\/www.havos.cz\/wp-content\/uploads\/2020\/03\/krizky-50x20.jpg 50w, https:\/\/www.havos.cz\/wp-content\/uploads\/2020\/03\/krizky-150x61.jpg 150w\" sizes=\"auto, (max-width:767px) 368px, 368px\" \/><\/i><\/div><\/div><div class=\"mpc-icon-column__content-wrap\"><div class=\"mpc-icon-column__content\"><div class=\"mpc-icon-column__description mpc-typography--preset_1 mpc-transition\"><p>Kunststoffkeile<\/p>\n<\/div><\/div><\/div><\/a>[\/vc_column][vc_column width=&#8220;1\/6&#8243;][\/vc_column][\/vc_row][vc_row][vc_column][vc_column_text]Nicht zuletzt umfasst unser Sortiment Kleinteile f\u00fcr die Bauindustrie, darunter vor allem Kunststoffkreuze oder -keile. Bei der Auswahl der Produkte beraten wir Sie gerne oder bieten technischen Support.[\/vc_column_text][\/vc_column][\/vc_row][vc_row disable_element=&#8220;yes&#8220;][vc_column]<div id=\"mpc_wc_grid_products_7669ece6f109e9c\" class=\"mpc-wc-grid-products mpc-init mpc-init mpc-transition mpc--force-replace mpc--floating-box \"  data-grid-cols=\"3\" data-buttons-effect=\"\" data-content-effect=\"fade-in\" data-thumb-effects=\"none|none\" data-thumb-positions=\"middle:center|middle:center\"><div class=\"mpc-grid-sizer\"><\/div><div class=\"mpc-wc-product mpc-effect--zoomIn\"><div class=\"mpc-product__wrapper\"><div class=\"mpc-product__thumb-wrap\" style=\"\"><div data-mpc_link=\"https:\/\/www.havos.cz\/de\/produkt\/b09d-dilatation-profil-vulkanisiert\/\" class=\"mpc-product__thumb mpc-effect--target\" style=\"background-image: url(https:\/\/www.havos.cz\/wp-content\/uploads\/2020\/02\/b09d-dilatacni-profil.jpg);\"><\/div><\/div><div class=\"mpc-flex\"><div class=\"mpc-product__content mpc-transition\"><span class=\"mpc-product__heading mpc-transition mpc-typography--preset_1\"><a href=\"https:\/\/www.havos.cz\/de\/produkt\/b09d-dilatation-profil-vulkanisiert\/\" title=\"B09d DILATATION PROFIL VULKANISIERT\">B09d DILATATION PROFIL VULKANISIERT<\/a><\/span><\/div><div class=\"mpc-product__content-hover mpc-transition\"><span class=\"mpc-product__heading mpc-transition mpc-typography--preset_1\"><a href=\"https:\/\/www.havos.cz\/de\/produkt\/b09d-dilatation-profil-vulkanisiert\/\" title=\"B09d DILATATION PROFIL VULKANISIERT\">B09d DILATATION PROFIL VULKANISIERT<\/a><\/span><\/div><\/div><\/div><\/div><div class=\"mpc-wc-product mpc-effect--zoomIn\"><div class=\"mpc-product__wrapper\"><div class=\"mpc-product__thumb-wrap\" style=\"\"><div data-mpc_link=\"https:\/\/www.havos.cz\/de\/produkt\/a02-inneneckprofil\/\" class=\"mpc-product__thumb mpc-effect--target\" style=\"background-image: url(https:\/\/www.havos.cz\/wp-content\/uploads\/2020\/01\/a02-1024x434.jpg);\"><\/div><\/div><div class=\"mpc-flex\"><div class=\"mpc-product__content mpc-transition\"><span class=\"mpc-product__heading mpc-transition mpc-typography--preset_1\"><a href=\"https:\/\/www.havos.cz\/de\/produkt\/a02-inneneckprofil\/\" title=\"A02 INNENECKPROFIL\">A02 INNENECKPROFIL<\/a><\/span><\/div><div class=\"mpc-product__content-hover mpc-transition\"><span class=\"mpc-product__heading mpc-transition mpc-typography--preset_1\"><a href=\"https:\/\/www.havos.cz\/de\/produkt\/a02-inneneckprofil\/\" title=\"A02 INNENECKPROFIL\">A02 INNENECKPROFIL<\/a><\/span><\/div><\/div><\/div><\/div><div class=\"mpc-wc-product mpc-effect--zoomIn\"><div class=\"mpc-product__wrapper\"><div class=\"mpc-product__thumb-wrap\" style=\"\"><div data-mpc_link=\"https:\/\/www.havos.cz\/de\/produkt\/a17-podlahovy-profil-obvodovy\/\" class=\"mpc-product__thumb mpc-effect--target\" style=\"background-image: url(https:\/\/www.havos.cz\/wp-content\/uploads\/2020\/01\/a17_-1024x907.jpg);\"><\/div><\/div><div class=\"mpc-flex\"><div class=\"mpc-product__content mpc-transition\"><span class=\"mpc-product__heading mpc-transition mpc-typography--preset_1\"><a href=\"https:\/\/www.havos.cz\/de\/produkt\/a17-podlahovy-profil-obvodovy\/\" title=\"A17 UMFANG BODENPROFIL\">A17 UMFANG BODENPROFIL<\/a><\/span><\/div><div class=\"mpc-product__content-hover mpc-transition\"><span class=\"mpc-product__heading mpc-transition mpc-typography--preset_1\"><a href=\"https:\/\/www.havos.cz\/de\/produkt\/a17-podlahovy-profil-obvodovy\/\" title=\"A17 UMFANG BODENPROFIL\">A17 UMFANG BODENPROFIL<\/a><\/span><\/div><\/div><\/div><\/div><div class=\"mpc-wc-product mpc-effect--zoomIn\"><div class=\"mpc-product__wrapper\"><div class=\"mpc-product__thumb-wrap\" style=\"\"><div data-mpc_link=\"https:\/\/www.havos.cz\/de\/produkt\/b15a-listela-pvd\/\" class=\"mpc-product__thumb mpc-effect--target\" style=\"background-image: url(https:\/\/www.havos.cz\/wp-content\/uploads\/2025\/06\/u-zabudovane-bronz-1024x434.jpg);\"><\/div><\/div><div class=\"mpc-flex\"><div class=\"mpc-product__content mpc-transition\"><span class=\"mpc-product__heading mpc-transition mpc-typography--preset_1\"><a href=\"https:\/\/www.havos.cz\/de\/produkt\/b15a-listela-pvd\/\" title=\"B15a LISTEL PVD\">B15a LISTEL PVD<\/a><\/span><\/div><div class=\"mpc-product__content-hover mpc-transition\"><span class=\"mpc-product__heading mpc-transition mpc-typography--preset_1\"><a href=\"https:\/\/www.havos.cz\/de\/produkt\/b15a-listela-pvd\/\" title=\"B15a LISTEL PVD\">B15a LISTEL PVD<\/a><\/span><\/div><\/div><\/div><\/div><div class=\"mpc-wc-product mpc-effect--zoomIn\"><div class=\"mpc-product__wrapper\"><div class=\"mpc-product__thumb-wrap\" style=\"\"><div data-mpc_link=\"https:\/\/www.havos.cz\/de\/produkt\/a13-inneneckhaube-profil-mit-zusatzlichen-klebeband\/\" class=\"mpc-product__thumb mpc-effect--target\" style=\"background-image: url(https:\/\/www.havos.cz\/wp-content\/uploads\/2020\/01\/a13-1024x434.jpg);\"><\/div><\/div><div class=\"mpc-flex\"><div class=\"mpc-product__content mpc-transition\"><span class=\"mpc-product__heading mpc-transition mpc-typography--preset_1\"><a href=\"https:\/\/www.havos.cz\/de\/produkt\/a13-inneneckhaube-profil-mit-zusatzlichen-klebeband\/\" title=\"A13 INNENECKHAUBE PROFIL MIT ZUS\u00c4TZLICHEN KLEBEBAND\">A13 INNENECKHAUBE PROFIL MIT ZUS\u00c4TZLICHEN KLEBEBAND<\/a><\/span><\/div><div class=\"mpc-product__content-hover mpc-transition\"><span class=\"mpc-product__heading mpc-transition mpc-typography--preset_1\"><a href=\"https:\/\/www.havos.cz\/de\/produkt\/a13-inneneckhaube-profil-mit-zusatzlichen-klebeband\/\" title=\"A13 INNENECKHAUBE PROFIL MIT ZUS\u00c4TZLICHEN KLEBEBAND\">A13 INNENECKHAUBE PROFIL MIT ZUS\u00c4TZLICHEN KLEBEBAND<\/a><\/span><\/div><\/div><\/div><\/div><div class=\"mpc-wc-product mpc-effect--zoomIn\"><div class=\"mpc-product__wrapper\"><div class=\"mpc-product__thumb-wrap\" style=\"\"><div data-mpc_link=\"https:\/\/www.havos.cz\/de\/produkt\/a10-wannenprofil-unter-verfliesung\/\" class=\"mpc-product__thumb mpc-effect--target\" style=\"background-image: url(https:\/\/www.havos.cz\/wp-content\/uploads\/2020\/01\/a10-1024x434.jpg);\"><\/div><\/div><div class=\"mpc-flex\"><div class=\"mpc-product__content mpc-transition\"><span class=\"mpc-product__heading mpc-transition mpc-typography--preset_1\"><a href=\"https:\/\/www.havos.cz\/de\/produkt\/a10-wannenprofil-unter-verfliesung\/\" title=\"A10 WANNENPROFIL UNTER VERFLIESUNG\">A10 WANNENPROFIL UNTER VERFLIESUNG<\/a><\/span><\/div><div class=\"mpc-product__content-hover mpc-transition\"><span class=\"mpc-product__heading mpc-transition mpc-typography--preset_1\"><a href=\"https:\/\/www.havos.cz\/de\/produkt\/a10-wannenprofil-unter-verfliesung\/\" title=\"A10 WANNENPROFIL UNTER VERFLIESUNG\">A10 WANNENPROFIL UNTER VERFLIESUNG<\/a><\/span><\/div><\/div><\/div><\/div><\/div>[\/vc_column][\/vc_row]<\/p>\n","protected":false},"excerpt":{"rendered":"<p>[vc_row][vc_column][vc_column_text]Die Produktreihen unseres Unternehmens werden jedes Jahr erweitert. Derzeit bieten wir unseren Kunden Abschlussleisten f\u00fcr Fliesen an \u2013 Metall-, Kunststoff- oder \u00dcbergangsleisten. Seit vielen Jahren stellen<\/p>\n","protected":false},"author":1,"featured_media":0,"parent":0,"menu_order":0,"comment_status":"closed","ping_status":"closed","template":"","meta":{"_acf_changed":false,"footnotes":"","_links_to":"","_links_to_target":""},"class_list":["post-13524","page","type-page","status-publish","hentry"],"acf":[],"yoast_head":"<!-- This site is optimized with the Yoast SEO plugin v26.4 - https:\/\/yoast.com\/wordpress\/plugins\/seo\/ -->\n<title>Produkten - Havos<\/title>\n<meta name=\"robots\" content=\"index, follow, max-snippet:-1, max-image-preview:large, max-video-preview:-1\" \/>\n<link rel=\"canonical\" href=\"https:\/\/www.havos.cz\/produkty\/\" \/>\n<meta property=\"og:locale\" content=\"de_DE\" \/>\n<meta property=\"og:type\" content=\"article\" \/>\n<meta property=\"og:title\" content=\"Produkten - Havos\" \/>\n<meta property=\"og:description\" content=\"[vc_row][vc_column][vc_column_text]Die Produktreihen unseres Unternehmens werden jedes Jahr erweitert. Derzeit bieten wir unseren Kunden Abschlussleisten f\u00fcr Fliesen an \u2013 Metall-, Kunststoff- oder \u00dcbergangsleisten. Seit vielen Jahren stellen\" \/>\n<meta property=\"og:url\" content=\"https:\/\/www.havos.cz\/produkty\/\" \/>\n<meta property=\"og:site_name\" content=\"Havos\" \/>\n<meta property=\"article:modified_time\" content=\"2020-05-19T07:59:38+00:00\" \/>\n<meta name=\"twitter:card\" content=\"summary_large_image\" \/>\n<meta name=\"twitter:label1\" content=\"Gesch\u00e4tzte Lesezeit\" \/>\n\t<meta name=\"twitter:data1\" content=\"7\u00a0Minuten\" \/>\n<script type=\"application\/ld+json\" class=\"yoast-schema-graph\">{\"@context\":\"https:\/\/schema.org\",\"@graph\":[{\"@type\":\"WebPage\",\"@id\":\"https:\/\/www.havos.cz\/produkty\/\",\"url\":\"https:\/\/www.havos.cz\/produkty\/\",\"name\":\"Produkten - Havos\",\"isPartOf\":{\"@id\":\"https:\/\/www.havos.cz\/en\/#website\"},\"datePublished\":\"2018-12-30T22:29:37+00:00\",\"dateModified\":\"2020-05-19T07:59:38+00:00\",\"breadcrumb\":{\"@id\":\"https:\/\/www.havos.cz\/produkty\/#breadcrumb\"},\"inLanguage\":\"de\",\"potentialAction\":[{\"@type\":\"ReadAction\",\"target\":[\"https:\/\/www.havos.cz\/produkty\/\"]}]},{\"@type\":\"BreadcrumbList\",\"@id\":\"https:\/\/www.havos.cz\/produkty\/#breadcrumb\",\"itemListElement\":[{\"@type\":\"ListItem\",\"position\":1,\"name\":\"Home\",\"item\":\"https:\/\/www.havos.cz\/de\/\"},{\"@type\":\"ListItem\",\"position\":2,\"name\":\"Produkten\"}]},{\"@type\":\"WebSite\",\"@id\":\"https:\/\/www.havos.cz\/en\/#website\",\"url\":\"https:\/\/www.havos.cz\/en\/\",\"name\":\"Havos\",\"description\":\"Li\u0161ty vyr\u00e1b\u011bn\u00e9 z hlin\u00edku, mosazi, oceli a PVC\",\"publisher\":{\"@id\":\"https:\/\/www.havos.cz\/en\/#organization\"},\"potentialAction\":[{\"@type\":\"SearchAction\",\"target\":{\"@type\":\"EntryPoint\",\"urlTemplate\":\"https:\/\/www.havos.cz\/en\/?s={search_term_string}\"},\"query-input\":{\"@type\":\"PropertyValueSpecification\",\"valueRequired\":true,\"valueName\":\"search_term_string\"}}],\"inLanguage\":\"de\"},{\"@type\":\"Organization\",\"@id\":\"https:\/\/www.havos.cz\/en\/#organization\",\"name\":\"Havos s.r.o.\",\"url\":\"https:\/\/www.havos.cz\/en\/\",\"logo\":{\"@type\":\"ImageObject\",\"inLanguage\":\"de\",\"@id\":\"https:\/\/www.havos.cz\/en\/#\/schema\/logo\/image\/\",\"url\":\"https:\/\/i0.wp.com\/www.havos.cz\/wp-content\/uploads\/2020\/03\/logo.jpg?fit=274%2C33&ssl=1\",\"contentUrl\":\"https:\/\/i0.wp.com\/www.havos.cz\/wp-content\/uploads\/2020\/03\/logo.jpg?fit=274%2C33&ssl=1\",\"width\":274,\"height\":33,\"caption\":\"Havos s.r.o.\"},\"image\":{\"@id\":\"https:\/\/www.havos.cz\/en\/#\/schema\/logo\/image\/\"}}]}<\/script>\n<!-- \/ Yoast SEO plugin. -->","yoast_head_json":{"title":"Produkten - Havos","robots":{"index":"index","follow":"follow","max-snippet":"max-snippet:-1","max-image-preview":"max-image-preview:large","max-video-preview":"max-video-preview:-1"},"canonical":"https:\/\/www.havos.cz\/produkty\/","og_locale":"de_DE","og_type":"article","og_title":"Produkten - Havos","og_description":"[vc_row][vc_column][vc_column_text]Die Produktreihen unseres Unternehmens werden jedes Jahr erweitert. Derzeit bieten wir unseren Kunden Abschlussleisten f\u00fcr Fliesen an \u2013 Metall-, Kunststoff- oder \u00dcbergangsleisten. Seit vielen Jahren stellen","og_url":"https:\/\/www.havos.cz\/produkty\/","og_site_name":"Havos","article_modified_time":"2020-05-19T07:59:38+00:00","twitter_card":"summary_large_image","twitter_misc":{"Gesch\u00e4tzte Lesezeit":"7\u00a0Minuten"},"schema":{"@context":"https:\/\/schema.org","@graph":[{"@type":"WebPage","@id":"https:\/\/www.havos.cz\/produkty\/","url":"https:\/\/www.havos.cz\/produkty\/","name":"Produkten - Havos","isPartOf":{"@id":"https:\/\/www.havos.cz\/en\/#website"},"datePublished":"2018-12-30T22:29:37+00:00","dateModified":"2020-05-19T07:59:38+00:00","breadcrumb":{"@id":"https:\/\/www.havos.cz\/produkty\/#breadcrumb"},"inLanguage":"de","potentialAction":[{"@type":"ReadAction","target":["https:\/\/www.havos.cz\/produkty\/"]}]},{"@type":"BreadcrumbList","@id":"https:\/\/www.havos.cz\/produkty\/#breadcrumb","itemListElement":[{"@type":"ListItem","position":1,"name":"Home","item":"https:\/\/www.havos.cz\/de\/"},{"@type":"ListItem","position":2,"name":"Produkten"}]},{"@type":"WebSite","@id":"https:\/\/www.havos.cz\/en\/#website","url":"https:\/\/www.havos.cz\/en\/","name":"Havos","description":"Li\u0161ty vyr\u00e1b\u011bn\u00e9 z hlin\u00edku, mosazi, oceli a PVC","publisher":{"@id":"https:\/\/www.havos.cz\/en\/#organization"},"potentialAction":[{"@type":"SearchAction","target":{"@type":"EntryPoint","urlTemplate":"https:\/\/www.havos.cz\/en\/?s={search_term_string}"},"query-input":{"@type":"PropertyValueSpecification","valueRequired":true,"valueName":"search_term_string"}}],"inLanguage":"de"},{"@type":"Organization","@id":"https:\/\/www.havos.cz\/en\/#organization","name":"Havos s.r.o.","url":"https:\/\/www.havos.cz\/en\/","logo":{"@type":"ImageObject","inLanguage":"de","@id":"https:\/\/www.havos.cz\/en\/#\/schema\/logo\/image\/","url":"https:\/\/i0.wp.com\/www.havos.cz\/wp-content\/uploads\/2020\/03\/logo.jpg?fit=274%2C33&ssl=1","contentUrl":"https:\/\/i0.wp.com\/www.havos.cz\/wp-content\/uploads\/2020\/03\/logo.jpg?fit=274%2C33&ssl=1","width":274,"height":33,"caption":"Havos s.r.o."},"image":{"@id":"https:\/\/www.havos.cz\/en\/#\/schema\/logo\/image\/"}}]}},"_links":{"self":[{"href":"https:\/\/www.havos.cz\/de\/wp-json\/wp\/v2\/pages\/13524","targetHints":{"allow":["GET"]}}],"collection":[{"href":"https:\/\/www.havos.cz\/de\/wp-json\/wp\/v2\/pages"}],"about":[{"href":"https:\/\/www.havos.cz\/de\/wp-json\/wp\/v2\/types\/page"}],"author":[{"embeddable":true,"href":"https:\/\/www.havos.cz\/de\/wp-json\/wp\/v2\/users\/1"}],"replies":[{"embeddable":true,"href":"https:\/\/www.havos.cz\/de\/wp-json\/wp\/v2\/comments?post=13524"}],"version-history":[{"count":0,"href":"https:\/\/www.havos.cz\/de\/wp-json\/wp\/v2\/pages\/13524\/revisions"}],"wp:attachment":[{"href":"https:\/\/www.havos.cz\/de\/wp-json\/wp\/v2\/media?parent=13524"}],"curies":[{"name":"wp","href":"https:\/\/api.w.org\/{rel}","templated":true}]}}